{"id":1039,"date":"2021-01-27T01:20:14","date_gmt":"2021-01-27T00:20:14","guid":{"rendered":"https:\/\/fla.com.co\/?page_id=1039"},"modified":"2023-11-07T16:29:53","modified_gmt":"2023-11-07T15:29:53","slug":"circulares-2","status":"publish","type":"page","link":"https:\/\/dev.smk.agency\/fla\/circulares-2\/","title":{"rendered":"Circulares"},"content":{"rendered":"\n<p><\/p>\n\n\n\n<p class=\"has-text-align-center\">En los siguientes enlaces encontrar\u00e1 los actos administrativos de car\u00e1cter general:<\/p>\n\n\n\n<p><link rel=\"stylesheet\" href=\"https:\/\/use.fontawesome.com\/releases\/v5.7.0\/css\/all.css\" integrity=\"sha384-lZN37f5QGtY3VHgisS14W3ExzMWZxybE1SJSEsQp9S+oqd12jhcu+A56Ebc1zFSJ\" crossorigin=\"anonymous\">\n<link rel=\"stylesheet\" type=\"text\/css\" href=\"https:\/\/cdn.datatables.net\/1.11.4\/css\/jquery.dataTables.css\">\n<link rel=\"preconnect\" href=\"https:\/\/fonts.googleapis.com\">\n<link rel=\"preconnect\" href=\"https:\/\/fonts.gstatic.com\" crossorigin=\"\">\n<link href=\"https:\/\/fonts.googleapis.com\/css2?family=Roboto:ital,wght@0,100;0,300;0,400;0,500;0,700;0,900;1,100;1,300;1,400;1,500;1,700;1,900&amp;display=swap\" rel=\"stylesheet\">\n<script src=\"https:\/\/kit.fontawesome.com\/5965e54bdf.js\" crossorigin=\"anonymous\"><\/script>\n\n<style>\n.modal-body.accion li a {\n    font-size: 14px;\n    text-decoration: none;\n    color: #333!important;\n    \/* text-align: left; *\/\n    float: left;\n}\nh5#exampleModalLabel {\n    color: #0f8a44;\n    font-family: Taviraj-Bold;\n}\n.anterior_ a {\n    color: #0f8a44;\n    \/* margin-top: 93px; *\/\n    font-size: 25px;\n}\n.anterior_ {\n    margin-top: 30px;\n}\n.modal-body img {\n    size: 9%!important;\n    width: 10%;\n}\n.modal-body {\n    font-size: 37px;\n    font-family: Roboto-Light;\n    text-align: center;\n}\n.titulo_ppal h2 {\n    border-radius: 15px 15px 0px 0px;\n    background-color: #CCC;\n    padding: 10px;\n    font-weight: bold!important;\n    text-transform: capitalize!important;\n}\n.separador {\n    border-bottom: 1px solid #ccc;\n}\nh4.titulo_h4 {\n    text-align: left;\n    background-color: #F5f5f5;\n    padding: 5px;\n    text-transform: capitalize!important;\n    text-align: left!important;\n}\n.card-body.verde li a {\n    color: inherit;\n}\n.card {\nmargin-bottom: 10px;\n}\n.titulo_ppal h2 {\n    color: #333!important;\n    font-family: Roboto-Regular!important;\n}\na.verde {\n    color: #0f8a44;\n}\na.blanco {\n    color: #fff;\n}\n::marker {\n    display: none;\n    color: white;\n}\n.listado ul li a {\n    font-size: 14px;\n    text-decoration: none;\n}\nh4.titulo_h4, .titulo_ppal {\n    text-align: center;\n}\n.card-header.verde h5 button {\n    color: #fff;\n    font-size: 25px;\n}\n.card-header.blanco h5 button {\n    color: #0f8a44;\n    font-size: 25px;\n}\n.panel.panel-default.verde li a {\n    color: #fff;\n    font-size: 14px;\n}\n.card-body.verde li a, .listado li a {\n    color: #333!important;\n}\n.card-body.blanco li a {\n    color: #0f8a44;\n}\n.panel.panel-default.blanco li a {\n    color: #0f8a44;\n    font-size: 14px;\n}\n.panel-group .panel {\n    margin-bottom: 0;\n    border-radius: 4px;\n}\n.panel-default {\n    border-color: #ddd;\n}\n.panel {\n    margin-bottom: 20px;\n    background-color: transparent;\n    border: 1px solid transparent;\n    border-radius: 4px;\n    -webkit-box-shadow: 0 1px 1px rgb(0 0 0 \/ 5%);\n    box-shadow: 0 1px 1px rgb(0 0 0 \/ 5%);\n}\n.panel-default>.panel-heading {\n    color: #333;\n    background-color: #f5f5f5;\n    border-color: #ddd;\n}\n.panel-title {\n    margin-top: 0;\n    font-size: 16px;\n}\n.main .container-main .container-page h4 {\n    font-size: 19px;\n}\n.panel.panel-default.verde, .card-header.verde {\n    background-color: #0f8a44;\n}\ndiv.panel-heading.verde {\n    background-color: #0f8a44;\n}\nh4.panel-title.blanco a {\n    color: #fff;\n    margin-left: 11px;\n}\n.panel.panel-default.blanco, .card-header.blanco {\n    background-color: #fff;\n}\ndiv.panel-heading.blanco {\n    background-color: #fff;\n    border: 1px solid #0f8a44;\n    border-radius: 5px;\n}\nh4.panel-title.verde a {\n    color: #0f8a44;\n    margin-left: 11px;\n}\n.main .container-main .container-page h4 {\n    margin-bottom: 0px;\n}\n.modal-content.otro {\n    width: 590px;\n}\ntd.des {\ntext-align: center;\nwidth: 7%;\nfont-family: Roboto-Light;\ncolor: #323232;\n}\ntd.ano {\ntext-align: center;\nwidth: 7%;\nfont-family: Roboto-Light;\ncolor: #323232;\n}\ntd.plan {\nfont-family: Roboto-Light;\n}\ntd.des a {\ncolor: #323232;\ntext-decoration: none;\n}\ntr.titulos {\nfont-family: Roboto-Light;\ncolor: #0f8a44;\nfont-size: 20px;\n}\nbody {\nfont-family: Roboto-Light;\n}\n.modal-body.accion2 {\n    font-size: 12px;\n}\n.modal-dialog.accion_2 {\n    \/* width: 660px; *\/\n    max-width: 700px;\n}\ntd.plan {\n    text-align: left;\n}\na.blanco {\n    color: #0f8a44!important;\n}\n.card-header.verde h5 button {\n    color: #0f8a44!important;\n    font-size: 25px;\n}\n.card-header.blanco {\n    background-color: #fafafa!important;\n}\n.card-header.verde {\n    background-color: #f1f1f1;}\n.modal-body.accion li a, .modal-body.accion li {\n    font-size: 14px!important;\n    text-decoration: none;\n    color: #333!important;\n    text-align: left!important;\n    float: left!important;\n}\n.modal-body.accion li {\n    width: 100%!important;\n}\nli.verde_ a {\n    color: #0f8a44!important;\n}\n.card-body.blanco li a:hover {\n    color: #0f8a44!important;\n}\nh4.mouse {\n    cursor: pointer;\n}\n<\/style>\n\n\n<table id=\"tabla_oci\" class=\"display\">\n  <thead>\n    <tr class=\"titulos\">\n      <th>Circular<\/th>\n\t\t\t<th>A\u00f1o<\/th>\n      <th>Documento<\/th>\n    <\/tr>\n  <\/thead>\n  <tbody>\n\n\n    <tr>\n    <td data-order=\"1\" class=\"plan\">Informaci\u00f3n para elecci\u00f3n del representante que har\u00e1 parte del Comit\u00e9 de Evaluaci\u00f3n del Programa de Pr\u00e9stamos por Calamidad Dom\u00e9stica para los Trabajadores Oficiales de la F\u00e1brica de Licores y Alcoholes de Antioquia &#8211; EICE.<\/td>\n    <td class=\"ano\">2023<\/td>\n    <td class=\"des\"><a target=\"_blank\" href=\"https:\/\/dev.smk.agency\/fla\/resoluciones\/Circular%202023090000010.pdf\" rel=\"noopener\">Descargar<\/a><\/td>\n    <\/tr>\n\n\n    \n\n    <tr>\n    <td data-order=\"1\" class=\"plan\">Circular 2023090000006 &#8211; Radicaci\u00f3n Informes de Seguimiento<\/td>\n\t\t<td class=\"ano\">2023<\/td>\n    <td class=\"des\"><a target=\"_blank\" href=\"https:\/\/dev.smk.agency\/fla\/resoluciones\/CIRCULAR_2023090000006.pdf\" rel=\"noopener\">Descargar<\/a><\/td>\n    <\/tr>\n\n    <tr>\n<td data-order=\"2\" class=\"plan\">Circular 2023090000005 &#8211; Causaci\u00f3n de cuentas por pagar de la F\u00e1brica de Licores y Alcoholes de Antioquia &#8211; EICE\n<\/td>\n<td class=\"ano\">2023<\/td>\n<td class=\"des\"><a target=\"_blank\" href=\"https:\/\/dev.smk.agency\/fla\/resoluciones\/2023090000005.pdf\" rel=\"noopener\">Descargar<\/a><\/td>\n<\/tr>\n\n<tr>\n<td data-order=\"3\" class=\"plan\">Circular 2023090000004 &#8211; Restricciones con ocasi\u00f3n de la aplicaci\u00f3n de la ley de garant\u00edas electorales por comicios para gobernadores, alcaldes, diputados, concejales y ediles o miembros de las juntas administradoras locales 2023.\n<\/td>\n<td class=\"ano\">2023<\/td>\n<td class=\"des\"><a target=\"_blank\" href=\"https:\/\/dev.smk.agency\/fla\/resoluciones\/2023090000004.pdf\" rel=\"noopener\">Descargar<\/a><\/td>\n<\/tr>\n\n<tr>\n<td data-order=\"4\" class=\"plan\">Circular 2022090000013 &#8211; Lineamientos para la legalizaci\u00f3n de las diferentes clases de tornagu\u00eda que surgen con ocasi\u00f3n de la movilizaci\u00f3n de productos gravados con impuestos al consumo o que sean objeto del monopolio rent\u00edstico de licores\n<\/td>\n<td class=\"ano\">2022<\/td>\n<td class=\"des\"><a target=\"_blank\" href=\"https:\/\/dev.smk.agency\/fla\/circulares\/circular_2022090000013.pdf\" rel=\"noopener\">Descargar<\/a><\/td>\n<\/tr>\n\n<tr>\n<td data-order=\"5\" class=\"plan\">Circular 2021090000026 &#8211; Reglamento Interno de Trabajo\n<\/td>\n<td class=\"ano\">2021<\/td>\n<td class=\"des\"><a target=\"_blank\" href=\"https:\/\/dev.smk.agency\/fla\/circulares\/Circula_2021090000026_Reglamento_Interno_de_Trabajo.pdf\" rel=\"noopener\">Descargar<\/a><\/td>\n<\/tr>\n\n<tr>\n<td data-order=\"6\" class=\"plan\">Circular 2021090000004 &#8211; Socializaci\u00f3n Protocolo de Bioseguridad\n<\/td>\n<td class=\"ano\">2021<\/td>\n<td class=\"des\"><a target=\"_blank\" href=\"https:\/\/dev.smk.agency\/fla\/circulares\/Circular_2021090000004_Socializaciond_el_Protocolo_de_Bioseguridad.pdf\" rel=\"noopener\">Descargar<\/a><\/td>\n<\/tr>\n\n<tr>\n<td data-order=\"7\" class=\"plan\">Protocolo General de Bioseguridad para mitigar, controlar y realizar el adecuado manejo de la pandemia del Coronavirus COVID-19\n<\/td>\n<td class=\"ano\">2021<\/td>\n<td class=\"des\"><a target=\"_blank\" href=\"https:\/\/dev.smk.agency\/fla\/circulares\/Protocolo_de_Bioseguridad_FLA_EICE.pdf\" rel=\"noopener\">Descargar<\/a><\/td>\n<\/tr>\n\n\n\n\n\n\n\n\n  <\/tbody>\n<\/table>\n\n\n\n\n<script type=\"text\/javascript\" src=\"https:\/\/code.jquery.com\/jquery-3.6.0.min.js\"><\/script>\n<script type=\"text\/javascript\" src=\"https:\/\/cdn.datatables.net\/1.11.4\/js\/jquery.dataTables.js\"><\/script>\n\n<script>\n$(document).ready(function() {\n  $('#tabla_oci').DataTable({\n    order: [0, 'asc']\n  });\n});\n<\/script>\n\n\n<script>\n$(document).ready(function() {\n  \/\/ Inicializar la tabla\n  var table = $('#tabla_oci').DataTable();\n\n  \/\/ Agregar un select para filtrar por a\u00f1o\n  var anos = table.column(1).data().unique();\n  var select = $('<select><option value=\"\">Filtrar por a\u00f1o<\/option><\/select>')\n    .appendTo($('#tabla_oci_filter'))\n    .on('change', function() {\n      var val = $(this).val();\n      table.column(1).search(val ? '^'+val+'$' : '', true, false).draw();\n    });\n  anos.each(function(d, j) {\n    select.append('<option value=\"' + d + '\">' + d + '<\/option>')\n  });\n});\n<\/script>\n\n\n\n\n<\/p>\n ","protected":false},"excerpt":{"rendered":"<p>En los siguientes enlaces encontrar\u00e1 los actos administrativos de car\u00e1cter general: Circular A\u00f1o Documento Informaci\u00f3n para elecci\u00f3n del representante que har\u00e1 parte del Comit\u00e9 de Evaluaci\u00f3n del Programa de Pr\u00e9stamos por Calamidad Dom\u00e9stica para los Trabajadores Oficiales de la F\u00e1brica de Licores y Alcoholes de Antioquia &#8211; EICE. 2023 Descargar Circular 2023090000006 &#8211; Radicaci\u00f3n Informes&#8230;  <a class=\"excerpt-read-more\" href=\"https:\/\/dev.smk.agency\/fla\/circulares-2\/\" title=\"Read Circulares\">Leer m\u00e1s &raquo;<\/a><\/p>\n","protected":false},"author":6,"featured_media":0,"parent":0,"menu_order":0,"comment_status":"closed","ping_status":"closed","template":"","meta":{"footnotes":""},"acf":[],"_links":{"self":[{"href":"https:\/\/dev.smk.agency\/fla\/wp-json\/wp\/v2\/pages\/1039"}],"collection":[{"href":"https:\/\/dev.smk.agency\/fla\/wp-json\/wp\/v2\/pages"}],"about":[{"href":"https:\/\/dev.smk.agency\/fla\/wp-json\/wp\/v2\/types\/page"}],"author":[{"embeddable":true,"href":"https:\/\/dev.smk.agency\/fla\/wp-json\/wp\/v2\/users\/6"}],"replies":[{"embeddable":true,"href":"https:\/\/dev.smk.agency\/fla\/wp-json\/wp\/v2\/comments?post=1039"}],"version-history":[{"count":11,"href":"https:\/\/dev.smk.agency\/fla\/wp-json\/wp\/v2\/pages\/1039\/revisions"}],"predecessor-version":[{"id":2852,"href":"https:\/\/dev.smk.agency\/fla\/wp-json\/wp\/v2\/pages\/1039\/revisions\/2852"}],"wp:attachment":[{"href":"https:\/\/dev.smk.agency\/fla\/wp-json\/wp\/v2\/media?parent=1039"}],"curies":[{"name":"wp","href":"https:\/\/api.w.org\/{rel}","templated":true}]}}