{"id":1066,"date":"2021-02-03T16:45:21","date_gmt":"2021-02-03T15:45:21","guid":{"rendered":"https:\/\/fla.com.co\/?page_id=1066"},"modified":"2021-02-03T20:31:34","modified_gmt":"2021-02-03T19:31:34","slug":"historico-contratacion","status":"publish","type":"page","link":"https:\/\/dev.smk.agency\/fla\/historico-contratacion\/","title":{"rendered":"Hist\u00f3rico contrataci\u00f3n"},"content":{"rendered":"\n<style>\n.gris{\n    color: #0f8a44;\n    font-family: 'Roboto-Light';\n    background-color: #dfdfdf;\n    padding: 15px;\n    margin-left: 12px;\n    margin-top: 15px;\n    margin-bottom: 15px;\n    border-radius: 10px;\n}\n.gris a{\n  color: #0f8a44;\n  font-family: 'Roboto-Light';\n}\n<\/style>\n\n\n\n  \n    <div class=\"gris\">\n    <a href=\"https:\/\/dev.smk.agency\/fla\/wp-content\/uploads\/2019\/12\/Resolucio%CC%81n-2019060436605-declaratoria-de-desierto.pdf\" target=\"_blank\" rel=\"noopener\">Resolucio\u0301n 2019060436605 declaratoria de desierto<\/a>\n  <\/div>\n\n  <div class=\"gris\">\n    <a href=\"https:\/\/dev.smk.agency\/fla\/wp-content\/uploads\/2019\/12\/INFORME-COMPLEMENTARIO.pdf\" target=\"_blank\" rel=\"noopener\">Informe complementario<\/a>\n  <\/div>\n\n\n  <div class=\"gris\">\n    <a href=\"https:\/\/dev.smk.agency\/fla\/wp-content\/uploads\/2019\/12\/INFORME-DE-VERIFICACIO%CC%81N-DE-REQUIISITOS-HABILITANTES-CAUCA.pdf\" target=\"_blank\" rel=\"noopener\">Informe de verificaci\u00f3n de requisitos habilitantes<\/a>\n  <\/div>\n\n\n  <div class=\"gris\">\n    <a href=\"https:\/\/dev.smk.agency\/fla\/wp-content\/uploads\/2019\/12\/Acta-de-cierre-y-apertura-de-propuestas.pdf\" target=\"_blank\" rel=\"noopener\"> Acta de cierre y apertura de propuestas<\/a>\n  <\/div>\n\n  <div class=\"gris\">\n    <a href=\"https:\/\/dev.smk.agency\/fla\/wp-content\/uploads\/2019\/11\/resolucion-modificacion-seleccion-comercializadores0.pdf\" target=\"_blank\" rel=\"noopener\">Resoluci\u00f3n modificaci\u00f3n selecci\u00f3n comercializadores <\/a>\n  <\/div>\n\n  <div class=\"gris\">\n    <a href=\"https:\/\/dev.smk.agency\/fla\/wp-content\/uploads\/2019\/11\/Justificacio%CC%81n-PSC-Cauca.pdf\" target=\"_blank\" rel=\"noopener\">Justificacio\u0301n PSC Cauca <\/a>\n  <\/div>\n\n  <div class=\"gris\">\n    <a href=\"https:\/\/dev.smk.agency\/fla\/wp-content\/uploads\/2019\/11\/Invitacio%CC%81n-PSC-Cauca.pdf\" target=\"_blank\" rel=\"noopener\"> Invitacio\u0301n PSC Cauca<\/a>\n  <\/div>\n\n  <div class=\"gris\">\n    <a href=\"https:\/\/dev.smk.agency\/fla\/wp-content\/uploads\/2019\/11\/Comite%CC%81-PSC-Cauca.pdf\" target=\"_blank\" rel=\"noopener\">Comite\u0301 PSC Cauca <\/a>\n  <\/div>\n\n  <div class=\"gris\">\n    <a href=\"https:\/\/dev.smk.agency\/fla\/wp-content\/uploads\/2019\/11\/resolucion-279858-de-20150.pdf\" target=\"_blank\" rel=\"noopener\">Resoluci\u00f3n 279858 de 20150 <\/a>\n  <\/div>\n\n  <div class=\"gris\">\n    <a href=\"https:\/\/dev.smk.agency\/fla\/wp-content\/uploads\/2019\/10\/Resolucio%CC%81n-Declaratoria-de-Desierto-2019060158225.pdf\" target=\"_blank\" rel=\"noopener\">RESOLUCI\u00d3N DECLARATORIA DE DESIERTO <\/a>\n  <\/div>\n\n  <div class=\"gris\">\n    <a href=\"https:\/\/dev.smk.agency\/fla\/wp-content\/uploads\/2019\/09\/image2019-09-23-083303.pdf\" target=\"_blank\" rel=\"noopener\">ADENDA # 2 <\/a>\n  <\/div>\n\n  <div class=\"gris\">\n    <a href=\"https:\/\/dev.smk.agency\/fla\/wp-content\/uploads\/2019\/09\/image2019-09-23-095136.pdf\" target=\"_blank\" rel=\"noopener\">ACTA DE CIERRE Y APERTURAS DE PROPUESTAS <\/a>\n  <\/div>\n\n  <div class=\"gris\">\n    <a href=\"https:\/\/dev.smk.agency\/fla\/wp-content\/uploads\/2019\/09\/image2019-09-20-112020.pdf\" target=\"_blank\" rel=\"noopener\">RESPUESTA DE OBSERVACIONES Y ACLARACIONES <\/a>\n  <\/div>\n\n  <div class=\"gris\">\n    <a href=\"https:\/\/dev.smk.agency\/fla\/wp-content\/uploads\/2019\/09\/ADENDA.pdf\" target=\"_blank\" rel=\"noopener\">ADENDA N. 1 <\/a>\n  <\/div>\n\n  <div class=\"gris\">\n    <a href=\"https:\/\/dev.smk.agency\/fla\/wp-content\/uploads\/2019\/09\/ACTA-DE-CIERRE-MANIFESTACIO%CC%81N-DE-INTERES-1.pdf\" target=\"_blank\" rel=\"noopener\">ACTA DE CIERRE MANIFESTACI\u00d3N DE INTERES <\/a>\n  <\/div>\n\n  <div class=\"gris\">\n    <a href=\"https:\/\/dev.smk.agency\/fla\/wp-content\/uploads\/2019\/08\/ACTA_N.018_Mayo07.pdf\" target=\"_blank\" rel=\"noopener\">ACTA N.018 MAYO 07 <\/a>\n  <\/div>\n\n  <div class=\"gris\">\n    <a href=\"https:\/\/dev.smk.agency\/fla\/wp-content\/uploads\/2019\/08\/RESOLUCION_COMITE_ASESOR_COMERCIALIZADOR_DEL_VALLE.pdf\" target=\"_blank\" rel=\"noopener\">RESOLUCI\u00d3N COMIT\u00c9 ASESOR COMERCIALIZADOR DEL VALLE <\/a>\n  <\/div>\n\n  <div class=\"gris\">\n    <a href=\"https:\/\/dev.smk.agency\/fla\/wp-content\/uploads\/2019\/08\/INVITACION_VALLE1.pdf\" target=\"_blank\" rel=\"noopener\">INVITACI\u00d3N VALLE <\/a>\n  <\/div>\n\n  <div class=\"gris\">\n    <a href=\"https:\/\/dev.smk.agency\/fla\/wp-content\/uploads\/2019\/08\/RESOLUCION_MODIFICACION_SELECCION_COMERCIALIZADORES.pdf\" target=\"_blank\" rel=\"noopener\">RESOLUCI\u00d3N MODIFICACI\u00d3N SELECCI\u00d3N COMERCIALIZADORES <\/a>\n  <\/div>\n\n  <div class=\"gris\">\n    <a href=\"https:\/\/dev.smk.agency\/fla\/wp-content\/uploads\/2019\/08\/JUSTIFICACION_VALLE1.pdf\" target=\"_blank\" rel=\"noopener\">JUSTIFICACI\u00d3N VALLE <\/a>\n  <\/div>\n\n  <div class=\"gris\">\n    <a href=\"https:\/\/dev.smk.agency\/fla\/wp-content\/uploads\/2019\/08\/RESOLUCION_PROCESO_SELECCION_COMERCIALIZADORES.pdf\" target=\"_blank\" rel=\"noopener\">RESOLUCI\u00d3N PROCESO SELECCI\u00d3N COMERCIALIZADORES <\/a>\n  <\/div>\n\n  <div class=\"gris\">\n    <a href=\"https:\/\/dev.smk.agency\/fla\/wp-content\/uploads\/2019\/08\/Permiso_de_Introduccion_Valle.pdf\" target=\"_blank\" rel=\"noopener\">PERMISO DE INTRODUCCI\u00d3N VALLE <\/a>\n  <\/div>\n\n  <div class=\"gris\">\n    <a href=\"https:\/\/dev.smk.agency\/fla\/wp-content\/uploads\/2019\/08\/ACTA_DE_CIERRE_VALLE.pdf\" target=\"_blank\" rel=\"noopener\"> ACTA DE CIERRE VALLE<\/a>\n  <\/div>\n\n  <div class=\"gris\">\n    <a href=\"https:\/\/dev.smk.agency\/fla\/wp-content\/uploads\/2019\/08\/RESPUESTAS_A_LAS_SOLICITUDES_DE_ACLARACION.pdf\" target=\"_blank\" rel=\"noopener\">RESPUESTAS A LAS SOLICITUDES DE ACLARACI\u00d3N <\/a>\n  <\/div>\n\n  <div class=\"gris\">\n    <a href=\"https:\/\/dev.smk.agency\/fla\/wp-content\/uploads\/2019\/08\/MODELO_OFERTA_DE_CONCESION_MERCANTIL.pdf\" target=\"_blank\" rel=\"noopener\">MODELO OFERTA DE CONCESIO\u0301N MERCANTIL <\/a>\n  <\/div>\n\n  <div class=\"gris\">\n    <a href=\"https:\/\/dev.smk.agency\/fla\/wp-content\/uploads\/2019\/08\/ACTA_DE_CIERRE_Y_APERTURA_DE_PROPUESTAS_REQUISITOS_HABILITANTES.pdf\" target=\"_blank\" rel=\"noopener\"> ACTA DE CIERRE Y APERTURA DE PROPUESTAS<\/a>\n  <\/div>\n\n  <div class=\"gris\">\n    <a href=\"https:\/\/dev.smk.agency\/fla\/wp-content\/uploads\/2019\/09\/INFORME_DE_VERIFICACION_DE-REQUIISITOS_HABILITANTES_VALLE.pdf\" target=\"_blank\" rel=\"noopener\">INFORME DE VERIFICACI\u00d3N DE REQUIISITOS HABILITANTES VALLE <\/a>\n  <\/div>\n\n  <div class=\"gris\">\n    <a href=\"https:\/\/dev.smk.agency\/fla\/wp-content\/uploads\/2019\/09\/INFORME_DE_HABILITADOS.pdf\" target=\"_blank\" rel=\"noopener\"> INFORME DE HABILITADOS<\/a>\n  <\/div>\n\n  <div class=\"gris\">\n    <a href=\"https:\/\/dev.smk.agency\/fla\/wp-content\/uploads\/2019\/08\/INVITACION_PROPUESTA_COMERCIAL.pdf\" target=\"_blank\" rel=\"noopener\">INVITACION PROPUESTA COMERCIAL <\/a>\n  <\/div>\n\n  <div class=\"gris\">\n    <a href=\"https:\/\/dev.smk.agency\/fla\/wp-content\/uploads\/2019\/08\/informe_de_evaluacion.pdf\" target=\"_blank\" rel=\"noopener\">INFORME EVALUACION <\/a>\n  <\/div>\n\n  <div class=\"gris\">\n    <a href=\"https:\/\/dev.smk.agency\/fla\/wp-content\/uploads\/2019\/08\/acta_de_cierre_y_apertura_de_propuestas.pdf\" target=\"_blank\" rel=\"noopener\">ACTA DE CIERRE Y APERTURA DE PROPUESTAS <\/a>\n  <\/div>\n\n  <div class=\"gris\">\n    <a href=\"https:\/\/dev.smk.agency\/fla\/wp-content\/uploads\/2019\/08\/Suspension_Estudio_Planes_Promocionales_Feria_de_Flores.pdf\" target=\"_blank\" rel=\"noopener\">SUSPENSI\u00d3N ESTUDIO PLANES PROMOCIONALES FERIA DE FLORES <\/a>\n  <\/div>\n\n  <div class=\"gris\">\n    <a href=\"https:\/\/dev.smk.agency\/fla\/wp-content\/uploads\/2019\/08\/oferta_de_concepsion_mercantil.pdf\" target=\"_blank\" rel=\"noopener\">OFERTA DE CONCESI\u00d3N MERCANTIL ANTIOQUIA EMPRESAR S.A <\/a>\n  <\/div>\n\n  <div class=\"gris\">\n    <a href=\"https:\/\/dev.smk.agency\/fla\/wp-content\/uploads\/2019\/08\/Plantilla-Laboratorio-2018-ICONTEC.docx\" target=\"_blank\" rel=\"noopener\">PLANTILLA LABORATORIO <\/a>\n  <\/div>\n\n  <div class=\"gris\">\n    <a href=\"https:\/\/dev.smk.agency\/fla\/wp-content\/uploads\/2019\/08\/comunicado.pdf\" target=\"_blank\" rel=\"noopener\">LOS SELLOS DE SEGURIDAD EN LAS BOTELLAS DE LA FLA SI SIRVEN Y EST\u00c1N DESTINADOS A PROTEGER LA SALUD DE LOS CONSUMIDORES. <\/a>\n  <\/div>\n  <div class=\"gris\">\n    <a href=\"https:\/\/dev.smk.agency\/fla\/wp-content\/uploads\/2019\/08\/Suspension_Estudio_Solicitudes_para_Planes_Promocionales.pdf\" target=\"_blank\" rel=\"noopener\">SUSPENSI\u00d3N RECEPCI\u00d3N SOLICITUDES PARA VINCULACIONES PLANES PROMOCIONALES <\/a>\n  <\/div>\n\n  <div class=\"gris\">\n    <a href=\"https:\/\/dev.smk.agency\/fla\/wp-content\/uploads\/2019\/09\/Acta-024-Comite-Interno-de-Contratacio%CC%81n-Julio-18-1.pdf\" target=\"_blank\" rel=\"noopener\">Acta 024 Comite Interno de Contrataci\u00f3n <\/a>\n  <\/div>\n\n  <div class=\"gris\">\n    <a href=\"https:\/\/dev.smk.agency\/fla\/wp-content\/uploads\/2019\/09\/INVITACION-TOLIMA.pdf\" target=\"_blank\" rel=\"noopener\">INVITACION TOLIMA <\/a>\n  <\/div>\n\n  <div class=\"gris\">\n    <a href=\"https:\/\/dev.smk.agency\/fla\/wp-content\/uploads\/2019\/09\/RESOLUCIO%CC%81N-COMITE-ASESOR-COMERCIALIZADOR-DEL-TOLIMA.pdf\" target=\"_blank\" rel=\"noopener\">RESOLUCI\u00d3N COMITE ASESOR COMERCIALIZADOR DEL TOLIMA <\/a>\n  <\/div>\n\n  <div class=\"gris\">\n    <a href=\"https:\/\/dev.smk.agency\/fla\/wp-content\/uploads\/2019\/09\/JUSTIFICACION-TOLIMA.pdf\" target=\"_blank\" rel=\"noopener\"> JUSTIFICACION TOLIMA<\/a>\n  <\/div>\n\n  <div class=\"gris\">\n    <a href=\"https:\/\/dev.smk.agency\/fla\/wp-content\/uploads\/2019\/09\/RESOLUCION-PROCESO-SELECCION-COMERCIALIZADORES.pdf\" target=\"_blank\" rel=\"noopener\">RESOLUCION PROCESO SELECCION COMERCIALIZADORES <\/a>\n  <\/div>\n\n  <div class=\"gris\">\n    <a href=\"https:\/\/dev.smk.agency\/fla\/wp-content\/uploads\/2019\/09\/PERMISO-DE-INTRODUCCIO%CC%81N-TOLIMA.pdf\" target=\"_blank\" rel=\"noopener\">PERMISO DE INTRODUCCIO\u0301N TOLIMA <\/a>\n  <\/div>\n\n  <div class=\"gris\">\n    <a href=\"https:\/\/dev.smk.agency\/fla\/wp-content\/uploads\/2019\/09\/RESOLUCION-MODIFICACION-SELECCION-COMERCIALIZADORES.pdf\" target=\"_blank\" rel=\"noopener\">RESOLUCION MODIFICACION SELECCION COMERCIALIZADORES <\/a>\n  <\/div>\n\n  <div class=\"gris\">\n    <a href=\"https:\/\/dev.smk.agency\/fla\/wp-content\/uploads\/2019\/09\/ACTA-DE-CIERRE-MANIFESTACIO%CC%81N-DE-INTERES.pdf\" target=\"_blank\" rel=\"noopener\"> ACTA DE CIERRE \u2013 MANIFESTACI\u00d3N DE INTERESES<\/a>\n  <\/div>\n\n  <div class=\"gris\">\n    <a href=\"https:\/\/dev.smk.agency\/fla\/wp-content\/uploads\/2019\/09\/RESPUESTAS-A-LAS-SOLICITUDES-DE-ACLARACIO%CC%81N.pdf\" target=\"_blank\" rel=\"noopener\">RESPUESTAS A LAS SOLICITUDES DE ACLARACI\u00d3N<\/a>\n  <\/div>\n\n  <div class=\"gris\">\n    <a href=\"https:\/\/dev.smk.agency\/fla\/wp-content\/uploads\/2019\/09\/ADENDA-1.pdf\" target=\"_blank\" rel=\"noopener\"> ADENDA #1<\/a>\n  <\/div>\n\n  <div class=\"gris\">\n    <a href=\"https:\/\/dev.smk.agency\/fla\/wp-content\/uploads\/2019\/09\/ACTA-DE-CIERRE-Y-APERTURA-DE-PROPUESTAS-REQUISITOS-HABILITANTES.pdf\" target=\"_blank\" rel=\"noopener\"> ACTA DE CIERRE Y APERTURA DE PROPUESTAS REQUISITOS HABILITANTES<\/a>\n  <\/div>\n\n  <div class=\"gris\">\n    <a href=\"https:\/\/dev.smk.agency\/fla\/wp-content\/uploads\/2019\/09\/ADENDA-2.pdf\" target=\"_blank\" rel=\"noopener\"> ADENDA #2<\/a>\n  <\/div>\n\n  <div class=\"gris\">\n    <a href=\"https:\/\/dev.smk.agency\/fla\/wp-content\/uploads\/2019\/09\/Acta-029-Comite%CC%81-Interno-de-Contratacio%CC%81n-Agosto-29-comprimido-1.pdf\" target=\"_blank\" rel=\"noopener\">Acta 029 Comit\u00e9 Interno de Contrataci\u00f3n- Agosto 29 <\/a>\n  <\/div>\n\n  <div class=\"gris\">\n    <a href=\"https:\/\/dev.smk.agency\/fla\/wp-content\/uploads\/2019\/09\/JUSTIFICACION-TOLIMA-1.pdf\" target=\"_blank\" rel=\"noopener\">JUSTIFICACION TOLIMA <\/a>\n  <\/div>\n\n  <div class=\"gris\">\n    <a href=\"https:\/\/dev.smk.agency\/fla\/wp-content\/uploads\/2019\/09\/INVITACION-TOLIMA-1.pdf\" target=\"_blank\" rel=\"noopener\">INVITACION TOLIMA <\/a>\n  <\/div>\n\n  <div class=\"gris\">\n    <a href=\"https:\/\/dev.smk.agency\/fla\/wp-content\/uploads\/2019\/09\/RESOLUCION-MODIFICACION-SELECCION-COMERCIALIZADORES-1.pdf\" target=\"_blank\" rel=\"noopener\">RESOLUCION MODIFICACION SELECCION COMERCIALIZADORES <\/a>\n  <\/div>\n\n  <div class=\"gris\">\n    <a href=\"https:\/\/dev.smk.agency\/fla\/wp-content\/uploads\/2019\/09\/PERMISO-DE-INTRODUCCIO%CC%81N-TOLIMA-1.pdf\" target=\"_blank\" rel=\"noopener\"> PERMISO DE INTRODUCCI\u00d3N TOLIMA<\/a>\n  <\/div>\n\n  <div class=\"gris\">\n    <a href=\"https:\/\/dev.smk.agency\/fla\/wp-content\/uploads\/2019\/09\/RESOLUCION-PROCESO-SELECCION-COMERCIALIZADORES-1.pdf\" target=\"_blank\" rel=\"noopener\">RESOLUCION PROCESO SELECCION COMERCIALIZADORES <\/a>\n  <\/div>\n\n  <div class=\"gris\">\n    <a href=\"https:\/\/dev.smk.agency\/fla\/wp-content\/uploads\/2019\/09\/RESOLUCIO%CC%81N-COMITE-ASESOR-COMERCIALIZADOR-DEL-TOLIMA-1.pdf\" target=\"_blank\" rel=\"noopener\">RESOLUCI\u00d3N COMITE ASESOR COMERCIALIZADOR DEL TOLIMA <\/a>\n  <\/div>\n\n\n\n\n\n\n\n\n\n ","protected":false},"excerpt":{"rendered":"<p>Resolucio\u0301n 2019060436605 declaratoria de desierto Informe complementario Informe de verificaci\u00f3n de requisitos habilitantes Acta de cierre y apertura de propuestas Resoluci\u00f3n modificaci\u00f3n selecci\u00f3n comercializadores Justificacio\u0301n PSC Cauca Invitacio\u0301n PSC Cauca Comite\u0301 PSC Cauca Resoluci\u00f3n 279858 de 20150 RESOLUCI\u00d3N DECLARATORIA DE DESIERTO ADENDA # 2 ACTA DE CIERRE Y APERTURAS DE PROPUESTAS RESPUESTA DE OBSERVACIONES Y&#8230;  <a class=\"excerpt-read-more\" href=\"https:\/\/dev.smk.agency\/fla\/historico-contratacion\/\" title=\"Read Hist\u00f3rico contrataci\u00f3n\">Leer m\u00e1s &raquo;<\/a><\/p>\n","protected":false},"author":6,"featured_media":0,"parent":0,"menu_order":0,"comment_status":"closed","ping_status":"closed","template":"","meta":{"footnotes":""},"acf":[],"_links":{"self":[{"href":"https:\/\/dev.smk.agency\/fla\/wp-json\/wp\/v2\/pages\/1066"}],"collection":[{"href":"https:\/\/dev.smk.agency\/fla\/wp-json\/wp\/v2\/pages"}],"about":[{"href":"https:\/\/dev.smk.agency\/fla\/wp-json\/wp\/v2\/types\/page"}],"author":[{"embeddable":true,"href":"https:\/\/dev.smk.agency\/fla\/wp-json\/wp\/v2\/users\/6"}],"replies":[{"embeddable":true,"href":"https:\/\/dev.smk.agency\/fla\/wp-json\/wp\/v2\/comments?post=1066"}],"version-history":[{"count":10,"href":"https:\/\/dev.smk.agency\/fla\/wp-json\/wp\/v2\/pages\/1066\/revisions"}],"predecessor-version":[{"id":1089,"href":"https:\/\/dev.smk.agency\/fla\/wp-json\/wp\/v2\/pages\/1066\/revisions\/1089"}],"wp:attachment":[{"href":"https:\/\/dev.smk.agency\/fla\/wp-json\/wp\/v2\/media?parent=1066"}],"curies":[{"name":"wp","href":"https:\/\/api.w.org\/{rel}","templated":true}]}}