{"id":128,"date":"2019-05-21T04:57:06","date_gmt":"2019-05-21T02:57:06","guid":{"rendered":"http:\/\/sitio.fla.com.co\/?page_id=128"},"modified":"2023-07-12T02:09:19","modified_gmt":"2023-07-12T00:09:19","slug":"responsabilidad","status":"publish","type":"page","link":"https:\/\/dev.smk.agency\/fla\/responsabilidad\/","title":{"rendered":"Responsabilidad Social Empresarial"},"content":{"rendered":"\n<p class=\"green subtitle\">Protagonistas del desarrollo en Antioquia<\/p>\n\n\n\n<style>\ndiv#container-accordion {\n    display: none;\n}\n<\/style>\n\n\n<p>Una de las razones que nos motiva a trabajar todos los d\u00edas es contribuir al desarrollo de las regiones y al bienestar de todos los antioque\u00f1os.<\/p>\n\n\n\n<p>Con el resultado de las ventas, la F\u00e1brica de Licores de Antioquia EICE aporta recursos para hacer realidad programas de salud, deporte y educaci\u00f3n en el Departamento.<\/p>\n\n\n\n<p>Nos llena de orgullo acompa\u00f1ar a todos nuestros consumidores en la generaci\u00f3n de sus emociones, nos sentimos felices por ser la licorera m\u00e1s importante de Colombia y una de las empresas m\u00e1s estables, rentables y con gran proyecci\u00f3n del pa\u00eds.<\/p>\n ","protected":false},"excerpt":{"rendered":"<p>Protagonistas del desarrollo en Antioquia Una de las razones que nos motiva a trabajar todos los d\u00edas es contribuir al desarrollo de las regiones y al bienestar de todos los antioque\u00f1os. Con el resultado de las ventas, la F\u00e1brica de Licores de Antioquia EICE aporta recursos para hacer realidad programas de salud, deporte y educaci\u00f3n&#8230;  <a class=\"excerpt-read-more\" href=\"https:\/\/dev.smk.agency\/fla\/responsabilidad\/\" title=\"Read Responsabilidad Social Empresarial\">Leer m\u00e1s &raquo;<\/a><\/p>\n","protected":false},"author":6,"featured_media":961,"parent":0,"menu_order":0,"comment_status":"closed","ping_status":"closed","template":"","meta":{"footnotes":""},"acf":[],"_links":{"self":[{"href":"https:\/\/dev.smk.agency\/fla\/wp-json\/wp\/v2\/pages\/128"}],"collection":[{"href":"https:\/\/dev.smk.agency\/fla\/wp-json\/wp\/v2\/pages"}],"about":[{"href":"https:\/\/dev.smk.agency\/fla\/wp-json\/wp\/v2\/types\/page"}],"author":[{"embeddable":true,"href":"https:\/\/dev.smk.agency\/fla\/wp-json\/wp\/v2\/users\/6"}],"replies":[{"embeddable":true,"href":"https:\/\/dev.smk.agency\/fla\/wp-json\/wp\/v2\/comments?post=128"}],"version-history":[{"count":25,"href":"https:\/\/dev.smk.agency\/fla\/wp-json\/wp\/v2\/pages\/128\/revisions"}],"predecessor-version":[{"id":2252,"href":"https:\/\/dev.smk.agency\/fla\/wp-json\/wp\/v2\/pages\/128\/revisions\/2252"}],"wp:featuredmedia":[{"embeddable":true,"href":"https:\/\/dev.smk.agency\/fla\/wp-json\/wp\/v2\/media\/961"}],"wp:attachment":[{"href":"https:\/\/dev.smk.agency\/fla\/wp-json\/wp\/v2\/media?parent=128"}],"curies":[{"name":"wp","href":"https:\/\/api.w.org\/{rel}","templated":true}]}}