{"id":158,"date":"2019-05-26T19:28:58","date_gmt":"2019-05-26T17:28:58","guid":{"rendered":"http:\/\/sitio.fla.com.co\/?page_id=158"},"modified":"2023-07-18T16:34:17","modified_gmt":"2023-07-18T14:34:17","slug":"contratacion-fla","status":"publish","type":"page","link":"https:\/\/dev.smk.agency\/fla\/contratacion-fla\/","title":{"rendered":"Contrataci\u00f3n"},"content":{"rendered":"\n<style>\n.historico{\n  color: #0f8a44;\n    font-family: 'Roboto-Light';\n    background-color: #0f8a44;\n    margin-top: 40px;\n    border-radius: 5px;\n    padding: 10px;\n    margin-bottom: 40px;\n}\n.historico a{\n  color: #fff;\n    font-family: 'Roboto-Light';\n}\n<\/style>\n\n\n<p>La F\u00e1brica de Licores y Alcoholes de Antioquia \u2013 EICE est\u00e1 comprometida con la transparencia. Aqu\u00ed podr\u00e1s ver los procesos de contrataci\u00f3n y consultar los documentos hist\u00f3ricos sobre dicho proceso.\n<\/p>\n\n\n\n<div class=\"row\">\n  <div class=\"col-lg-3\">\n    <a href=\"https:\/\/dev.smk.agency\/fla\/resoluciones\/Manual_de_Contratacion_FLA_Version_2.pdf\" target=\"_blank\" rel=\"noopener\"><img decoding=\"async\" src=\"https:\/\/dev.smk.agency\/fla\/contratacion\/manual_contratacion.png\" class=\"img-fluid\"><\/a>\n  <\/div>\n  <div class=\"col-lg-3\">\n    <a href=\"https:\/\/www.colombiacompra.gov.co\/\" target=\"_blank\" rel=\"noopener\"><img decoding=\"async\" src=\"https:\/\/dev.smk.agency\/fla\/contratacion\/portal_unico.png\" class=\"img-fluid\"><\/a>\n  <\/div>\n  <div class=\"col-lg-3\">\n    <a href=\"https:\/\/docs.google.com\/spreadsheets\/d\/1WcAg1MLheTozAL9PTtZoTK_Q92ZvA2N-ocOGaudN0wc\/edit#gid=0\" target=\"_blank\" rel=\"noopener\"><img decoding=\"async\" src=\"https:\/\/dev.smk.agency\/fla\/contratacion\/proceso_contratacion.png\" class=\"img-fluid\"><\/a>\n  <\/div>\n  <div class=\"col-lg-3\">\n    <a href=\"https:\/\/dev.smk.agency\/fla\/compras-menores\/\" target=\"\" rel=\"noopener\"><img decoding=\"async\" src=\"https:\/\/dev.smk.agency\/fla\/contratacion\/compras_menores.png\" class=\"img-fluid\"><\/a>\n  <\/div>\n  <div class=\"col-lg-3\">\n    <a href=\"https:\/\/dev.smk.agency\/fla\/historico-contratacion\/\" target=\"\" rel=\"noopener\"><img decoding=\"async\" src=\"https:\/\/dev.smk.agency\/fla\/contratacion\/historico_contratacion.png\" class=\"img-fluid\"><\/a>\n  <\/div>\n  <div class=\"col-lg-3\">\n    <a href=\"https:\/\/dev.smk.agency\/fla\/procesos-contractuales\/\" target=\"\" rel=\"noopener\"><img decoding=\"async\" src=\"https:\/\/dev.smk.agency\/fla\/contratacion\/procesos_contractuales.png\" class=\"img-fluid\"><\/a>\n  <\/div>\n  <div class=\"col-lg-3\">\n    <a href=\"https:\/\/dev.smk.agency\/fla\/procesos-comercializadoras\/\" target=\"\" rel=\"noopener\"><img decoding=\"async\" src=\"https:\/\/dev.smk.agency\/fla\/contratacion\/procesos_comercializadores.png\" class=\"img-fluid\"><\/a>\n  <\/div>\n  <div class=\"col-lg-3\">\n    <a href=\"https:\/\/dev.smk.agency\/fla\/plan-anual-de-adquisiciones\/\" target=\"\" rel=\"noopener\"><img decoding=\"async\" src=\"https:\/\/dev.smk.agency\/fla\/contratacion\/plan_anual.png\" class=\"img-fluid\"><\/a>\n  <\/div>\n<\/div>\n ","protected":false},"excerpt":{"rendered":"<p>La F\u00e1brica de Licores y Alcoholes de Antioquia \u2013 EICE est\u00e1 comprometida con la transparencia. Aqu\u00ed podr\u00e1s ver los procesos de contrataci\u00f3n y consultar los documentos hist\u00f3ricos sobre dicho proceso.<\/p>\n","protected":false},"author":6,"featured_media":0,"parent":0,"menu_order":0,"comment_status":"closed","ping_status":"closed","template":"","meta":{"footnotes":""},"acf":[],"_links":{"self":[{"href":"https:\/\/dev.smk.agency\/fla\/wp-json\/wp\/v2\/pages\/158"}],"collection":[{"href":"https:\/\/dev.smk.agency\/fla\/wp-json\/wp\/v2\/pages"}],"about":[{"href":"https:\/\/dev.smk.agency\/fla\/wp-json\/wp\/v2\/types\/page"}],"author":[{"embeddable":true,"href":"https:\/\/dev.smk.agency\/fla\/wp-json\/wp\/v2\/users\/6"}],"replies":[{"embeddable":true,"href":"https:\/\/dev.smk.agency\/fla\/wp-json\/wp\/v2\/comments?post=158"}],"version-history":[{"count":62,"href":"https:\/\/dev.smk.agency\/fla\/wp-json\/wp\/v2\/pages\/158\/revisions"}],"predecessor-version":[{"id":2328,"href":"https:\/\/dev.smk.agency\/fla\/wp-json\/wp\/v2\/pages\/158\/revisions\/2328"}],"wp:attachment":[{"href":"https:\/\/dev.smk.agency\/fla\/wp-json\/wp\/v2\/media?parent=158"}],"curies":[{"name":"wp","href":"https:\/\/api.w.org\/{rel}","templated":true}]}}