{"id":160,"date":"2019-05-26T19:29:46","date_gmt":"2019-05-26T17:29:46","guid":{"rendered":"http:\/\/sitio.fla.com.co\/?page_id=160"},"modified":"2024-02-28T14:22:27","modified_gmt":"2024-02-28T13:22:27","slug":"tour-flantastico","status":"publish","type":"page","link":"https:\/\/dev.smk.agency\/fla\/tour-flantastico\/","title":{"rendered":"Recorridos &#8211; La F\u00e1brica de todos"},"content":{"rendered":"\n<p class=\"subtitle\">Recorridos guiados al interior de la<br> F\u00e1brica de todos<\/p>\n<p>Los recorridos guiados al interior de la FLA tienen como prop\u00f3sito que los diferentes p\u00fablicos conozcan sobre las experiencias que le han permitido a la F\u00e1brica de Licores y Alcoholes de Antioquia EICE posicionarse como una empresa emblem\u00e1tica para los antioque\u00f1os y l\u00edder en el mercado de los licores en Colombia. Esta actividad es una estrategia de acercamiento con universidades, empresas, conglomerado p\u00fablico, actores pol\u00edticos, familiares de los trabajadores y la comunidad, porque \u00a1la FLA es la fabrica de todos!\n\n<\/p>\n<div id=\"wow-modal-overlay-1\" class=\"wow-modal-overlay\" style=\"display:none;\"><div id=\"wow-modal-overclose-1\" class=\"wow-modal-overclose\"><\/div><div id=\"wow-modal-window-1\" class=\"wow-modal-window\" style=\"display:none;\"><div id=\"wow-modal-close-1\" class=\"mw-close-btn topRight image\"><\/div><div class=\"modal-window-content\"><h1 class=\"mw-title\" style=\"text-align: center\"><strong><span style=\"color: #0f8a44\">Atenci\u00f3n<\/span><\/strong><\/h1>\r\n<p style=\"text-align: center\"><br \/>Por el momento el <strong style=\"color: #0f8a44\">RECORRIDOS \u2013 LA F\u00c1BRICA DE TODOS\r\n <\/strong>se encuentra suspendido. <br \/>Estaremos avisando cuando se reactive nuevamente. <br \/>Gracias por su comprensi\u00f3n.<\/p><\/div><\/div><\/div>\n\n\n\n<p><\/p>\n ","protected":false},"excerpt":{"rendered":"<p>Recorridos guiados al interior de la F\u00e1brica de todos Los recorridos guiados al interior de la FLA tienen como prop\u00f3sito que los diferentes p\u00fablicos conozcan sobre las experiencias que le han permitido a la F\u00e1brica de Licores y Alcoholes de Antioquia EICE posicionarse como una empresa emblem\u00e1tica para los antioque\u00f1os y l\u00edder en el mercado&#8230;  <a class=\"excerpt-read-more\" href=\"https:\/\/dev.smk.agency\/fla\/tour-flantastico\/\" title=\"Read Recorridos &#8211; La F\u00e1brica de todos\">Leer m\u00e1s &raquo;<\/a><\/p>\n","protected":false},"author":6,"featured_media":0,"parent":0,"menu_order":0,"comment_status":"closed","ping_status":"closed","template":"","meta":{"footnotes":""},"acf":[],"_links":{"self":[{"href":"https:\/\/dev.smk.agency\/fla\/wp-json\/wp\/v2\/pages\/160"}],"collection":[{"href":"https:\/\/dev.smk.agency\/fla\/wp-json\/wp\/v2\/pages"}],"about":[{"href":"https:\/\/dev.smk.agency\/fla\/wp-json\/wp\/v2\/types\/page"}],"author":[{"embeddable":true,"href":"https:\/\/dev.smk.agency\/fla\/wp-json\/wp\/v2\/users\/6"}],"replies":[{"embeddable":true,"href":"https:\/\/dev.smk.agency\/fla\/wp-json\/wp\/v2\/comments?post=160"}],"version-history":[{"count":18,"href":"https:\/\/dev.smk.agency\/fla\/wp-json\/wp\/v2\/pages\/160\/revisions"}],"predecessor-version":[{"id":3110,"href":"https:\/\/dev.smk.agency\/fla\/wp-json\/wp\/v2\/pages\/160\/revisions\/3110"}],"wp:attachment":[{"href":"https:\/\/dev.smk.agency\/fla\/wp-json\/wp\/v2\/media?parent=160"}],"curies":[{"name":"wp","href":"https:\/\/api.w.org\/{rel}","templated":true}]}}