{"id":1691,"date":"2022-10-20T00:22:13","date_gmt":"2022-10-19T22:22:13","guid":{"rendered":"https:\/\/fla.com.co\/?page_id=1691"},"modified":"2024-01-18T01:44:38","modified_gmt":"2024-01-18T00:44:38","slug":"plan-anual-de-adquisiciones","status":"publish","type":"page","link":"https:\/\/dev.smk.agency\/fla\/plan-anual-de-adquisiciones\/","title":{"rendered":"Plan Anual de  Adquisiciones PAA"},"content":{"rendered":"\n<style>\n.card-body a {\n    color: #333;\n    font-size: 15px;\n}\nli.nuevo {\n    background-color: #0f8a44;\n    color: #fff!important;\n    padding: 16px;\n    border-radius: 3px;\n    font-family: Taviraj-Regular!important;\n    font-weight: 400!important;\n    font-size: 16px!important;\n}\nul.nav.nav-tabs.nuevo {\n    padding-left: 0px;\n}\nbutton.btn.btn-link.nuevo {\n    color: #0f8a44;\n    font-size: 25px;\n}\n.card-body a {\n    color: #333;\n}\nul.nav.nav-tabs.nuevo {\n    border: none;\n}\n.main .container-main .container-page ul li {\n\n    margin-bottom: 15px!important;\n}\n<\/style>\n\n\n\n\n<div id=\"accordion\">\n\n\n<div class=\"row\">\n  <div class=\"col-md-12\">\n    <div class=\"card\">\n      <div class=\"card-header\" id=\"headingOne\">\n        <h5 class=\"mb-0\">\n          <button class=\"btn btn-link nuevo\" data-toggle=\"collapse\" data-target=\"#collapseOne\" aria-expanded=\"true\" aria-controls=\"collapseOne\">\n            2021\n          <\/button>\n        <\/h5>\n      <\/div>\n\n      <div id=\"collapseOne\" class=\"collapse\" aria-labelledby=\"headingOne\" data-parent=\"#accordion\">\n        <div class=\"card-body\">\n<ul>\n\n  <li><a target=\"_blank\" href=\"https:\/\/dev.smk.agency\/fla\/contratacion\/archivos_2021\/PAA%20FLA%20Versi%C2%A2n%20%201%20%20(30-12-2021).xlsx\" rel=\"noopener\">PAA FLA Versi\u00f3n  1  (30-12-2021)<\/a><\/li>\n  <li><a target=\"_blank\" href=\"https:\/\/dev.smk.agency\/fla\/contratacion\/archivos_2021\/PAA%20FLA%20Versi%C2%A2n%20%202%20%20(30-12-2021).xlsx\" rel=\"noopener\">PAA FLA Versi\u00f3n  2  (30-12-2021)<\/a><\/li>\n  <li><a target=\"_blank\" href=\"https:\/\/dev.smk.agency\/fla\/contratacion\/archivos_2021\/PAA%20FLA%20Versi%C2%A2n%20%203%20(05-02-2021).xlsx\" rel=\"noopener\">PAA FLA Versi\u00f3n  3 (05-02-2021)<\/a><\/li>\n  <li><a target=\"_blank\" href=\"https:\/\/dev.smk.agency\/fla\/contratacion\/archivos_2021\/PAA%20FLA%20Versi%C2%A2n%20%204%20(19-02-2021).xlsx\" rel=\"noopener\">PAA FLA Versi\u00f3n  4 (19-02-2021)<\/a><\/li>\n  <li><a target=\"_blank\" href=\"https:\/\/dev.smk.agency\/fla\/contratacion\/archivos_2021\/PAA%20FLA%20Versi%C2%A2n%20%205%20(19-02-2021).xlsx\" rel=\"noopener\">PAA FLA Versi\u00f3n  5 (19-02-2021)<\/a><\/li>\n  <li><a target=\"_blank\" href=\"https:\/\/dev.smk.agency\/fla\/contratacion\/archivos_2021\/PAA%20FLA%20Versi%C2%A2n%20%206%20(24-02-2021).xlsx\" rel=\"noopener\">PAA FLA Versi\u00f3n  6 (24-02-2021)<\/a><\/li>\n  <li><a target=\"_blank\" href=\"https:\/\/dev.smk.agency\/fla\/contratacion\/archivos_2021\/PAA%20FLA%20Versi%C2%A2n%20%207%20(26-03-2021).xlsx\" rel=\"noopener\">PAA FLA Versi\u00f3n  7 (26-03-2021)<\/a><\/li>\n  <li><a target=\"_blank\" href=\"https:\/\/dev.smk.agency\/fla\/contratacion\/archivos_2021\/PAA%20FLA%20Versi%C2%A2n%20%208%20(26-04-2021).xlsx\" rel=\"noopener\">PAA FLA Versi\u00f3n  8 (26-04-2021)<\/a><\/li>\n  <li><a target=\"_blank\" href=\"https:\/\/dev.smk.agency\/fla\/contratacion\/archivos_2021\/PAA%20FLA%20Versi%C2%A2n%20%209%20(22-06-2021).xlsx\" rel=\"noopener\">PAA FLA Versi\u00f3n  9 (22-06-2021)<\/a><\/li>\n  <li><a target=\"_blank\" href=\"https:\/\/dev.smk.agency\/fla\/contratacion\/archivos_2021\/PAA%20FLA%20Versi%C2%A2n%20%2010%20(30-07-2021).xlsx\" rel=\"noopener\">PAA FLA Versi\u00f3n  10 (30-07-2021)<\/a><\/li>\n  <li><a target=\"_blank\" href=\"https:\/\/dev.smk.agency\/fla\/contratacion\/archivos_2021\/PAA%20FLA%20Versi%C2%A2n%20%2011%20(15-09-2021).xlsx\" rel=\"noopener\">PAA FLA Versi\u00f3n  11 (15-09-2021)<\/a><\/li>\n  <li><a target=\"_blank\" href=\"https:\/\/dev.smk.agency\/fla\/contratacion\/archivos_2021\/PAA%20FLA%20Versi%C2%A2n%20%2012%20(07-10-2021).xlsx\" rel=\"noopener\">PAA FLA Versi\u00f3n  12 (07-10-2021)<\/a><\/li>\n  <li><a target=\"_blank\" href=\"https:\/\/dev.smk.agency\/fla\/contratacion\/archivos_2021\/PAA%20FLA%20Versi%C2%A2n%20%2013%20(05-11-2021).xlsx\" rel=\"noopener\">PAA FLA Versi\u00f3n  13 (05-11-2021)<\/a><\/li>\n  <li><a target=\"_blank\" href=\"https:\/\/dev.smk.agency\/fla\/contratacion\/archivos_2021\/PAA%20FLA%20Versi%C2%A2n%20%2014%20(05-11-2021).xlsx\" rel=\"noopener\">PAA FLA Versi\u00f3n  14 (05-11-2021)<\/a><\/li>\n  <li><a target=\"_blank\" href=\"https:\/\/dev.smk.agency\/fla\/contratacion\/archivos_2021\/PAA%20FLA%20Versi%C2%A2n%20%2015%20(05-11-2021).xlsx\" rel=\"noopener\">PAA FLA Versi\u00f3n  15 (05-11-2021)<\/a><\/li>\n  <li><a target=\"_blank\" href=\"https:\/\/dev.smk.agency\/fla\/contratacion\/archivos_2021\/PAA%20FLA%20Versi%C2%A2n%20%2016%20(05-11-2021).xlsx\" rel=\"noopener\">PAA FLA Versi\u00f3n  16 (05-11-2021)<\/a><\/li>\n<\/ul>\n\n        <\/div>\n      <\/div>\n    <\/div>\n  <\/div>\n  \n  <div class=\"col-md-12\">\n\n    <div class=\"card\">\n      <div class=\"card-header\" id=\"headingTwo\">\n        <h5 class=\"mb-0\">\n          <button class=\"btn btn-link collapsed nuevo\" data-toggle=\"collapse\" data-target=\"#collapseTwo\" aria-expanded=\"false\" aria-controls=\"collapseTwo\">\n            2022\n          <\/button>\n        <\/h5>\n      <\/div>\n      <div id=\"collapseTwo\" class=\"collapse\" aria-labelledby=\"headingTwo\" data-parent=\"#accordion\">\n        <div class=\"card-body\">\n          <ul>\n            <li><a target=\"_blank\" href=\"https:\/\/dev.smk.agency\/fla\/contratacion\/archivos_2022\/PAA%20FLA%20Versi%C2%A2n%20%201%20(30-12-2021).xlsx\" rel=\"noopener\">PAA FLA Versi\u00f3n  1 (30-12-2021)<\/a><\/li>\n            <li><a target=\"_blank\" href=\"https:\/\/dev.smk.agency\/fla\/contratacion\/archivos_2022\/PAA%20FLA%20Versi%C2%A2n%20%202%20(09-03-2022).xlsx\" rel=\"noopener\">PAA FLA Versi\u00f3n  2 (09-03-2022)<\/a><\/li>\n            <li><a target=\"_blank\" href=\"https:\/\/dev.smk.agency\/fla\/contratacion\/archivos_2022\/PAA%20FLA%20Versi%C2%A2n%20%203%20(18-04-2022).xlsx\" rel=\"noopener\">PAA FLA Versi\u00f3n  3 (18-04-2022)<\/a><\/li>\n          <li><a target=\"_blank\" href=\"https:\/\/dev.smk.agency\/fla\/contratacion\/archivos_2022\/PAA%20FLA%20Versi%C2%A2n%20%204%20(25-04-2022).xlsx\" rel=\"noopener\">  PAA FLA Versi\u00f3n  4 (25-04-2022)<\/a><\/li>\n            <li><a target=\"_blank\" href=\"https:\/\/dev.smk.agency\/fla\/contratacion\/archivos_2022\/PAA%20FLA%20Versi%C2%A2n%20%205%20(26-05-2022).xlsx\" rel=\"noopener\">PAA FLA Versi\u00f3n  5 (26-05-2022)<\/a><\/li>\n            <li><a target=\"_blank\" href=\"https:\/\/dev.smk.agency\/fla\/contratacion\/archivos_2022\/PAA%20FLA%20Versi%C2%A2n%20%206%20(24-06-2022).xlsx\" rel=\"noopener\">PAA FLA Versi\u00f3n  6 (24-06-2022)<\/a><\/li>\n            <li><a target=\"_blank\" href=\"https:\/\/dev.smk.agency\/fla\/contratacion\/archivos_2022\/PAA%20FLA%20Versi%C2%A2n%20%207%20(21-07-2022).xlsx\" rel=\"noopener\">PAA FLA Versi\u00f3n  7 (21-07-2022)<\/a><\/li>\n            <li><a target=\"_blank\" href=\"https:\/\/dev.smk.agency\/fla\/contratacion\/archivos_2022\/PAA%20FLA%20Versi%C2%A2n%20%208%20(29-07-2022).xlsx\" rel=\"noopener\">PAA FLA Versi\u00f3n  8 (29-07-2022)<\/a><\/li>\n            <li><a target=\"_blank\" href=\"https:\/\/dev.smk.agency\/fla\/contratacion\/archivos_2022\/PAA%20FLA%20Versi%C2%A2n%20%209%20(19-08-2022).xlsx\" rel=\"noopener\">PAA FLA Versi\u00f3n  9 (19-08-2022)<\/a><\/li>\n            <li><a target=\"_blank\" href=\"https:\/\/dev.smk.agency\/fla\/contratacion\/archivos_2022\/PAA%20FLA%20Versi%C2%A2n%20%2010%20(29-08-2022).xlsx\" rel=\"noopener\">PAA FLA Versi\u00f3n  10 (29-08-2022)<\/a><\/li>\n            <li><a target=\"_blank\" href=\"https:\/\/dev.smk.agency\/fla\/contratacion\/archivos_2022\/PAA%20FLA%20Versi%C2%A2n%20%2011%20(15-09-2022).xlsx\" rel=\"noopener\">PAA FLA Versi\u00f3n  11 (15-09-2022)<\/a><\/li>\n            <li><a target=\"_blank\" href=\"https:\/\/dev.smk.agency\/fla\/contratacion\/archivos_2022\/PAA%20FLA%20Versi%C2%A2n%20%2012%20(27-09-2022).xlsx\" rel=\"noopener\">PAA FLA Versi\u00f3n  12 (27-09-2022)<\/a><\/li>\n            <li><a target=\"_blank\" href=\"https:\/\/dev.smk.agency\/fla\/contratacion\/archivos_2022\/PAA%20FLA%20Versi%C2%A2n%20%2013%20(10-10-2022).xlsx\" rel=\"noopener\">PAA FLA Versi\u00f3n  13 (10-10-2022)<\/a><\/li>\n          <\/ul>\n        <\/div>\n      <\/div>\n    <\/div>\n  <\/div>\n\n\n  <div class=\"col-md-12\">\n\n    <div class=\"card\">\n      <div class=\"card-header\" id=\"headingTree\">\n        <h5 class=\"mb-0\">\n          <button class=\"btn btn-link collapsed nuevo\" data-toggle=\"collapse\" data-target=\"#collapseTree\" aria-expanded=\"false\" aria-controls=\"collapseTree\">\n            2023\n          <\/button>\n        <\/h5>\n      <\/div>\n      <div id=\"collapseTree\" class=\"collapse\" aria-labelledby=\"headingTree\" data-parent=\"#accordion\">\n        <div class=\"card-body\">\n          <ul>\n            <li><a target=\"_blank\" href=\"https:\/\/community.secop.gov.co\/Public\/App\/AnnualPurchasingPlanEditPublic\/View?id=230555\" rel=\"noopener\">Consulte la informaci\u00f3n del Plan anual de adquisiciones de la entidad en Colombia Compra Eficiente<\/a><\/li>\n          <li><a target=\"_blank\" href=\"https:\/\/dev.smk.agency\/fla\/resoluciones\/PAA_FLA_2023_(28-12-2022).xlsx\" rel=\"noopener\">PAA FLA 2023 (12-28-2022)<\/a><\/li> \n            <li><a target=\"_blank\" href=\"https:\/\/dev.smk.agency\/fla\/resoluciones\/PAA%20FLA%20Versio%CC%81n%202%20(12-28-2022).xlsx\" rel=\"noopener\">PAA FLA Versi\u00f3n 2 (12-28-2022)<\/a><\/li>\n            <li><a target=\"_blank\" href=\"https:\/\/dev.smk.agency\/fla\/resoluciones\/PAA%20FLA%20Versio%CC%81n%203%20(01-31-2023.xlsx\" rel=\"noopener\">PAA FLA Versio\u0301n 3 (01-31-2023)<\/a><\/li>\n            <li><a target=\"_blank\" href=\"https:\/\/dev.smk.agency\/fla\/resoluciones\/PAA%20FLA%20Versio%CC%81n%204%20(17-02-2023).xlsx\" rel=\"noopener\">PAA FLA Versio\u0301n 4 (17-02-2023)<\/a><\/li>\n            <li><a target=\"_blank\" href=\"https:\/\/dev.smk.agency\/fla\/resoluciones\/PAA%20FLA%20Versio%CC%81n%205%20(17-02-2023).xlsx\" rel=\"noopener\">PAA FLA Versio\u0301n 5 (17-02-2023)<\/a><\/li>\n            <li><a target=\"_blank\" href=\"https:\/\/dev.smk.agency\/fla\/resoluciones\/PAA%20FLA%20Versio%CC%81n%206%20(20-02-2023).xlsx\" rel=\"noopener\">PAA FLA Versi\u00f3n 6 (20-02-2023)<\/a><\/li>\n            <li><a target=\"_blank\" href=\"https:\/\/dev.smk.agency\/fla\/resoluciones\/PAA%20FLA%20Versio%CC%81n%207%20(03-03-2023).xlsx\" rel=\"noopener\">PAA FLA Versi\u00f3n 7 (03-03-2023)<\/a><\/li>\n            <li><a target=\"_blank\" href=\"https:\/\/dev.smk.agency\/fla\/resoluciones\/PAA%20FLA%20Versio%CC%81n%208%20(16-03-2023).xlsx\" rel=\"noopener\">PAA FLA Versi\u00f3n 8 (16-03-2023)<\/a><\/li>\n            <li><a target=\"_blank\" href=\"https:\/\/dev.smk.agency\/fla\/resoluciones\/PAA%20FLA%20Versio%CC%81n%209%20(14-04-2023).xlsx\" rel=\"noopener\">PAA FLA Versi\u00f3n 9 (14-04-2023)<\/a><\/li>\n            <li><a target=\"_blank\" href=\"https:\/\/dev.smk.agency\/fla\/resoluciones\/PAA_FLA_version_10_%2821-04-2023%29.xlsx\" rel=\"noopener\">PAA FLA Versi\u00f3n 10 (21-04-2023)<\/a><\/li>\n<li><a target=\"_blank\" href=\"https:\/\/dev.smk.agency\/fla\/resoluciones\/PAA_FLA_version_11_%2825-04-2023%29.xlsx\" rel=\"noopener\">PAA FLA Versi\u00f3n 11 (25-04-2023)<\/a><\/li>\n<li><a target=\"_blank\" href=\"https:\/\/dev.smk.agency\/fla\/resoluciones\/PAA_FLA_version_12_%2815-05-2023%29.xlsx\" rel=\"noopener\">PAA FLA Versi\u00f3n 12 (15-05-2023)<\/a><\/li>\n<li><a target=\"_blank\" href=\"https:\/\/dev.smk.agency\/fla\/resoluciones\/PAA_FLA_version_13_%2831-05-2023%29.xlsx\" rel=\"noopener\">PAA FLA Versi\u00f3n 13 (31-05-2023)<\/a><\/li>\n<li><a target=\"_blank\" href=\"https:\/\/dev.smk.agency\/fla\/resoluciones\/PAA_FLA_version_14_%2827-06-2023%29.xlsx\" rel=\"noopener\">PAA FLA Versi\u00f3n 14 (27-06-2023)<\/a><\/li>\n<li><a target=\"_blank\" href=\"https:\/\/dev.smk.agency\/fla\/resoluciones\/PAA_FLA_version_15_%2813-07-2023%29.xlsx\" rel=\"noopener\">PAA FLA Versi\u00f3n 15 (13-07-2023)<\/a><\/li>\n<li><a target=\"_blank\" href=\"https:\/\/dev.smk.agency\/fla\/resoluciones\/PAA_FLA_version_16_%2821-07-2023%29.xlsx\" rel=\"noopener\">PAA FLA Versi\u00f3n 16 (21-07-2023)<\/a><\/li>\n<li><a target=\"_blank\" href=\"https:\/\/dev.smk.agency\/fla\/resoluciones\/PAA_FLA_version_17_%2810-08-2023%29.xlsx\" rel=\"noopener\">PAA FLA Versi\u00f3n 17 (10-08-2023)<\/a><\/li>\n<li><a target=\"_blank\" href=\"https:\/\/dev.smk.agency\/fla\/resoluciones\/PAA_FLA_version_18_%2801-09-2023%29.xlsx\" rel=\"noopener\">PAA FLA Versi\u00f3n 18 (01-09-2023)<\/a><\/li>\n<li><a target=\"_blank\" href=\"https:\/\/dev.smk.agency\/fla\/resoluciones\/PAA_FLA_version_19_%2818-09-2023%29.xlsx\" rel=\"noopener\">PAA FLA Versi\u00f3n 19 (18-09-2023)<\/a><\/li>\n<li><a target=\"_blank\" href=\"https:\/\/dev.smk.agency\/fla\/resoluciones\/PAA_FLA_version_20_%2826-09-2023%29.xlsx\" rel=\"noopener\">PAA FLA Versi\u00f3n 20 (26-09-2023)<\/a><\/li>\n<li><a target=\"_blank\" href=\"https:\/\/dev.smk.agency\/fla\/resoluciones\/PAA_FLA_version_21_%2805-10-2023%29.xlsx\" rel=\"noopener\">PAA FLA Versi\u00f3n 21 (05-10-2023)<\/a><\/li>\n<li><a target=\"_blank\" href=\"https:\/\/dev.smk.agency\/fla\/resoluciones\/PAA_FLA_version_22_%2831-10-2023%29.xlsx\" rel=\"noopener\">PAA FLA Versi\u00f3n 22 (31-10-2023)<\/a><\/li>\n<li><a target=\"_blank\" href=\"https:\/\/dev.smk.agency\/fla\/resoluciones\/PAA_FLA_version_23_%2810-11-2023%29.xlsx\" rel=\"noopener\">PAA FLA Versi\u00f3n 23 (10-11-2023)<\/a><\/li>\n<li><a target=\"_blank\" href=\"https:\/\/dev.smk.agency\/fla\/resoluciones\/PAA_FLA_version_24_%2805-12-2023%29.xlsx\" rel=\"noopener\">PAA FLA Versi\u00f3n 24 (05-12-2023)<\/a><\/li>\n<li><a target=\"_blank\" href=\"https:\/\/dev.smk.agency\/fla\/resoluciones\/resolucion_Plandeadquisiciones2023.pdf\" rel=\"noopener\">Resoluci\u00f3n Plan de adquisiciones 2023<\/a><\/li>\n          <\/ul>\n        <\/div>\n      <\/div>\n    <\/div>\n  <\/div>\n\n\n\n\n  <div class=\"col-md-12\">\n\n    <div class=\"card\">\n      <div class=\"card-header\" id=\"heading4\">\n        <h5 class=\"mb-0\">\n          <button class=\"btn btn-link collapsed nuevo\" data-toggle=\"collapse\" data-target=\"#collapse4\" aria-expanded=\"false\" aria-controls=\"collapse4\">\n            2024\n          <\/button>\n        <\/h5>\n      <\/div>\n      <div id=\"collapse4\" class=\"collapse\" aria-labelledby=\"heading4\" data-parent=\"#accordion\">\n        <div class=\"card-body\">\n          <ul>\n            <li><a target=\"_blank\" href=\"https:\/\/dev.smk.agency\/fla\/resoluciones\/PAA_FLA_version_01_%2811-01-2024%29.xlsx\" rel=\"noopener\">PAA FLA Versio\u0301n 01 (11-01-2024)<\/a><\/li>\n<li><a target=\"_blank\" href=\"https:\/\/dev.smk.agency\/fla\/resoluciones\/resolucion_Plandeadquisiciones2024.pdf\" rel=\"noopener\">Resoluci\u00f3n Plan de adquisiciones 2024<\/a><\/li>\n          <\/ul>\n        <\/div>\n      <\/div>\n    <\/div>\n  <\/div>\n\n\n\n\n  \n<\/div>\n\n\n\n\n\n\n  \n  \n  \n<\/div><br><br>\n ","protected":false},"excerpt":{"rendered":"<p>2021 PAA FLA Versi\u00f3n 1 (30-12-2021) PAA FLA Versi\u00f3n 2 (30-12-2021) PAA FLA Versi\u00f3n 3 (05-02-2021) PAA FLA Versi\u00f3n 4 (19-02-2021) PAA FLA Versi\u00f3n 5 (19-02-2021) PAA FLA Versi\u00f3n 6 (24-02-2021) PAA FLA Versi\u00f3n 7 (26-03-2021) PAA FLA Versi\u00f3n 8 (26-04-2021) PAA FLA Versi\u00f3n 9 (22-06-2021) PAA FLA Versi\u00f3n 10 (30-07-2021) PAA FLA Versi\u00f3n 11&#8230;  <a class=\"excerpt-read-more\" href=\"https:\/\/dev.smk.agency\/fla\/plan-anual-de-adquisiciones\/\" title=\"Read Plan Anual de  Adquisiciones PAA\">Leer m\u00e1s &raquo;<\/a><\/p>\n","protected":false},"author":6,"featured_media":0,"parent":0,"menu_order":0,"comment_status":"closed","ping_status":"closed","template":"","meta":{"footnotes":""},"acf":[],"_links":{"self":[{"href":"https:\/\/dev.smk.agency\/fla\/wp-json\/wp\/v2\/pages\/1691"}],"collection":[{"href":"https:\/\/dev.smk.agency\/fla\/wp-json\/wp\/v2\/pages"}],"about":[{"href":"https:\/\/dev.smk.agency\/fla\/wp-json\/wp\/v2\/types\/page"}],"author":[{"embeddable":true,"href":"https:\/\/dev.smk.agency\/fla\/wp-json\/wp\/v2\/users\/6"}],"replies":[{"embeddable":true,"href":"https:\/\/dev.smk.agency\/fla\/wp-json\/wp\/v2\/comments?post=1691"}],"version-history":[{"count":9,"href":"https:\/\/dev.smk.agency\/fla\/wp-json\/wp\/v2\/pages\/1691\/revisions"}],"predecessor-version":[{"id":2970,"href":"https:\/\/dev.smk.agency\/fla\/wp-json\/wp\/v2\/pages\/1691\/revisions\/2970"}],"wp:attachment":[{"href":"https:\/\/dev.smk.agency\/fla\/wp-json\/wp\/v2\/media?parent=1691"}],"curies":[{"name":"wp","href":"https:\/\/api.w.org\/{rel}","templated":true}]}}