{"id":2232,"date":"2023-07-11T13:05:50","date_gmt":"2023-07-11T11:05:50","guid":{"rendered":"https:\/\/fla.com.co\/?page_id=2232"},"modified":"2023-07-13T00:23:53","modified_gmt":"2023-07-12T22:23:53","slug":"preguntas-frecuentes-2","status":"publish","type":"page","link":"https:\/\/dev.smk.agency\/fla\/preguntas-frecuentes-2\/","title":{"rendered":"Preguntas frecuentes"},"content":{"rendered":"\n<style>\n.card-header.blanco {\n    background-color: #fafafa!important;\n}\n.card-header.verde {\n    background-color: #f1f1f1;\n}\n.card-header.verde h5 button {\n    color: #0f8a44!important;\n    font-size: 20px;\n}\n.card-header.blanco h5 button {\n    color: #0f8a44;\n    font-size: 20px;\n}\n.btn-link {\n    font-weight: 400;\n}\n.card-body {\n    color: #323232;\n    font-family: Roboto-Light;\n    font-size: 1.125rem;\n    font-weight: 400;\n    line-height: 1.25rem;\n    margin-bottom: 5px;\n}\n.card-header {\n    padding: 4px!important;\n}\n<\/style>\n\n    <div class=\"accordion\" id=\"accordionExample\">\n      <div class=\"card\">\n        <div class=\"card-header verde\" id=\"headingOne\">\n          <h5 class=\"mb-0\">\n            <button class=\"btn btn-link\" type=\"button\" data-toggle=\"collapse\" data-target=\"#collapseOne\" aria-expanded=\"true\" aria-controls=\"collapseOne\">\n              \u00bfCu\u00e1l es el tel\u00e9fono de la FLA?\n            <\/button>\n          <\/h5>\n        <\/div>\n\n        <div id=\"collapseOne\" class=\"collapse\" aria-labelledby=\"headingOne\" data-parent=\"#accordionExample\">\n          <div class=\"card-body\">\n            El tel\u00e9fono es (574) 383 70 00\n          <\/div>\n        <\/div>\n      <\/div>\n\n      <div class=\"card\">\n        <div class=\"card-header blanco\" id=\"headingTwo\">\n          <h5 class=\"mb-0\">\n            <button class=\"btn btn-link collapsed\" type=\"button\" data-toggle=\"collapse\" data-target=\"#collapseTwo\" aria-expanded=\"false\" aria-controls=\"collapseTwo\">\n              \u00bfCu\u00e1l es la direcci\u00f3n de la FLA?\n            <\/button>\n          <\/h5>\n        <\/div>\n        <div id=\"collapseTwo\" class=\"collapse\" aria-labelledby=\"headingTwo\" data-parent=\"#accordionExample\">\n          <div class=\"card-body\">\n            La direcci\u00f3n f\u00edsica de la F\u00e1brica de Licores y Alcoholes de Antioquia es Carrera 50 N\u00b0 12 Sur 149, Itag\u00fc\u00ed, Antioquia (Colombia).\n          <\/div>\n        <\/div>\n      <\/div>\n\n      <div class=\"card\">\n        <div class=\"card-header verde\" id=\"headingThree\">\n          <h5 class=\"mb-0\">\n            <button class=\"btn btn-link collapsed\" type=\"button\" data-toggle=\"collapse\" data-target=\"#collapseThree\" aria-expanded=\"false\" aria-controls=\"collapseThree\">\n              \u00bfCu\u00e1l es el NIT de la FLA?\n            <\/button>\n          <\/h5>\n        <\/div>\n        <div id=\"collapseThree\" class=\"collapse\" aria-labelledby=\"headingThree\" data-parent=\"#accordionExample\">\n          <div class=\"card-body\">\n            El NIT de la F\u00e1brica de Licores y Alcoholes de Antioquia \u2013 EICE es 901 436 775-1\n          <\/div>\n        <\/div>\n      <\/div>\n\n      <div class=\"card\">\n        <div class=\"card-header blanco\" id=\"headingFour\">\n          <h5 class=\"mb-0\">\n            <button class=\"btn btn-link collapsed\" type=\"button\" data-toggle=\"collapse\" data-target=\"#collapseFour\" aria-expanded=\"false\" aria-controls=\"collapseFour\">\n              \u00bfA qu\u00e9 correo se puede escribir para realizar alguna pregunta o sugerencia?\n            <\/button>\n          <\/h5>\n        <\/div>\n        <div id=\"collapseFour\" class=\"collapse\" aria-labelledby=\"headingFour\" data-parent=\"#accordionExample\">\n          <div class=\"card-body\">\n            Al correo que puedes escribir es mercuriofla@fla.com.co\n          <\/div>\n        <\/div>\n      <\/div>\n\n      <div class=\"card\">\n        <div class=\"card-header verde\" id=\"headingFive\">\n          <h5 class=\"mb-0\">\n            <button class=\"btn btn-link collapsed\" type=\"button\" data-toggle=\"collapse\" data-target=\"#collapseFive\" aria-expanded=\"false\" aria-controls=\"collapseFive\">\n              \u00bfCu\u00e1les son los valores de la FLA?\n            <\/button>\n          <\/h5>\n        <\/div>\n        <div id=\"collapseFive\" class=\"collapse\" aria-labelledby=\"headingFive\" data-parent=\"#accordionExample\">\n          <div class=\"card-body\">\n            <ul>\n              <li>Pasi\u00f3n: Actuamos desde la fuerza del coraz\u00f3n, convencidos de que nuestra huella y nuestro aporte a la humanidad, ser\u00e1 el principal legado de nuestra vida.<\/li>\n              <li>Confianza: La base fundamental de nuestras relaciones es la transparencia y coherencia entre nuestro pensar, decir y hacer.<\/li>\n              <li>Empat\u00eda: Nos conectamos de una manera f\u00e1cil y sincera, valorando similitudes y diferencias en la b\u00fasqueda de relaciones gana-gana.<\/li>\n              <li>Sostenibilidad: Trabajamos por la conservaci\u00f3n y regeneraci\u00f3n de la vida y del bienestar integral.<\/li>\n              <li>Excelencia: Estamos comprometidos con la b\u00fasqueda de la calidad superior que nos reta y compromete a ser mejores cada d\u00eda.<\/li>\n              <li>Innovaci\u00f3n: Estamos siempre atentos a identificar y aprovechar las oportunidades de evoluci\u00f3n de nuestros modelos, procesos y productos.<\/li>\n            <\/ul>\n          <\/div>\n        <\/div>\n      <\/div>\n\n      <div class=\"card\">\n        <div class=\"card-header blanco\" id=\"headingSix\">\n          <h5 class=\"mb-0\">\n            <button class=\"btn btn-link collapsed\" type=\"button\" data-toggle=\"collapse\" data-target=\"#collapseSix\" aria-expanded=\"false\" aria-controls=\"collapseSix\">\n              \u00bfPuedo conocer la FLA?\n            <\/button>\n          <\/h5>\n        <\/div>\n        <div id=\"collapseSix\" class=\"collapse\" aria-labelledby=\"headingSix\" data-parent=\"#accordionExample\">\n          <div class=\"card-body\">\n            Por el momento tenemos suspendido el Tour FLAnt\u00e1stico, debido a temas de producci\u00f3n entre otros. Para m\u00e1s informaci\u00f3n comun\u00edcate a. correo: comunicacion@fla.com.co\n            <br><br>\n            En cuanto se reinicien los recorridos lo estaremos informando por nuestros medios de comunicaci\u00f3n.\n          <\/div>\n        <\/div>\n      <\/div>\n\n      <div class=\"card\">\n        <div class=\"card-header verde\" id=\"headingSeven\">\n          <h5 class=\"mb-0\">\n            <button class=\"btn btn-link collapsed\" type=\"button\" data-toggle=\"collapse\" data-target=\"#collapseSeven\" aria-expanded=\"false\" aria-controls=\"collapseSeven\">\n              \u00bfQu\u00e9 productos vende la FLA?\n            <\/button>\n          <\/h5>\n        <\/div>\n        <div id=\"collapseSeven\" class=\"collapse\" aria-labelledby=\"headingSeven\" data-parent=\"#accordionExample\">\n          <div class=\"card-body\">\n            La FLA vende Ron Medell\u00edn para ser Real, Aguardiente Antioque\u00f1o el que est\u00e1 Pa\u2019 Las Que Sea y Bar\u00fa para darle unas vacaciones a tu d\u00eda.\n          <\/div>\n        <\/div>\n      <\/div>\n    <\/div>\n<br><br>\n\n ","protected":false},"excerpt":{"rendered":"<p>\u00bfCu\u00e1l es el tel\u00e9fono de la FLA? El tel\u00e9fono es (574) 383 70 00 \u00bfCu\u00e1l es la direcci\u00f3n de la FLA? La direcci\u00f3n f\u00edsica de la F\u00e1brica de Licores y Alcoholes de Antioquia es Carrera 50 N\u00b0 12 Sur 149, Itag\u00fc\u00ed, Antioquia (Colombia). \u00bfCu\u00e1l es el NIT de la FLA? El NIT de la F\u00e1brica&#8230;  <a class=\"excerpt-read-more\" href=\"https:\/\/dev.smk.agency\/fla\/preguntas-frecuentes-2\/\" title=\"Read Preguntas frecuentes\">Leer m\u00e1s &raquo;<\/a><\/p>\n","protected":false},"author":6,"featured_media":0,"parent":0,"menu_order":0,"comment_status":"closed","ping_status":"closed","template":"","meta":{"footnotes":""},"acf":[],"_links":{"self":[{"href":"https:\/\/dev.smk.agency\/fla\/wp-json\/wp\/v2\/pages\/2232"}],"collection":[{"href":"https:\/\/dev.smk.agency\/fla\/wp-json\/wp\/v2\/pages"}],"about":[{"href":"https:\/\/dev.smk.agency\/fla\/wp-json\/wp\/v2\/types\/page"}],"author":[{"embeddable":true,"href":"https:\/\/dev.smk.agency\/fla\/wp-json\/wp\/v2\/users\/6"}],"replies":[{"embeddable":true,"href":"https:\/\/dev.smk.agency\/fla\/wp-json\/wp\/v2\/comments?post=2232"}],"version-history":[{"count":8,"href":"https:\/\/dev.smk.agency\/fla\/wp-json\/wp\/v2\/pages\/2232\/revisions"}],"predecessor-version":[{"id":2270,"href":"https:\/\/dev.smk.agency\/fla\/wp-json\/wp\/v2\/pages\/2232\/revisions\/2270"}],"wp:attachment":[{"href":"https:\/\/dev.smk.agency\/fla\/wp-json\/wp\/v2\/media?parent=2232"}],"curies":[{"name":"wp","href":"https:\/\/api.w.org\/{rel}","templated":true}]}}