{"id":232,"date":"2019-06-09T21:09:47","date_gmt":"2019-06-09T19:09:47","guid":{"rendered":"https:\/\/fla.com.co\/?page_id=232"},"modified":"2023-03-23T00:41:17","modified_gmt":"2023-03-22T23:41:17","slug":"ley-transparencia","status":"publish","type":"page","link":"https:\/\/dev.smk.agency\/fla\/ley-transparencia\/","title":{"rendered":"TRANSPARENCIA Y ACCESO A LA INFORMACI\u00d3N"},"content":{"rendered":"\n<p class=\"has-text-align-center\">Buscando dar cumplimiento a la Ley 1712 del 6 de marzo de 2014, de Transparencia y acceso a la informaci\u00f3n p\u00fablica, se relaciona a continuaci\u00f3n la informaci\u00f3n relaciona en dicha Ley.<\/p>\n ","protected":false},"excerpt":{"rendered":"<p>Buscando dar cumplimiento a la Ley 1712 del 6 de marzo de 2014, de Transparencia y acceso a la informaci\u00f3n p\u00fablica, se relaciona a continuaci\u00f3n la informaci\u00f3n relaciona en dicha Ley.<\/p>\n","protected":false},"author":6,"featured_media":0,"parent":0,"menu_order":0,"comment_status":"closed","ping_status":"closed","template":"","meta":{"footnotes":""},"acf":[],"_links":{"self":[{"href":"https:\/\/dev.smk.agency\/fla\/wp-json\/wp\/v2\/pages\/232"}],"collection":[{"href":"https:\/\/dev.smk.agency\/fla\/wp-json\/wp\/v2\/pages"}],"about":[{"href":"https:\/\/dev.smk.agency\/fla\/wp-json\/wp\/v2\/types\/page"}],"author":[{"embeddable":true,"href":"https:\/\/dev.smk.agency\/fla\/wp-json\/wp\/v2\/users\/6"}],"replies":[{"embeddable":true,"href":"https:\/\/dev.smk.agency\/fla\/wp-json\/wp\/v2\/comments?post=232"}],"version-history":[{"count":64,"href":"https:\/\/dev.smk.agency\/fla\/wp-json\/wp\/v2\/pages\/232\/revisions"}],"predecessor-version":[{"id":1994,"href":"https:\/\/dev.smk.agency\/fla\/wp-json\/wp\/v2\/pages\/232\/revisions\/1994"}],"wp:attachment":[{"href":"https:\/\/dev.smk.agency\/fla\/wp-json\/wp\/v2\/media?parent=232"}],"curies":[{"name":"wp","href":"https:\/\/api.w.org\/{rel}","templated":true}]}}