{"id":234,"date":"2019-06-09T21:10:25","date_gmt":"2019-06-09T19:10:25","guid":{"rendered":"https:\/\/fla.com.co\/?page_id=234"},"modified":"2023-09-26T18:48:38","modified_gmt":"2023-09-26T16:48:38","slug":"pqrs","status":"publish","type":"page","link":"https:\/\/dev.smk.agency\/fla\/pqrs\/","title":{"rendered":"PQRS"},"content":{"rendered":"\n<p><strong>Denuncia:<\/strong> Aqu\u00ed podr\u00e1s presentar una denuncia por hechos de corrupci\u00f3n presuntamente cometidos por X servidores en el desempe\u00f1o de sus funciones.<\/p>\n\n\n\n<p><strong>Petici\u00f3n de informaci\u00f3n:<\/strong> En este espacio, podr\u00e1s solicitar informaci\u00f3n relacionada con la informaci\u00f3n p\u00fablica que reposa en la entidad.<\/p>\n\n\n\n<p><strong>Felicitaci\u00f3n:<\/strong> Cuando quieras felicitarnos por nuestro servicio este es el medio que puedes usar.<\/p>\n\n\n\n<p><strong>Queja: <\/strong>Aqu\u00ed podr\u00e1s manifestar tu inconformidad o descontento por la actuaci\u00f3n de la entidad o servidor, por la forma como te preste o no un servicio.<\/p>\n\n\n\n<p><strong>Petici\u00f3n de consulta:<\/strong> Aqu\u00ed puedes solicitarnos un concepto sobre las materias a nuestro cargo.<\/p>\n\n\n\n<p><strong>Reclamo: <\/strong>En este espacio, podr\u00e1s presentar de forma respetuosa solicitudes, con el fin de que se revise una actuaci\u00f3n administrativa, con la cual no te encuentras conforme, para que as\u00ed las misma sea mejorada o cambiada.<\/p>\n\n\n\n<p><strong>Petici\u00f3n de documentaci\u00f3n:<\/strong> En este espacio, podr\u00e1s solicitar copias de documentos que reposen en la entidad.<\/p>\n\n\n\n<p><strong>Sugerencia: <\/strong>Insin\u00faanos una idea o propuesta para mejorar el servicio o la gesti\u00f3n de la entidad.<\/p>\n\n\n\n<p class=\"has-text-align-center\">Si tienes una <strong>queja, duda<\/strong> o <strong>reclamo<\/strong> puedes contactarnos por alguno de los siguientes canales:<\/p>\n ","protected":false},"excerpt":{"rendered":"<p>Denuncia: Aqu\u00ed podr\u00e1s presentar una denuncia por hechos de corrupci\u00f3n presuntamente cometidos por X servidores en el desempe\u00f1o de sus funciones. Petici\u00f3n de informaci\u00f3n: En este espacio, podr\u00e1s solicitar informaci\u00f3n relacionada con la informaci\u00f3n p\u00fablica que reposa en la entidad. Felicitaci\u00f3n: Cuando quieras felicitarnos por nuestro servicio este es el medio que puedes usar. Queja:&#8230;  <a class=\"excerpt-read-more\" href=\"https:\/\/dev.smk.agency\/fla\/pqrs\/\" title=\"Read PQRS\">Leer m\u00e1s &raquo;<\/a><\/p>\n","protected":false},"author":6,"featured_media":0,"parent":0,"menu_order":0,"comment_status":"closed","ping_status":"closed","template":"","meta":{"footnotes":""},"acf":[],"_links":{"self":[{"href":"https:\/\/dev.smk.agency\/fla\/wp-json\/wp\/v2\/pages\/234"}],"collection":[{"href":"https:\/\/dev.smk.agency\/fla\/wp-json\/wp\/v2\/pages"}],"about":[{"href":"https:\/\/dev.smk.agency\/fla\/wp-json\/wp\/v2\/types\/page"}],"author":[{"embeddable":true,"href":"https:\/\/dev.smk.agency\/fla\/wp-json\/wp\/v2\/users\/6"}],"replies":[{"embeddable":true,"href":"https:\/\/dev.smk.agency\/fla\/wp-json\/wp\/v2\/comments?post=234"}],"version-history":[{"count":13,"href":"https:\/\/dev.smk.agency\/fla\/wp-json\/wp\/v2\/pages\/234\/revisions"}],"predecessor-version":[{"id":2573,"href":"https:\/\/dev.smk.agency\/fla\/wp-json\/wp\/v2\/pages\/234\/revisions\/2573"}],"wp:attachment":[{"href":"https:\/\/dev.smk.agency\/fla\/wp-json\/wp\/v2\/media?parent=234"}],"curies":[{"name":"wp","href":"https:\/\/api.w.org\/{rel}","templated":true}]}}