{"id":292,"date":"2019-06-10T06:33:39","date_gmt":"2019-06-10T04:33:39","guid":{"rendered":"https:\/\/fla.com.co\/?page_id=292"},"modified":"2023-09-11T23:44:13","modified_gmt":"2023-09-11T21:44:13","slug":"funciones-deberes","status":"publish","type":"page","link":"https:\/\/dev.smk.agency\/fla\/funciones-deberes\/","title":{"rendered":"Funciones y Deberes"},"content":{"rendered":"\n<p class=\"subtitle\">Funciones del Organismo<\/p>\n\n\n\n<p>El Objeto de la F\u00e1brica de Licores y Alcoholes de Antioquia es: \u201c\u2026 producir, comercializar, vender, importar, y distribuir licores destilados, alcohol potable y no potable; as\u00ed como bebidas alcoh\u00f3licas y no alcoh\u00f3licas, productos sanitarios, medicinales, alimenticios y complementarios.\u201d<\/p>\n\n\n\n<br><br><div class=\"embed-responsive embed-responsive-16by9\">\n            <embed class=\"embed-responsive-item\" src=\"https:\/\/dev.smk.agency\/fla\/resoluciones\/ORDENANZA19CREACIO%CC%81NDELAFLAEICE.pdf\">\n        <\/div><br><br>\n\n\n<br><br><div class=\"embed-responsive embed-responsive-16by9\">\n            <embed class=\"embed-responsive-item\" src=\"https:\/\/dev.smk.agency\/fla\/resoluciones\/Misio%CC%81n-visio%CC%81n-funcionesydeberes.pdf\">\n        <\/div><br><br>\n\n\n\n<h2 class=\"wp-block-heading\">Prop\u00f3sito superior y valores<\/h2>\n ","protected":false},"excerpt":{"rendered":"<p>Funciones del Organismo El Objeto de la F\u00e1brica de Licores y Alcoholes de Antioquia es: \u201c\u2026 producir, comercializar, vender, importar, y distribuir licores destilados, alcohol potable y no potable; as\u00ed como bebidas alcoh\u00f3licas y no alcoh\u00f3licas, productos sanitarios, medicinales, alimenticios y complementarios.\u201d Prop\u00f3sito superior y valores<\/p>\n","protected":false},"author":6,"featured_media":0,"parent":0,"menu_order":0,"comment_status":"closed","ping_status":"closed","template":"","meta":{"footnotes":""},"acf":[],"_links":{"self":[{"href":"https:\/\/dev.smk.agency\/fla\/wp-json\/wp\/v2\/pages\/292"}],"collection":[{"href":"https:\/\/dev.smk.agency\/fla\/wp-json\/wp\/v2\/pages"}],"about":[{"href":"https:\/\/dev.smk.agency\/fla\/wp-json\/wp\/v2\/types\/page"}],"author":[{"embeddable":true,"href":"https:\/\/dev.smk.agency\/fla\/wp-json\/wp\/v2\/users\/6"}],"replies":[{"embeddable":true,"href":"https:\/\/dev.smk.agency\/fla\/wp-json\/wp\/v2\/comments?post=292"}],"version-history":[{"count":9,"href":"https:\/\/dev.smk.agency\/fla\/wp-json\/wp\/v2\/pages\/292\/revisions"}],"predecessor-version":[{"id":2522,"href":"https:\/\/dev.smk.agency\/fla\/wp-json\/wp\/v2\/pages\/292\/revisions\/2522"}],"wp:attachment":[{"href":"https:\/\/dev.smk.agency\/fla\/wp-json\/wp\/v2\/media?parent=292"}],"curies":[{"name":"wp","href":"https:\/\/api.w.org\/{rel}","templated":true}]}}