{"id":632,"date":"2019-08-01T18:21:54","date_gmt":"2019-08-01T16:21:54","guid":{"rendered":"https:\/\/fla.com.co\/?page_id=632"},"modified":"2021-11-02T21:38:35","modified_gmt":"2021-11-02T20:38:35","slug":"terminos-y-condiciones","status":"publish","type":"page","link":"https:\/\/dev.smk.agency\/fla\/terminos-y-condiciones\/","title":{"rendered":"T\u00e9rminos y Condiciones"},"content":{"rendered":"\n<h2 class=\"wp-block-heading\"><strong>1. Aceptaci\u00f3n de T\u00e9rminos y Condiciones de Uso<\/strong><\/h2>\n\n\n\n<p>Al acceder, navegar, o usar este sitio de la F\u00e1brica de Licores y Alcoholes de Antioquia, (en adelante la FLA EICE), https:\/\/dev.smk.agency\/fla\/ (en adelante el \u201cSitio\u201d), el usuario admite haber le\u00eddo y entendido los presentes T\u00e9rminos y Condiciones de Uso y est\u00e1 de acuerdo en sujetarse a los mismos y cumplir con todas las leyes y reglamentos aplicables que hagan parte de la legislaci\u00f3n colombiana. Adem\u00e1s, cuando el usuario utilice cualquier informaci\u00f3n o servicio suministrado en este Sitio, tales como, pero sin limitarse a ellos, chat, buzones de sugerencias, concursos o e-commerce (en caso de crearse), estar\u00e1 sujeto a las reglas, gu\u00edas, pol\u00edticas, t\u00e9rminos y condiciones aplicables a dicho servicio.<\/p>\n\n\n\n<p>En el evento que el usuario no est\u00e9 de acuerdo con estos T\u00e9rminos y Condiciones de Uso, comedidamente le solicitamos el favor de abstenerse inmediatamente de usar este Sitio.<\/p>\n\n\n\n<p>Este Sitio es controlado y operado por la FLA EICE desde sus oficinas ubicadas en Itag\u00fc\u00ed, Colombia. La FLA EICE no es responsable de que el material en este Sitio sea apropiado o est\u00e9 disponible para su uso en otros lugares, estando prohibido su acceso desde territorios donde su contenido sea ilegal. Para ingresar, como lo estipula la ley, tiene un registro de edad, donde el usuario del Sitio da fe que es mayor de edad y, por tanto, puede ingresar. Si es menor de edad favor abstenerse de ingresar. Aquellos que decidan acceder a este Sitio desde otros lugares lo har\u00e1n bajo su propia iniciativa, y es su responsabilidad el sujetarse a las leyes que sean aplicables. Cualquier reclamo en relaci\u00f3n con este Sitio y el material en \u00e9l contenido, est\u00e1 regulado por las leyes de Colombia.<\/p>\n\n\n\n<p>Estos T\u00e9rminos y Condiciones de Uso est\u00e1n sujetos a cambios sin previo aviso en cualquier momento, bajo la sola voluntad de la FLA EICE, y a partir de la fecha de publicaci\u00f3n de la modificaci\u00f3n de estos T\u00e9rminos y Condiciones de Uso en este Sitio, todas las operaciones que se celebren entre la FLA EICE y el usuario se regir\u00e1n por el documento modificado.<\/p>\n\n\n\n<h2 class=\"wp-block-heading\"><strong>2. Independencia de Disposiciones<\/strong><\/h2>\n\n\n\n<p>En el evento que una o m\u00e1s de las disposiciones contenidas en estos T\u00e9rminos y Condiciones sean consideradas nulas, ilegales o ineficaces en cualquier aspecto, la validez, legalidad, exigibilidad o eficacia del resto de las disposiciones aqu\u00ed contenidas no se ver\u00e1n afectadas o anuladas por dicha circunstancia.<\/p>\n\n\n\n<h2 class=\"wp-block-heading\"><strong>3. https:\/\/dev.smk.agency\/fla\/<\/strong><\/h2>\n\n\n\n<p>https:\/\/dev.smk.agency\/fla\/ es un Sitio web dedicado a la utilizaci\u00f3n de diversos servicios y contenidos, tales como la descripci\u00f3n la FLA EICE y sus \u00e1reas, productos, servicios, informaci\u00f3n financiera, noticias y dem\u00e1s temas de inter\u00e9s. https:\/\/dev.smk.agency\/fla\/ es un nombre de dominio de propiedad de la FLA EICE, constituida bajo las leyes colombianas, cuya actividad es producir, comercializar, vender, importar, y distribuir licores destilados, alcohol potable y no potable, as\u00ed como bebidas alcoh\u00f3licas y no alcoh\u00f3licas, productos sanitarios, medicinales, alimenticios y complementarios.<\/p>\n\n\n\n<h2 class=\"wp-block-heading\"><strong>4. Derechos de Autor<\/strong><\/h2>\n\n\n\n<p>Todo el material inform\u00e1tico, gr\u00e1fico, publicitario, fotogr\u00e1fico, de multimedia, audiovisual y de dise\u00f1o, as\u00ed como todos los contenidos, textos y bases de datos puestos a su disposici\u00f3n en este Sitio son de propiedad exclusiva de la FLA EICE, o en algunos casos, de terceros que han autorizado a la FLA EICE su uso o explotaci\u00f3n (en adelante \u201clos Contenidos\u201d). Igualmente, el uso en https:\/\/dev.smk.agency\/fla\/ de algunos contenidos de propiedad de terceros se encuentra expresamente autorizado por la ley o por dichos terceros. Todos los Contenidos en https:\/\/dev.smk.agency\/fla\/ est\u00e1n protegidos por las normas sobre Derechos de Autor y por todas las normas nacionales e internacionales que le sean aplicables.<\/p>\n\n\n\n<p>Exceptuando lo expresamente estipulado en estos T\u00e9rminos y Condiciones, queda prohibido todo acto de copia, reproducci\u00f3n, modificaci\u00f3n, creaci\u00f3n de trabajos derivados, venta o distribuci\u00f3n, exhibici\u00f3n de los contenidos de este Sitio, de manera o por medio alguno, incluyendo, m\u00e1s no limitado a, medios electr\u00f3nicos, mec\u00e1nicos, de fotocopiado, de grabaci\u00f3n o de cualquier otra \u00edndole, sin el permiso previo y escrito de la FLA EICE o del titular de los derechos de autor. En ning\u00fan caso estos T\u00e9rminos y Condiciones confieren derechos, licencias ni autorizaciones para realizar los actos anteriormente prohibidos. Cualquier uso no autorizado de los Contenidos constituir\u00e1 una violaci\u00f3n a los presentes T\u00e9rminos y Condiciones y a las normas vigentes sobre derechos de autor y a cualquier otra que sea aplicable. La FLA EICE otorga al usuario una licencia y derecho personal, intransferible y no exclusivo para desplegar https:\/\/dev.smk.agency\/fla\/ en la pantalla de un computador, ordenador o dispositivo m\u00f3vil, tableta o PDA bajo su control, para utilizar el c\u00f3digo objeto (no el c\u00f3digo fuente) del software de https:\/\/dev.smk.agency\/fla\/. La licencia mencionada anteriormente no se extiende a la Propiedad Industrial de la FLA EICE o de terceros, y termina autom\u00e1ticamente ante el incumplimiento del usuario de cualquiera de las previsiones de estos T\u00e9rminos y Condiciones. La licencia otorgada por la FLA EICE se realiza teniendo en cuenta que el usuario no podr\u00e1 modificar, crear, distribuir, reproducir o exhibir un trabajo derivado de ello, invierta el proceso, invierta el montaje o de alg\u00fan modo intente descubrir alg\u00fan c\u00f3digo de acceso, vender, ceder, sub licenciar, prestar garant\u00eda o transferir cualquier derecho en el software de https:\/\/dev.smk.agency\/fla\/. El usuario se obliga por los presentes T\u00e9rminos y Condiciones a no modificar el software del Sitio de ninguna manera.<\/p>\n\n\n\n<h2 class=\"wp-block-heading\"><strong>5. Propiedad Industrial<\/strong><\/h2>\n\n\n\n<p>Todas las marcas, logos, nombres, ense\u00f1as y cualesquiera otros signos distintivos, as\u00ed como los modelos de utilidad o dise\u00f1os industriales y dem\u00e1s elementos de propiedad industrial o intelectual insertados, usados o desplegados en este Sitio son Propiedad exclusiva de la FLA EICE y en algunos casos son de propiedad de terceros que han autorizado expresamente a la FLA EICE para su uso o explotaci\u00f3n.<\/p>\n\n\n\n<p>Igualmente, en algunos casos el uso de propiedad Industrial de terceros ha sido autorizado por la ley de manera general, y en consecuencia su uso no requiere de autorizaci\u00f3n previa y expresa de su titular. Nada en https:\/\/dev.smk.agency\/fla\/ podr\u00e1 ser interpretado como concesi\u00f3n u otorgamiento a cualquier t\u00edtulo de autorizaciones, licencias o cualquier otro derecho para usar o disponer de cualquier forma de la Propiedad Industrial, sin el permiso previo y escrito de la FLA EICE o del titular de los derechos de la misma. Cualquier uso no autorizado constituir\u00e1 una violaci\u00f3n a los presentes T\u00e9rminos y Condiciones y a las normas vigentes nacionales e internacionales sobre Propiedad Industrial acarre\u00e1ndole las sanciones y consecuencias a que haya lugar, incluyendo el pago de perjuicios.<\/p>\n\n\n\n<h2 class=\"wp-block-heading\"><strong>6. Linking, Deeplinking y Framing<\/strong><\/h2>\n\n\n\n<p>La FLA EICE proh\u00edbe el uso de los nombres, logos, marcas y cualquiera otros signos distintivos de su propiedad como hiperv\u00ednculos (\u00ablinks\u201d) direccionados a sitios en Internet cuya URL sea diferente de https:\/\/dev.smk.agency\/fla\/, a menos que el establecimiento de un enlace de tal naturaleza sea aprobado por la FLA EICE previamente y por escrito, en cuyo caso deber\u00e1 atenerse a los criterios y manuales de dise\u00f1o y publicidad establecidos por la FLA EICE. La FLA EICE se reserva el derecho de solicitar el retiro de enlaces que hayan sido establecidos en sitios web sin su expresa y previa autorizaci\u00f3n. El establecimiento en p\u00e1ginas no controladas por la FLA EICE de enlaces a subdirectorios dentro del URL (Deeplinking) queda prohibido. El despliegue, uso, exhibici\u00f3n, copia o cualquier otra forma de reproducci\u00f3n del Sitio https:\/\/dev.smk.agency\/fla\/ o de cualquiera de sus subdirectorios y p\u00e1ginas, en sitios no controlados por la FLA EICE (\u201cFraming\u201d) queda expresamente prohibido. La inobservancia de estas prohibiciones ser\u00e1 una violaci\u00f3n a los derechos de propiedad intelectual sobre los Contenidos y a los derechos sobre la Propiedad Industrial.<\/p>\n\n\n\n<h2 class=\"wp-block-heading\"><strong>7. Consultas<\/strong><\/h2>\n\n\n\n<p>Cualquier pregunta relacionada con el uso de marcas, logos, signos, ense\u00f1as, distintivos y en general de cualquier elemento de Propiedad Industrial del Sitio, as\u00ed como las relacionadas con el uso de los Contenidos o con el establecimiento de Links hacia el URL https:\/\/dev.smk.agency\/fla\/ podr\u00e1 ser hecha a la FLA en Itag\u00fc\u00ed Colombia al tel\u00e9fono (5) 604 3837002, directamente a trav\u00e9s de https:\/\/dev.smk.agency\/fla\/ o en el correo <strong>mercuriofla@fla.com.co<\/strong>. Su uso, en contravenci\u00f3n de lo aqu\u00ed dispuesto, dar\u00e1 lugar a las acciones civiles y penales correspondientes.<\/p>\n\n\n\n<h2 class=\"wp-block-heading\"><strong>8. Exoneraci\u00f3n y Garant\u00edas<\/strong><\/h2>\n\n\n\n<p>De conformidad con la Ley de la Rep\u00fablica de Colombia, el material contenido en este Sitio, incluyendo sin limitaci\u00f3n, textos, gr\u00e1ficos y v\u00ednculos (links), son suministrados sobre la base de \u00abtal como es\u00bb (\u00abas is\u00bb), sin haber de por medio garant\u00edas de cualquier tipo, ya sea expresas o impl\u00edcitas, incluyendo, m\u00e1s no limitado a, garant\u00edas de comerciabilidad, adecuaci\u00f3n para un prop\u00f3sito particular, no contravenci\u00f3n u otra violaci\u00f3n de derechos. La FLA no garantiza el uso, validez, precisi\u00f3n o confiabilidad de \u00e9ste, o los resultados del uso del Sitio, o cualquier otra situaci\u00f3n con respecto a \u00e9ste o cualquier sitio web enlazado con este Sitio. La FLA advierte a sus clientes que la informaci\u00f3n de este sitio web puede contener errores o inexactitudes, no estar completa o actualizada. Por ello, la FLA se reserva el derecho de corregir cualquier error, omisi\u00f3n o inexactitud, cambiar o actualizar la misma en cualquier momento y sin previo aviso.<\/p>\n\n\n\n<h2 class=\"wp-block-heading\"><strong>9. Responsabilidad Limitada<\/strong><\/h2>\n\n\n\n<p>Sin perjuicio de lo determinado en las normas imperativas de la legislaci\u00f3n colombiana aplicable, la FLA EICE no asume responsabilidad alguna, incluyendo las que se deriven por cualquier da\u00f1o o perjuicio, incluyendo m\u00e1s no limitado a p\u00e9rdida de informaci\u00f3n o utilidades, existencia de virus, resultados del uso o la incapacidad para usar el material en este Sitio, oportunidades de negocios perdidas, o cualquier otro da\u00f1o, aun cuando el usuario nos haya avisado acerca de la posibilidad de tales da\u00f1os, o por cualquier reclamo de terceros, salvo lo que expresamente aqu\u00ed se estipula.<\/p>\n\n\n\n<p>Bajo los t\u00e9rminos aqu\u00ed se\u00f1alados, la FLA EICE no asume ninguna responsabilidad por la informaci\u00f3n que se suministra en la p\u00e1gina, incluyendo pero sin limitarse a la referente a productos, servicios, notas de inter\u00e9s, opiniones, consejos pr\u00e1cticos y soluci\u00f3n de inquietudes. Igualmente, la FLA EICE no es o ser\u00e1 responsable por la imposibilidad de, o por problemas en la utilizaci\u00f3n del Sitio o de alguna de las p\u00e1ginas que lo conforman, incluyendo, pero sin limitarse a eventos tales como problemas en el servidor o en la conexi\u00f3n, interrupciones en su comunicaci\u00f3n, o problemas t\u00e9cnicos. En el evento que el uso del material de este Sitio d\u00e9 como resultado la necesidad de dar servicio a, reparar o corregir equipo o informaci\u00f3n, el usuario asume cualquier costo derivado de ello.<\/p>\n\n\n\n<h2 class=\"wp-block-heading\"><strong>10. Visitas al Sitio<\/strong><\/h2>\n\n\n\n<p>La prestaci\u00f3n del servicio del Sitio tiene car\u00e1cter gratuito para los usuarios, salvo, la utilizaci\u00f3n de algunos Servicios, los cuales s\u00f3lo puede hacerse mediante suscripci\u00f3n o registro del usuario, de la forma en que se indica expresamente en sus correspondientes secciones. Las visitas que realice a sus sitios web a trav\u00e9s de los v\u00ednculos (links) de este Sitio, ser\u00e1n por la exclusiva cuenta y riesgo de los usuarios, sin que de manera alguna comprometan la responsabilidad de la FLA EICE.<\/p>\n\n\n\n<p>El usuario se obliga a usar los contenidos de una manera diligente, correcta, l\u00edcita y, en especial, se compromete a no realizar las conductas descritas a continuaci\u00f3n:<\/p>\n\n\n\n<ol type=\"a\"><li>Utilizar los contenidos de forma, con fines o efectos contrarios a la ley, a la moral y a las buenas costumbres generalmente aceptadas o al orden p\u00fablico.<\/li><li>Reproducir, copiar, representar, utilizar, distribuir, transformar o modificar los contenidos, por cualquier procedimiento o sobre cualquier soporte, total o parcial del Sitio o permitir el acceso del p\u00fablico a trav\u00e9s de cualquier modalidad de comunicaci\u00f3n p\u00fablica, distintos de los que, seg\u00fan los casos, se hayan puesto a su disposici\u00f3n a este efecto o se hayan indicado en las p\u00e1ginas web donde se encuentren los contenidos o, en general, de los que se empleen habitualmente en Internet a este efecto siempre que no entra\u00f1en un riesgo de da\u00f1o o inutilizaci\u00f3n del Sitio, de los Servicios o de los Contenidos.<\/li><li>Suprimir, eludir o manipular el \u201ccopyright\u201d y dem\u00e1s datos identificativos de los derechos de la FLA EICE o de sus titulares incorporados a los contenidos, as\u00ed como los dispositivos t\u00e9cnicos de protecci\u00f3n, las huellas digitales o cualesquiera mecanismos de informaci\u00f3n que pudieren contener los Contenidos.<\/li><li>Emplear los contenidos y, en particular, la informaci\u00f3n de cualquier clase obtenida a trav\u00e9s del Sitio o de los Servicios para distribuir, transmitir, remitir, modificar, rehusar o reportar la publicidad o los contenidos del Sitio con fines de venta directa o con cualquier otra clase de finalidad comercial, mensajes no solicitados dirigidos a una pluralidad de personas con independencia de su finalidad, as\u00ed como a abstenerse de comercializar o divulgar de cualquier modo dicha informaci\u00f3n. En consecuencia, el usuario podr\u00e1 descargar el material que aqu\u00ed se publica, en soporte papel o inform\u00e1tico, s\u00f3lo para fines personales y con la citaci\u00f3n de la fuente.<\/li><li>Utilizar el Sitio y los Servicios con fines o efectos il\u00edcitos, contrarios a lo establecido en estos T\u00e9rminos y Condiciones, lesivos de los derechos e intereses de terceros, o que de cualquier forma puedan da\u00f1ar, inutilizar, sobrecargar o deteriorar el Sitio y los Servicios o impedir la normal utilizaci\u00f3n o disfrute del Sitio y de los Servicios por parte de los usuarios.<\/li><\/ol>\n\n\n\n<h2 class=\"wp-block-heading\"><strong>11. Espacios de interacci\u00f3n<\/strong><\/h2>\n\n\n\n<p>La FLA EICE dispone espacios para que los usuarios comenten e interact\u00faen sobre los contenidos del Sitio, sin embargo, las opiniones y publicaciones realizadas por terceros no representan las opiniones de la FLA EICE, quien tiene la potestad de no publicar y eliminar los comentarios que atenten contra la integridad humana o los t\u00e9rminos y condiciones de uso de sus canales digitales.<\/p>\n\n\n\n<h2 class=\"wp-block-heading\"><strong>12. Revisi\u00f3n de los T\u00e9rminos<\/strong><\/h2>\n\n\n\n<p>En cualquier momento la FLA EICE puede revisar los T\u00e9rminos y Condiciones de Uso planteados, por medio de la actualizaci\u00f3n de este anuncio. Al usar https:\/\/dev.smk.agency\/fla\/ el usuario conviene en darse por obligado por cualquiera de tales revisiones, las cuales estar\u00e1n vigentes a partir del momento en que las mismas sean accesibles por los usuarios, debiendo entonces visitar peri\u00f3dicamente esta p\u00e1gina para determinar los t\u00e9rminos y condiciones vigentes en ese momento a los cuales el usuario estar\u00e1 obligado en el evento que decida utilizar este Sitio.<\/p>\n\n\n\n<p><\/p>\n\n\n\n<p><\/p>\n\n\n\n<h2 class=\"wp-block-heading\"><strong>CONDICIONES DE USO de las redes sociales de la F\u00e1brica de Licores y Alcoholes de Antioquia, FLA \u2013 EICE y de sus productos<\/strong><\/h2>\n\n\n\n<p>Al usar o interactuar en las redes sociales de la F\u00e1brica de Licores y Alcoholes de Antioquia EICE, (FLA-EICE), o de sus productos Aguardiente Antioque\u00f1o, Ron Medell\u00edn y los dem\u00e1s que se saquen, <strong>ten en cuenta nuestros T\u00e9rminos y Condiciones de Uso<\/strong>; as\u00ed evitar\u00e1s que tus comentarios seas eliminados o bloqueados. Nuestra intenci\u00f3n es brindarte alegr\u00eda siempre, as\u00ed como tambi\u00e9n respuestas con informaci\u00f3n clara y exacta.<\/p>\n\n\n\n<ol type=\"1\"><li>La participaci\u00f3n en los perfiles de redes sociales es de car\u00e1cter voluntario.<\/li><li>No realices comentarios discriminatorios relacionados con raza, sexo, religi\u00f3n o ideolog\u00eda.<\/li><li>S\u00e9 precavido en no vulnerar los derechos de autor, patentes, marcas registradas, secreto comercial, derechos de copia y\/o reproducci\u00f3n, o derechos de propiedad intelectual.<\/li><li>No violes las normas aplicables en Colombia, ni hagas comentarios que promuevan violar las mismas.<\/li><li>No publiques contenido que motive cualquier tipo de maltrato f\u00edsico, emocional o que vulnere los derechos humanos.<\/li><li>Ten precauci\u00f3n en no desarrollar acciones que vayan en contra de los t\u00e9rminos de uso de nuestras plataformas sociales.<\/li><li>Trata de no publicar tus datos personales ni los de ninguna otra persona.<\/li><li>No uses palabras soeces ni lenguaje ofensivo.<\/li><li>No promociones productos o servicios con fines comerciales o lucrativos.<\/li><\/ol>\n\n\n\n<p><strong>Horario de atenci\u00f3n<\/strong><\/p>\n\n\n\n<p>El horario de atenci\u00f3n en la F\u00e1brica de Licores y Alcoholes de Antioquia EICE, FLA &#8211; EICE, es de lunes a viernes entre las 7:30 a.m. y las 5 p.m.<\/p>\n\n\n\n<p>La pol\u00edtica de condiciones de uso de redes sociales se encuentra sujeta a correcciones o modificaciones en cualquier momento para asegurar que su constante uso sea coherente con la finalidad prevista.<\/p>\n\n\n\n<p><strong>Nuestras redes<\/strong> <strong>sociales<\/strong> de la FLA-EICE o de nuestros productos Aguardiente Antioque\u00f1o, Ron Medell\u00edn y los que se saquen, <strong>no son un canal oficial para la atenci\u00f3n de quejas y reclamos<\/strong>. Si tienes alguna inquietud favor comun\u00edcate a nuestra <strong>l\u00ednea 604 3837000<\/strong> o al correo <strong>mercuriofla@fla.com.co<\/strong>. Consulta otros canales de atenci\u00f3n en nuestro Sitio web: https:\/\/dev.smk.agency\/fla\/<\/p>\n ","protected":false},"excerpt":{"rendered":"<p>1. Aceptaci\u00f3n de T\u00e9rminos y Condiciones de Uso Al acceder, navegar, o usar este sitio de la F\u00e1brica de Licores y Alcoholes de Antioquia, (en adelante la FLA EICE), https:\/\/dev.smk.agency\/fla\/ (en adelante el \u201cSitio\u201d), el usuario admite haber le\u00eddo y entendido los presentes T\u00e9rminos y Condiciones de Uso y est\u00e1 de acuerdo en sujetarse a&#8230;  <a class=\"excerpt-read-more\" href=\"https:\/\/dev.smk.agency\/fla\/terminos-y-condiciones\/\" title=\"Read T\u00e9rminos y Condiciones\">Leer m\u00e1s &raquo;<\/a><\/p>\n","protected":false},"author":6,"featured_media":0,"parent":0,"menu_order":0,"comment_status":"closed","ping_status":"closed","template":"","meta":{"footnotes":""},"acf":[],"_links":{"self":[{"href":"https:\/\/dev.smk.agency\/fla\/wp-json\/wp\/v2\/pages\/632"}],"collection":[{"href":"https:\/\/dev.smk.agency\/fla\/wp-json\/wp\/v2\/pages"}],"about":[{"href":"https:\/\/dev.smk.agency\/fla\/wp-json\/wp\/v2\/types\/page"}],"author":[{"embeddable":true,"href":"https:\/\/dev.smk.agency\/fla\/wp-json\/wp\/v2\/users\/6"}],"replies":[{"embeddable":true,"href":"https:\/\/dev.smk.agency\/fla\/wp-json\/wp\/v2\/comments?post=632"}],"version-history":[{"count":8,"href":"https:\/\/dev.smk.agency\/fla\/wp-json\/wp\/v2\/pages\/632\/revisions"}],"predecessor-version":[{"id":1340,"href":"https:\/\/dev.smk.agency\/fla\/wp-json\/wp\/v2\/pages\/632\/revisions\/1340"}],"wp:attachment":[{"href":"https:\/\/dev.smk.agency\/fla\/wp-json\/wp\/v2\/media?parent=632"}],"curies":[{"name":"wp","href":"https:\/\/api.w.org\/{rel}","templated":true}]}}