{"id":998,"date":"2020-12-29T19:56:54","date_gmt":"2020-12-29T18:56:54","guid":{"rendered":"https:\/\/fla.com.co\/?page_id=998"},"modified":"2024-02-27T22:33:24","modified_gmt":"2024-02-27T21:33:24","slug":"acuerdos_2","status":"publish","type":"page","link":"https:\/\/dev.smk.agency\/fla\/acuerdos_2\/","title":{"rendered":"Acuerdos"},"content":{"rendered":"\n<p class=\"has-text-align-center\">En los siguientes enlaces encontrar\u00e1 los actos administrativos de car\u00e1cter general:<\/p>\n\n\n\n<link rel=\"stylesheet\" href=\"https:\/\/use.fontawesome.com\/releases\/v5.7.0\/css\/all.css\" integrity=\"sha384-lZN37f5QGtY3VHgisS14W3ExzMWZxybE1SJSEsQp9S+oqd12jhcu+A56Ebc1zFSJ\" crossorigin=\"anonymous\">\n<link rel=\"stylesheet\" type=\"text\/css\" href=\"https:\/\/cdn.datatables.net\/1.11.4\/css\/jquery.dataTables.css\">\n<link rel=\"preconnect\" href=\"https:\/\/fonts.googleapis.com\">\n<link rel=\"preconnect\" href=\"https:\/\/fonts.gstatic.com\" crossorigin=\"\">\n<link href=\"https:\/\/fonts.googleapis.com\/css2?family=Roboto:ital,wght@0,100;0,300;0,400;0,500;0,700;0,900;1,100;1,300;1,400;1,500;1,700;1,900&amp;display=swap\" rel=\"stylesheet\">\n<script src=\"https:\/\/kit.fontawesome.com\/5965e54bdf.js\" crossorigin=\"anonymous\"><\/script>\n\n<style>\n.modal-body.accion li a {\n    font-size: 14px;\n    text-decoration: none;\n    color: #333!important;\n    \/* text-align: left; *\/\n    float: left;\n}\nh5#exampleModalLabel {\n    color: #0f8a44;\n    font-family: Taviraj-Bold;\n}\n.anterior_ a {\n    color: #0f8a44;\n    \/* margin-top: 93px; *\/\n    font-size: 25px;\n}\n.anterior_ {\n    margin-top: 30px;\n}\n.modal-body img {\n    size: 9%!important;\n    width: 10%;\n}\n.modal-body {\n    font-size: 37px;\n    font-family: Roboto-Light;\n    text-align: center;\n}\n.titulo_ppal h2 {\n    border-radius: 15px 15px 0px 0px;\n    background-color: #CCC;\n    padding: 10px;\n    font-weight: bold!important;\n    text-transform: capitalize!important;\n}\n.separador {\n    border-bottom: 1px solid #ccc;\n}\nh4.titulo_h4 {\n    text-align: left;\n    background-color: #F5f5f5;\n    padding: 5px;\n    text-transform: capitalize!important;\n    text-align: left!important;\n}\n.card-body.verde li a {\n    color: inherit;\n}\n.card {\nmargin-bottom: 10px;\n}\n.titulo_ppal h2 {\n    color: #333!important;\n    font-family: Roboto-Regular!important;\n}\na.verde {\n    color: #0f8a44;\n}\na.blanco {\n    color: #fff;\n}\n::marker {\n    display: none;\n    color: white;\n}\n.listado ul li a {\n    font-size: 14px;\n    text-decoration: none;\n}\nh4.titulo_h4, .titulo_ppal {\n    text-align: center;\n}\n.card-header.verde h5 button {\n    color: #fff;\n    font-size: 25px;\n}\n.card-header.blanco h5 button {\n    color: #0f8a44;\n    font-size: 25px;\n}\n.panel.panel-default.verde li a {\n    color: #fff;\n    font-size: 14px;\n}\n.card-body.verde li a, .listado li a {\n    color: #333!important;\n}\n.card-body.blanco li a {\n    color: #0f8a44;\n}\n.panel.panel-default.blanco li a {\n    color: #0f8a44;\n    font-size: 14px;\n}\n.panel-group .panel {\n    margin-bottom: 0;\n    border-radius: 4px;\n}\n.panel-default {\n    border-color: #ddd;\n}\n.panel {\n    margin-bottom: 20px;\n    background-color: transparent;\n    border: 1px solid transparent;\n    border-radius: 4px;\n    -webkit-box-shadow: 0 1px 1px rgb(0 0 0 \/ 5%);\n    box-shadow: 0 1px 1px rgb(0 0 0 \/ 5%);\n}\n.panel-default>.panel-heading {\n    color: #333;\n    background-color: #f5f5f5;\n    border-color: #ddd;\n}\n.panel-title {\n    margin-top: 0;\n    font-size: 16px;\n}\n.main .container-main .container-page h4 {\n    font-size: 19px;\n}\n.panel.panel-default.verde, .card-header.verde {\n    background-color: #0f8a44;\n}\ndiv.panel-heading.verde {\n    background-color: #0f8a44;\n}\nh4.panel-title.blanco a {\n    color: #fff;\n    margin-left: 11px;\n}\n.panel.panel-default.blanco, .card-header.blanco {\n    background-color: #fff;\n}\ndiv.panel-heading.blanco {\n    background-color: #fff;\n    border: 1px solid #0f8a44;\n    border-radius: 5px;\n}\nh4.panel-title.verde a {\n    color: #0f8a44;\n    margin-left: 11px;\n}\n.main .container-main .container-page h4 {\n    margin-bottom: 0px;\n}\n.modal-content.otro {\n    width: 590px;\n}\ntd.des {\ntext-align: center;\nwidth: 7%;\nfont-family: Roboto-Light;\ncolor: #323232;\n}\ntd.ano {\ntext-align: center;\nwidth: 7%;\nfont-family: Roboto-Light;\ncolor: #323232;\n}\ntd.plan {\nfont-family: Roboto-Light;\n}\ntd.des a {\ncolor: #323232;\ntext-decoration: none;\n}\ntr.titulos {\nfont-family: Roboto-Light;\ncolor: #0f8a44;\nfont-size: 20px;\n}\nbody {\nfont-family: Roboto-Light;\n}\n.modal-body.accion2 {\n    font-size: 12px;\n}\n.modal-dialog.accion_2 {\n    \/* width: 660px; *\/\n    max-width: 700px;\n}\ntd.plan {\n    text-align: left;\n}\na.blanco {\n    color: #0f8a44!important;\n}\n.card-header.verde h5 button {\n    color: #0f8a44!important;\n    font-size: 25px;\n}\n.card-header.blanco {\n    background-color: #fafafa!important;\n}\n.card-header.verde {\n    background-color: #f1f1f1;}\n.modal-body.accion li a, .modal-body.accion li {\n    font-size: 14px!important;\n    text-decoration: none;\n    color: #333!important;\n    text-align: left!important;\n    float: left!important;\n}\n.modal-body.accion li {\n    width: 100%!important;\n}\nli.verde_ a {\n    color: #0f8a44!important;\n}\n.card-body.blanco li a:hover {\n    color: #0f8a44!important;\n}\nh4.mouse {\n    cursor: pointer;\n}\n<\/style>\n\n\n<table id=\"tabla_oci\" class=\"display\">\n  <thead>\n    <tr class=\"titulos\">\n      <th>Acuerdo<\/th>\n\t\t\t<th>A\u00f1o<\/th>\n      <th>Documento<\/th>\n    <\/tr>\n  <\/thead>\n  <tbody>\n\n\n    <tr>\n      <td data-order=\"1\" class=\"plan\">Acuerdo No. 015 del 14 de febrero de 2024 \u00abPor medio del cual se modifica el Reglamento Interno de la Junta Directiva de la F\u00e1brica de Licores y Alcoholes de Antioquia\u00bb<\/td>\n      <td class=\"ano\">2024<\/td>\n      <td class=\"des\"><a target=\"_blank\" href=\"https:\/\/dev.smk.agency\/fla\/acuerdos\/Acuerdo_No_015.pdf\" rel=\"noopener\">Descargar<\/a><\/td>\n    <\/tr>\n\n    \n\n\t\t<tr>\n\t\t\t<td data-order=\"1\" class=\"plan\">Acuerdo 14 &#8211; Se refrenda la desagregaci\u00f3n del Presupuesto de Ingresos y Gastos para el a\u00f1o 2023 de la Empresa Industrial y Comercial del Estado F\u00e1brica de Licores y Alcoholes de Antioquia y se dictan otras disposiciones<\/td>\n\t\t\t<td class=\"ano\">2023<\/td>\n\t\t\t<td class=\"des\"><a target=\"_blank\" href=\"https:\/\/dev.smk.agency\/fla\/resoluciones\/acuerdo_14.pdf\" rel=\"noopener\">Descargar<\/a><\/td>\n\t\t<\/tr>\n\n\n\t\t<tr>\n\t\t\t<td data-order=\"1\" class=\"plan\"> Acuerdo 013 &#8211; Se autoriza la creaci\u00f3n del Programa de Vivienda para los servidores p\u00fablicos de la Empresa Industrial y Comercial del Estado F\u00e1brica de Licores y Alcoholes de Antioquia y se dictan otras disposiciones<\/td>\n\t\t\t<td class=\"ano\">2022<\/td>\n\t\t\t<td class=\"des\"><a target=\"_blank\" href=\"https:\/\/dev.smk.agency\/fla\/acuerdos\/image2022-10-18-090000.pdf\" rel=\"noopener\">Descargar<\/a><\/td>\n\t\t<\/tr>\n\n\n\t\t<tr>\n\t\t\t<td data-order=\"1\" class=\"plan\">Acuerdo 011 &#8211; Se crea la Oficina de Control Interno Disciplinario y se modifica el Acuerdo N\u00b0005 del 21 de diciembre de 2020 \u00abPor medio del cual se determina la Estructura Administrativa de la F\u00e1brica de Licores y Alcoholes de Antioquia, se definen las funciones de sus dependencias y se dictan otras disposiciones\u00bb.<\/td>\n\t\t\t<td class=\"ano\">2022<\/td>\n\t\t\t<td class=\"des\"><a target=\"_blank\" href=\"https:\/\/dev.smk.agency\/fla\/acuerdos\/ACUERDO_012_Por_el_cual_se_refrenda_la_desagregacion_del_presupuesto_de_ingresos_y_gastos_para_el_anho_2022.pdf\" rel=\"noopener\">Descargar<\/a><\/td>\n\t\t<\/tr>\n\n\n\t\t<tr>\n\t\t\t<td data-order=\"1\" class=\"plan\"> Acuerdo 007 -Se refrenda la desagregaci\u00f3n del Presupuesto de Ingresos y Gastos para el a\u00f1o 2021 de la Empresa Industrial y Comercial del Estado F\u00e1brica de Licores y Alcoholes de Antioquia<\/td>\n\t\t\t<td class=\"ano\">2021<\/td>\n\t\t\t<td class=\"des\"><a target=\"_blank\" href=\"https:\/\/dev.smk.agency\/fla\/acuerdos\/acuerdo_007.pdf\" rel=\"noopener\">Descargar<\/a><\/td>\n\t\t<\/tr>\n\n\n\t\t<tr>\n\t\t\t<td data-order=\"1\" class=\"plan\">Acuerdo 8 &#8211; Se crea una plaza de empleo y se modifica el Acuerdo N\u00b0006 del 21 de diciembre de 2020 mediante el cual se adopta la Planta Global de Cargos y Estructura de Salarios de la F\u00e1brica de Licores y Alcoholes de Antioquia, se definen las funciones de sus dependencias y se dictan otras disposiciones<\/td>\n\t\t\t<td class=\"ano\">2021<\/td>\n\t\t\t<td class=\"des\"><a target=\"_blank\" href=\"https:\/\/dev.smk.agency\/fla\/acuerdos\/008.pdf\" rel=\"noopener\">Descargar<\/a><\/td>\n\t\t<\/tr>\n\t\t<tr>\n\t\t\t<td data-order=\"1\" class=\"plan\">Acuerdo 9 &#8211; Se fijan los precios de los productos de la Empresa Industrial y Comercial del Estado F\u00e1brica de Licores y Alcoholes de Antioquia EICE<\/td>\n\t\t\t<td class=\"ano\">2021<\/td>\n\t\t\t<td class=\"des\"><a target=\"_blank\" href=\"https:\/\/dev.smk.agency\/fla\/acuerdos\/acuerdo_9.pdf\" rel=\"noopener\">Descargar<\/a><\/td>\n\t\t<\/tr>\n\t\t\n\t\t\n    <tr>\n      <td data-order=\"1\" class=\"plan\">Acuerdo 19 &#8211; Se crea la Empresa Industrial y Comercial del Estado &#8211; F\u00e1brica de Licores y Alcoholes de Antioquia<\/td>\n\t\t\t<td class=\"ano\">2020<\/td>\n      <td class=\"des\"><a target=\"_blank\" href=\"https:\/\/dev.smk.agency\/fla\/acuerdos\/ORDENANZA_19_CREACION_FLA_EICE_NOV_19_2020.pdf\" rel=\"noopener\">Descargar<\/a><\/td>\n\t\t\t\n    <\/tr>\n    <tr>\n      <td data-order=\"2\" class=\"plan\">Acuerdo 001 &#8211; Se adoptan los lineamientos para establecer Buenas Pr\u00e1cticas de Gobierno Corporativo de la Empresa Industrial y Comercial del Estado F\u00e1brica de Licores y Alcoholes de Antioquia<\/td>\n\t\t\t<td class=\"ano\">2020<\/td>\n      <td class=\"des\"><a target=\"_blank\" href=\"https:\/\/dev.smk.agency\/fla\/acuerdos\/001.pdf\" rel=\"noopener\">Descargar<\/a><\/td>\n    <\/tr>\n    <tr>\n      <td data-order=\"3\" class=\"plan\"> Acuerdo 002 -Se adopta el Reglamento Interno de la Junta Directiva de la F\u00e1brica de Licores y Alcoholes de Antioquia<\/td>\n\t\t\t<td class=\"ano\">2020<\/td>\n      <td class=\"des\"><a target=\"_blank\" href=\"https:\/\/dev.smk.agency\/fla\/acuerdos\/002.pdf\" rel=\"noopener\">Descargar<\/a><\/td>\n    <\/tr>\n    <tr>\n      <td data-order=\"4\" class=\"plan\">Acuerdo 003 &#8211; Se expide el Manual de Contrataci\u00f3n y el Manual de Supervisi\u00f3n Interventor\u00eda de la Empresa Industrial y Comercial del Estado F\u00e1brica de Licores y Alcoholes de Antioquia y se dictan otras disposiciones<\/td>\n\t\t\t<td class=\"ano\">2020<\/td>\n      <td class=\"des\"><a target=\"_blank\" href=\"https:\/\/dev.smk.agency\/fla\/acuerdos\/003.pdf\" rel=\"noopener\">Descargar<\/a><\/td>\n    <\/tr>\n    <tr>\n      <td data-order=\"5\" class=\"plan\">Acuerdo 004 -Se adopta el Manual de Pol\u00edticas Contables de la Empresa Industrial y Comercial del Estado F\u00e1brica de Licores y Alcoholes de Antioquia<\/td>\n\t\t\t<td class=\"ano\">2020<\/td>\n      <td class=\"des\"><a target=\"_blank\" href=\"https:\/\/dev.smk.agency\/fla\/acuerdos\/004.pdf\" rel=\"noopener\">Descargar<\/a><\/td>\n    <\/tr>\n    <tr>\n      <td data-order=\"6\" class=\"plan\">004 &#8211; Anexo Manual de Pol\u00edticas Contables de la F\u00e1brica de Licores y Alcoholes de Antioquia<\/td>\n\t\t\t<td class=\"ano\">2020<\/td>\n      <td class=\"des\"><a target=\"_blank\" href=\"https:\/\/dev.smk.agency\/fla\/acuerdos\/004_anexo.pdf\" rel=\"noopener\">Descargar<\/a><\/td>\n    <\/tr>\n    <tr>\n      <td data-order=\"7\" class=\"plan\">Acuerdo 005 &#8211; Se determina la Estructura Administrativa de la F\u00e1brica de Licores y Alcohole4s de Antioquia, se definen las funciones, sus dependencias y se dictan otras disposiciones<\/td>\n\t\t\t<td class=\"ano\">2020<\/td>\n      <td class=\"des\"><a target=\"_blank\" href=\"https:\/\/dev.smk.agency\/fla\/acuerdos\/005.pdf\" rel=\"noopener\">Descargar<\/a><\/td>\n    <\/tr>\n    <tr>\n      <td data-order=\"8\" class=\"plan\">Acuerdo 006 &#8211; Se determina la Planta Global de Cargos y Estructura de Salarios de la F\u00e1brica de Licores y Alcoholes de Antioquia, se definen las funciones de sus dependencias y se dictan otras disposiciones<\/td>\n\t\t\t<td class=\"ano\">2020<\/td>\n      <td class=\"des\"><a target=\"_blank\" href=\"https:\/\/dev.smk.agency\/fla\/acuerdos\/006.pdf\" rel=\"noopener\">Descargar<\/a><\/td>\n    <\/tr>\n  \n  \n    <tr>\n      <td data-order=\"12\" class=\"plan\">Acuerdo 010 -Se adopta la Pol\u00edtica Anticorrupci\u00f3n y Antisoborno de la Empresa Industrial y Comercial del Estado F\u00e1brica de Licores y Alcoholes de Antioquia<\/td>\n\t\t\t<td class=\"ano\">2020<\/td>\n      <td class=\"des\"><a target=\"_blank\" href=\"https:\/\/dev.smk.agency\/fla\/acuerdos\/ACUERDO_010_POLITICA_ANTICORRUPCION_Y_ANTISOBORNO_DE_LA_FLA.pdf\" rel=\"noopener\">Descargar<\/a><\/td>\n    <\/tr>\n    <tr>\n      <td data-order=\"13\" class=\"plan\">Acuerdo 011 &#8211; Se crea la Oficina de Control Interno Disciplinario y se modifica el Acuerdo N\u00b0005 del 21 de diciembre de 2020 \u00abPor medio del cual se determina la Estructura Administrativa de la F\u00e1brica de Licores y Alcoholes de Antioquia, se definen las funciones de sus dependencias y se dictan otras disposiciones\u00bb<\/td>\n\t\t\t<td class=\"ano\">2020<\/td>\n      <td class=\"des\"><a target=\"_blank\" href=\"https:\/\/dev.smk.agency\/fla\/acuerdos\/Acuerdo%20011%20Crea%20la%20oficina%20de%20Control%20Interno%20Disciplinario.pdf\" rel=\"noopener\">Descargar<\/a><\/td>\n    <\/tr>\n    \n\n\t\t\n  \n    \n\n\n  <\/tbody>\n<\/table>\n\n\n\n\n<script type=\"text\/javascript\" src=\"https:\/\/code.jquery.com\/jquery-3.6.0.min.js\"><\/script>\n<script type=\"text\/javascript\" src=\"https:\/\/cdn.datatables.net\/1.11.4\/js\/jquery.dataTables.js\"><\/script>\n\n<script>\n$(document).ready(function() {\n  $('#tabla_oci').DataTable({\n    order: [0, 'asc']\n  });\n});\n<\/script>\n\n<script>\n$(document).ready(function() {\n  \/\/ Inicializar la tabla\n  var table = $('#tabla_oci').DataTable();\n\n  \/\/ Agregar un select para filtrar por a\u00f1o\n  var anos = table.column(1).data().unique();\n  var select = $('<select><option value=\"\">Filtrar por a\u00f1o<\/option><\/select>')\n    .appendTo($('#tabla_oci_filter'))\n    .on('change', function() {\n      var val = $(this).val();\n      table.column(1).search(val ? '^'+val+'$' : '', true, false).draw();\n    });\n  anos.each(function(d, j) {\n    select.append('<option value=\"' + d + '\">' + d + '<\/option>')\n  });\n});\n<\/script>\n ","protected":false},"excerpt":{"rendered":"<p>En los siguientes enlaces encontrar\u00e1 los actos administrativos de car\u00e1cter general: Acuerdo A\u00f1o Documento Acuerdo No. 015 del 14 de febrero de 2024 \u00abPor medio del cual se modifica el Reglamento Interno de la Junta Directiva de la F\u00e1brica de Licores y Alcoholes de Antioquia\u00bb 2024 Descargar Acuerdo 14 &#8211; Se refrenda la desagregaci\u00f3n del&#8230;  <a class=\"excerpt-read-more\" href=\"https:\/\/dev.smk.agency\/fla\/acuerdos_2\/\" title=\"Read Acuerdos\">Leer m\u00e1s &raquo;<\/a><\/p>\n","protected":false},"author":6,"featured_media":0,"parent":0,"menu_order":0,"comment_status":"closed","ping_status":"closed","template":"","meta":{"footnotes":""},"acf":[],"_links":{"self":[{"href":"https:\/\/dev.smk.agency\/fla\/wp-json\/wp\/v2\/pages\/998"}],"collection":[{"href":"https:\/\/dev.smk.agency\/fla\/wp-json\/wp\/v2\/pages"}],"about":[{"href":"https:\/\/dev.smk.agency\/fla\/wp-json\/wp\/v2\/types\/page"}],"author":[{"embeddable":true,"href":"https:\/\/dev.smk.agency\/fla\/wp-json\/wp\/v2\/users\/6"}],"replies":[{"embeddable":true,"href":"https:\/\/dev.smk.agency\/fla\/wp-json\/wp\/v2\/comments?post=998"}],"version-history":[{"count":30,"href":"https:\/\/dev.smk.agency\/fla\/wp-json\/wp\/v2\/pages\/998\/revisions"}],"predecessor-version":[{"id":3106,"href":"https:\/\/dev.smk.agency\/fla\/wp-json\/wp\/v2\/pages\/998\/revisions\/3106"}],"wp:attachment":[{"href":"https:\/\/dev.smk.agency\/fla\/wp-json\/wp\/v2\/media?parent=998"}],"curies":[{"name":"wp","href":"https:\/\/api.w.org\/{rel}","templated":true}]}}