{"id":317,"date":"2023-05-04T16:06:04","date_gmt":"2023-05-04T16:06:04","guid":{"rendered":"https:\/\/dev.smk.agency\/hatsu-shop\/?page_id=317"},"modified":"2023-06-15T22:05:24","modified_gmt":"2023-06-15T22:05:24","slug":"terminos-y-condiciones","status":"publish","type":"page","link":"https:\/\/dev.smk.agency\/hatsu\/terminos-y-condiciones\/","title":{"rendered":"T\u00e9rminos y condiciones"},"content":{"rendered":"<p align=\"CENTER\"><b>T\u00e9rminos y condiciones Sitio Web Hatsu<\/b><\/p>\n<p>El acceso a este Sitio Web es gratuito.<\/p>\n<p>Hatsu se compromete a realizar su mejor esfuerzo para asegurar la disponibilidad del acceso de forma permanente, as\u00ed como para asegurar la ausencia de errores en cualquier transmisi\u00f3n de informaci\u00f3n que pudiera tener lugar durante el acceso.<\/p>\n<p>Al utilizar y conectarse a este Sitio Web, el Usuario acepta y reconoce que Hatsu no es responsable:<\/p>\n<ol>\n<li>En caso de que existan interrupciones o un mal funcionamiento del Sitio Web por causas que no le fueran imputables.<\/li>\n<li>Cuando el uso del Sitio Web se vea afectado por los mecanismos de acceso empleados por el Usuario, incluyendo, entre otros, dispositivos electr\u00f3nicos, servidores de la conexi\u00f3n a trav\u00e9s de la red de telecomunicaciones empleada por el Usuario, entre otros.<\/li>\n<li>Por ca\u00eddas de la red, p\u00e9rdidas de negocio a consecuencia de dichas ca\u00eddas, o cualquier otro tipo de da\u00f1o de cualquier naturaleza, que pueda ser causado a los Usuarios como consecuencia del acceso y\/o utilizaci\u00f3n del Sitio Web.<\/li>\n<li>Por los da\u00f1os, infracciones, delitos, contravenciones o cualquier otra clase de il\u00edcitos que pudieran cometerse como consecuencia del mal uso del Sitio Web por parte de los Usuarios y\/o terceros.<\/li>\n<\/ol>\n<p>Hatsu no garantiza el acceso y uso continuado o ininterrumpido de su sitio. El sistema puede eventualmente no estar disponible debido a dificultades t\u00e9cnicas o fallas de Internet, o por cualquier otra circunstancia ajena a Hatsu; en tales casos se procurar\u00e1 restablecerlo con la mayor celeridad posible sin que por ello pueda imput\u00e1rsele alg\u00fan tipo de responsabilidad.<\/p>\n<p>El Usuario se compromete a realizar el acceso al Sitio Web de forma diligente, correcta y l\u00edcita, absteni\u00e9ndose de cualquier acci\u00f3n que atente contra el buen funcionamiento del Sitio Web y\/o impida la realizaci\u00f3n de sus fines. Entre las conductas que quedan expresamente prohibidas, sin que \u00e9stas sean de car\u00e1cter taxativo, se encuentran las siguientes:<\/p>\n<ol>\n<li>Utilizar el Sitio Web con fines fraudulentos o llevar a cabo conducta alguna que, involucrando al Sitio Web, da\u00f1e (o genere un riesgo de da\u00f1o) a la imagen, los intereses y los derechos de Hatsu o de terceros.<\/li>\n<li>Suprimir, eludir o manipular los dispositivos t\u00e9cnicos de protecci\u00f3n, o cualesquiera mecanismos de informaci\u00f3n que pudieren incluir dichos contenidos.<\/li>\n<li>Realizar cualquier tipo de actos con el objeto de da\u00f1ar, inutilizar o sobrecargar el Sitio Web, o que impidiera, de cualquier forma, la normal utilizaci\u00f3n y funcionamiento del mismo.<\/li>\n<li>Usar el Sitio Web para enviar o transmitir cualquier material ilegal, amenazante, falso, enga\u00f1oso, abusivo, acosador, injurioso, difamatorio, vulgar, obsceno, escandaloso, provocador, pornogr\u00e1fico o irreverente, o cualquier otro material que pueda constituir un delito o inducir a una conducta que se pudiera considerar como tal, que pueda dar lugar a procesos de responsabilidad civil o penal o que pudiera infringir cualquier ley. Por lo tanto, Hatsu se reserva el derecho de revelar la identidad de cualquier persona que haya enviado o transmitido dicha informaci\u00f3n o material ante el requerimiento de autoridades competentes o judiciales.<\/li>\n<li>Infringir los presentes T\u00e9rminos y Condiciones.<\/li>\n<\/ol>\n<p>En caso de incumplimiento o sospecha razonable de incumplimiento de las prohibiciones citadas anteriormente, Hatus con la finalidad de garantizar la seguridad, confidencialidad y buen funcionamiento del Sitio Web, se reserva el derecho a limitar, bloquear, suspender o cancelar el acceso de dicho Usuario al Sitio Web, adoptando cualquier medida t\u00e9cnica y\/o legal que sea necesaria para garantizar lo anteriormente se\u00f1alado.<\/p>\n","protected":false},"excerpt":{"rendered":"<p>T\u00e9rminos y condiciones Sitio Web Hatsu El acceso a este Sitio Web es gratuito. Hatsu se compromete a realizar su mejor esfuerzo para asegurar la disponibilidad del acceso de forma permanente, as\u00ed como para asegurar la ausencia de errores en cualquier transmisi\u00f3n de informaci\u00f3n que pudiera tener lugar durante el acceso. Al utilizar y conectarse [&hellip;]<\/p>\n","protected":false},"author":1,"featured_media":0,"parent":0,"menu_order":0,"comment_status":"closed","ping_status":"closed","template":"templates\/general-policies-template.php","meta":{"footnotes":""},"class_list":["post-317","page","type-page","status-publish","hentry"],"acf":[],"_links":{"self":[{"href":"https:\/\/dev.smk.agency\/hatsu\/wp-json\/wp\/v2\/pages\/317","targetHints":{"allow":["GET"]}}],"collection":[{"href":"https:\/\/dev.smk.agency\/hatsu\/wp-json\/wp\/v2\/pages"}],"about":[{"href":"https:\/\/dev.smk.agency\/hatsu\/wp-json\/wp\/v2\/types\/page"}],"author":[{"embeddable":true,"href":"https:\/\/dev.smk.agency\/hatsu\/wp-json\/wp\/v2\/users\/1"}],"replies":[{"embeddable":true,"href":"https:\/\/dev.smk.agency\/hatsu\/wp-json\/wp\/v2\/comments?post=317"}],"version-history":[{"count":19,"href":"https:\/\/dev.smk.agency\/hatsu\/wp-json\/wp\/v2\/pages\/317\/revisions"}],"predecessor-version":[{"id":710,"href":"https:\/\/dev.smk.agency\/hatsu\/wp-json\/wp\/v2\/pages\/317\/revisions\/710"}],"wp:attachment":[{"href":"https:\/\/dev.smk.agency\/hatsu\/wp-json\/wp\/v2\/media?parent=317"}],"curies":[{"name":"wp","href":"https:\/\/api.w.org\/{rel}","templated":true}]}}