{"id":338,"date":"2023-05-04T18:44:15","date_gmt":"2023-05-04T18:44:15","guid":{"rendered":"https:\/\/dev.smk.agency\/hatsu-shop\/?page_id=338"},"modified":"2024-02-21T16:09:40","modified_gmt":"2024-02-21T16:09:40","slug":"tratamiento-de-datos","status":"publish","type":"page","link":"https:\/\/dev.smk.agency\/hatsu\/tratamiento-de-datos\/","title":{"rendered":"Tratamiento de datos"},"content":{"rendered":"<p align=\"CENTER\"><span style=\"font-size: medium;\"><b>AUTORIZACI\u00d3N TRATAMIENTO DE DATOS PERSONALES<\/b><\/span><\/p>\n<p>Postob\u00f3n S.A. Sociedad comercial identificada con el NIT 890903939 \u2013 5 y con domicilio principal en la direcci\u00f3n Calle 52 #47-42, Medell\u00edn, en adelante Postob\u00f3n o La Compa\u00f1\u00eda con fundamento en lo dispuesto en el r\u00e9gimen de protecci\u00f3n de datos personales consagrado en la Ley 1581 de 2012 y dem\u00e1s normas reglamentarias y complementarias, manifiesta en su condici\u00f3n de Responsable del tratamiento, que con ocasi\u00f3n a su participaci\u00f3n como destinatario de mensajes del presten canal se podr\u00e1 recolecta, almacenar, usar, disponer y eventualmente se podr\u00e1 llegar a transmitir o transferir a nivel nacional o internacional informaci\u00f3n personal de su titularidad, correspondiente a datos de tipo general, identificaci\u00f3n, contacto y socioecon\u00f3micos la cual ser\u00e1 objeto de tratamiento principalmente para las siguientes finalidades:<\/p>\n<ul>\n<li>\u00a0Atender y soportar PQRS de los usuarios.<\/li>\n<li>Establecer un canal de comunicaci\u00f3n entre La Compa\u00f1\u00eda y el titular del dato a trav\u00e9s del cual se realizaran comunicaciones de inter\u00e9s general y espec\u00edfico, as\u00ed como noticias o eventos asociados de Postob\u00f3n o sus aliados y que puedan ser del inter\u00e9s de los usuarios, lo anterior directamente o trav\u00e9s de terceros.<\/li>\n<li>Compartir informaci\u00f3n a nivel nacional o internacional con terceros aliados y proveedores de La Compa\u00f1\u00eda que soportan o contribuyen al adecuado funcionamiento de la infraestructura y la correcta ejecuci\u00f3n de los procesos tecnol\u00f3gicos e inform\u00e1ticos que soportan la plataforma de comunicaciones empleada para este proceso.<\/li>\n<li>Evaluar la informaci\u00f3n hist\u00f3rica y estad\u00edstica generada, as\u00ed como la generaci\u00f3n de reportes e informes para an\u00e1lisis internos o terceros.<\/li>\n<li>Soportar el funcionamiento de los sistemas y dem\u00e1s requerimientos de la infraestructura tecnol\u00f3gica empleada para el desarrollo de la actividad, para lo cual se podr\u00e1 realizar transmisi\u00f3n de informaci\u00f3n a terceros aliados o proveedores que brinden los servicios conexos al desarrollo del programa.<\/li>\n<li>Permitir el desarrollo de las labores de supervisi\u00f3n y vigilancia por parte de las autoridades<\/li>\n<\/ul>\n<p>En raz\u00f3n de lo anterior, como titular de la informaci\u00f3n, usted cuenta con el derecho a conocer, actualizar, rectificar y solicitar la supresi\u00f3n de sus datos personales; abstenerse de suministrar informaci\u00f3n personal de naturaleza sensible, solicitar la prueba de la autorizaci\u00f3n otorgada; ser informado sobre el uso que se da a sus datos personales; revocar la autorizaci\u00f3n otorgada, consultar de forma gratuita los datos personales previamente suministrados y acudir ante la Superintendencia de Industria y Comercio cuando no se atienda en debida forma sus consultas o reclamos en materia de protecci\u00f3n de datos personales. Para nosotros es muy importante respetar y proteger la intimidad, privacidad, seguridad y dem\u00e1s derechos que le asisten como titular de informaci\u00f3n personal, los cuales podr\u00e1 ejercer presentando una consulta o reclamo a trav\u00e9s de los siguientes canales de atenci\u00f3n:<\/p>\n<ul>\n<li>Correo electr\u00f3nico: cumplimiento@postobon.com<\/li>\n<li>Tel\u00e9fono: (4) 5763361- 5765175<\/li>\n<li>Direcci\u00f3n f\u00edsica: Calle 52 No. 47 \u2013 42 Local 107<\/li>\n<\/ul>\n<p>Postob\u00f3n podr\u00e1 realizar eventuales comunicaciones con fines comerciales y publicitarios. Las actividades de contactabilidad previamente referidas se realizar\u00e1n a los canales o medios referidos en este formulario (i. Correo electr\u00f3nico) y bajo el total respeto y apego a las disposiciones de la ley 2300 de 2023, en caso de que el titular desee limitar las comunicaciones o gestionar los canales de contacto podr\u00e1 escribir directamente al correo cumplimiento@postobon.com<\/p>\n<p>Al responder de manera afirmativa a esta solicitud de autorizaci\u00f3n mediante mensaje en el canal de comunicaci\u00f3n empleado por La Compa\u00f1\u00eda se entiende que acepta de forma expresa e inequ\u00edvoca el contenido de la presente solicitud de autorizaci\u00f3n del tratamiento de datos personales, de lo que quedar\u00e1 como constancia la conversaci\u00f3n sostenida, si desea conocer m\u00e1s acerca de c\u00f3mo tratamos sus datos personales puede solicitar la informaci\u00f3n pertinente o conocer nuestra pol\u00edtica de tratamiento de datos comunic\u00e1ndose a los canales de atenci\u00f3n previamente citados o ingresando a la direcci\u00f3n <a href=\"https:\/\/www.postobon.com\/\" target=\"_blank\" rel=\"noopener\">http:\/\/www.postobon.com<\/a><\/p>\n","protected":false},"excerpt":{"rendered":"<p>AUTORIZACI\u00d3N TRATAMIENTO DE DATOS PERSONALES Postob\u00f3n S.A. Sociedad comercial identificada con el NIT 890903939 \u2013 5 y con domicilio principal en la direcci\u00f3n Calle 52 #47-42, Medell\u00edn, en adelante Postob\u00f3n o La Compa\u00f1\u00eda con fundamento en lo dispuesto en el r\u00e9gimen de protecci\u00f3n de datos personales consagrado en la Ley 1581 de 2012 y dem\u00e1s [&hellip;]<\/p>\n","protected":false},"author":1,"featured_media":0,"parent":0,"menu_order":0,"comment_status":"closed","ping_status":"closed","template":"templates\/general-policies-template.php","meta":{"footnotes":""},"class_list":["post-338","page","type-page","status-publish","hentry"],"acf":[],"_links":{"self":[{"href":"https:\/\/dev.smk.agency\/hatsu\/wp-json\/wp\/v2\/pages\/338","targetHints":{"allow":["GET"]}}],"collection":[{"href":"https:\/\/dev.smk.agency\/hatsu\/wp-json\/wp\/v2\/pages"}],"about":[{"href":"https:\/\/dev.smk.agency\/hatsu\/wp-json\/wp\/v2\/types\/page"}],"author":[{"embeddable":true,"href":"https:\/\/dev.smk.agency\/hatsu\/wp-json\/wp\/v2\/users\/1"}],"replies":[{"embeddable":true,"href":"https:\/\/dev.smk.agency\/hatsu\/wp-json\/wp\/v2\/comments?post=338"}],"version-history":[{"count":15,"href":"https:\/\/dev.smk.agency\/hatsu\/wp-json\/wp\/v2\/pages\/338\/revisions"}],"predecessor-version":[{"id":1672,"href":"https:\/\/dev.smk.agency\/hatsu\/wp-json\/wp\/v2\/pages\/338\/revisions\/1672"}],"wp:attachment":[{"href":"https:\/\/dev.smk.agency\/hatsu\/wp-json\/wp\/v2\/media?parent=338"}],"curies":[{"name":"wp","href":"https:\/\/api.w.org\/{rel}","templated":true}]}}