{"id":212,"date":"2023-04-27T16:34:33","date_gmt":"2023-04-27T16:34:33","guid":{"rendered":"https:\/\/dev.smk.agency\/hatsu-shop\/?post_type=product&#038;p=212"},"modified":"2024-05-23T17:13:47","modified_gmt":"2024-05-23T17:13:47","slug":"te-negro","status":"publish","type":"product","link":"https:\/\/dev.smk.agency\/hatsu\/producto\/te-negro\/","title":{"rendered":"T\u00c9 NEGRO 400 ml"},"content":{"rendered":"<p>Bebida con t\u00e9 negro &amp; jugo de lim\u00f3n.<\/p>\n","protected":false},"excerpt":{"rendered":"<p><strong>Lorem Ipsum<\/strong> es simplemente el texto de relleno de las imprentas y archivos de texto. Lorem Ipsum ha sido el texto de relleno est\u00e1ndar de las industrias desde el a\u00f1o 1500, cuando un impresor.<\/p>\n","protected":false},"featured_media":1847,"comment_status":"open","ping_status":"closed","template":"","meta":[],"product_brand":[],"product_cat":[39,21],"product_tag":[],"class_list":{"0":"post-212","1":"product","2":"type-product","3":"status-publish","4":"has-post-thumbnail","6":"product_cat-400-ml","7":"product_cat-hatsu-te","9":"first","10":"instock","11":"shipping-taxable","12":"purchasable","13":"product-type-variable"},"acf":[],"_links":{"self":[{"href":"https:\/\/dev.smk.agency\/hatsu\/wp-json\/wp\/v2\/product\/212","targetHints":{"allow":["GET"]}}],"collection":[{"href":"https:\/\/dev.smk.agency\/hatsu\/wp-json\/wp\/v2\/product"}],"about":[{"href":"https:\/\/dev.smk.agency\/hatsu\/wp-json\/wp\/v2\/types\/product"}],"replies":[{"embeddable":true,"href":"https:\/\/dev.smk.agency\/hatsu\/wp-json\/wp\/v2\/comments?post=212"}],"wp:featuredmedia":[{"embeddable":true,"href":"https:\/\/dev.smk.agency\/hatsu\/wp-json\/wp\/v2\/media\/1847"}],"wp:attachment":[{"href":"https:\/\/dev.smk.agency\/hatsu\/wp-json\/wp\/v2\/media?parent=212"}],"wp:term":[{"taxonomy":"product_brand","embeddable":true,"href":"https:\/\/dev.smk.agency\/hatsu\/wp-json\/wp\/v2\/product_brand?post=212"},{"taxonomy":"product_cat","embeddable":true,"href":"https:\/\/dev.smk.agency\/hatsu\/wp-json\/wp\/v2\/product_cat?post=212"},{"taxonomy":"product_tag","embeddable":true,"href":"https:\/\/dev.smk.agency\/hatsu\/wp-json\/wp\/v2\/product_tag?post=212"}],"curies":[{"name":"wp","href":"https:\/\/api.w.org\/{rel}","templated":true}]}}