{"id":641,"date":"2023-05-25T18:38:47","date_gmt":"2023-05-25T18:38:47","guid":{"rendered":"https:\/\/dev.smk.agency\/hatsu-shop\/?post_type=product&#038;p=641"},"modified":"2024-05-23T16:36:38","modified_gmt":"2024-05-23T16:36:38","slug":"cafe-origen","status":"publish","type":"product","link":"https:\/\/dev.smk.agency\/hatsu\/producto\/cafe-origen\/","title":{"rendered":"CAF\u00c9 ORIGEN 340 g"},"content":{"rendered":"<p>Caf\u00e9 tostado y molido, de origen 100% colombiano: su cosecha viene de Nari\u00f1o, Tolima y Cauca.<\/p>\n","protected":false},"excerpt":{"rendered":"<p>Caf\u00e9 tostado y molido, de origen 100% colombiano: su cosecha viene de Nari\u00f1o, Tolima y Cauca.<\/p>\n","protected":false},"featured_media":1884,"comment_status":"open","ping_status":"closed","template":"","meta":[],"product_brand":[],"product_cat":[46,18],"product_tag":[],"class_list":{"0":"post-641","1":"product","2":"type-product","3":"status-publish","4":"has-post-thumbnail","6":"product_cat-340-g","7":"product_cat-hatsu-coffee","9":"first","10":"outofstock","11":"shipping-taxable","12":"product-type-simple"},"acf":[],"_links":{"self":[{"href":"https:\/\/dev.smk.agency\/hatsu\/wp-json\/wp\/v2\/product\/641","targetHints":{"allow":["GET"]}}],"collection":[{"href":"https:\/\/dev.smk.agency\/hatsu\/wp-json\/wp\/v2\/product"}],"about":[{"href":"https:\/\/dev.smk.agency\/hatsu\/wp-json\/wp\/v2\/types\/product"}],"replies":[{"embeddable":true,"href":"https:\/\/dev.smk.agency\/hatsu\/wp-json\/wp\/v2\/comments?post=641"}],"wp:featuredmedia":[{"embeddable":true,"href":"https:\/\/dev.smk.agency\/hatsu\/wp-json\/wp\/v2\/media\/1884"}],"wp:attachment":[{"href":"https:\/\/dev.smk.agency\/hatsu\/wp-json\/wp\/v2\/media?parent=641"}],"wp:term":[{"taxonomy":"product_brand","embeddable":true,"href":"https:\/\/dev.smk.agency\/hatsu\/wp-json\/wp\/v2\/product_brand?post=641"},{"taxonomy":"product_cat","embeddable":true,"href":"https:\/\/dev.smk.agency\/hatsu\/wp-json\/wp\/v2\/product_cat?post=641"},{"taxonomy":"product_tag","embeddable":true,"href":"https:\/\/dev.smk.agency\/hatsu\/wp-json\/wp\/v2\/product_tag?post=641"}],"curies":[{"name":"wp","href":"https:\/\/api.w.org\/{rel}","templated":true}]}}