{"id":662,"date":"2023-06-09T14:40:17","date_gmt":"2023-06-09T14:40:17","guid":{"rendered":"https:\/\/dev.smk.agency\/hatsu-shop\/?post_type=product&#038;p=662"},"modified":"2024-04-19T19:36:00","modified_gmt":"2024-04-19T19:36:00","slug":"tonica-lemongrass-tangerine","status":"publish","type":"product","link":"https:\/\/dev.smk.agency\/hatsu\/producto\/tonica-lemongrass-tangerine\/","title":{"rendered":"T\u00d3NICA LEMONGRASS TANGERINE 207 ml"},"content":{"rendered":"<p>Bebida gaseosa agua t\u00f3nica sin calor\u00edas, sabor limonaria y mandarina.<\/p>\n","protected":false},"excerpt":{"rendered":"<p>Bebida gaseosa agua t\u00f3nica sin calor\u00edas, sabor limonaria y mandarina.<\/p>\n","protected":false},"featured_media":1870,"comment_status":"open","ping_status":"closed","template":"","meta":[],"product_brand":[],"product_cat":[34],"product_tag":[],"class_list":{"0":"post-662","1":"product","2":"type-product","3":"status-publish","4":"has-post-thumbnail","6":"product_cat-hatsu-tonicas","8":"first","9":"instock","10":"shipping-taxable","11":"product-type-simple"},"acf":[],"_links":{"self":[{"href":"https:\/\/dev.smk.agency\/hatsu\/wp-json\/wp\/v2\/product\/662","targetHints":{"allow":["GET"]}}],"collection":[{"href":"https:\/\/dev.smk.agency\/hatsu\/wp-json\/wp\/v2\/product"}],"about":[{"href":"https:\/\/dev.smk.agency\/hatsu\/wp-json\/wp\/v2\/types\/product"}],"replies":[{"embeddable":true,"href":"https:\/\/dev.smk.agency\/hatsu\/wp-json\/wp\/v2\/comments?post=662"}],"wp:featuredmedia":[{"embeddable":true,"href":"https:\/\/dev.smk.agency\/hatsu\/wp-json\/wp\/v2\/media\/1870"}],"wp:attachment":[{"href":"https:\/\/dev.smk.agency\/hatsu\/wp-json\/wp\/v2\/media?parent=662"}],"wp:term":[{"taxonomy":"product_brand","embeddable":true,"href":"https:\/\/dev.smk.agency\/hatsu\/wp-json\/wp\/v2\/product_brand?post=662"},{"taxonomy":"product_cat","embeddable":true,"href":"https:\/\/dev.smk.agency\/hatsu\/wp-json\/wp\/v2\/product_cat?post=662"},{"taxonomy":"product_tag","embeddable":true,"href":"https:\/\/dev.smk.agency\/hatsu\/wp-json\/wp\/v2\/product_tag?post=662"}],"curies":[{"name":"wp","href":"https:\/\/api.w.org\/{rel}","templated":true}]}}