{"id":8561,"date":"2023-05-31T22:36:57","date_gmt":"2023-05-31T22:36:57","guid":{"rendered":"https:\/\/www.siesa.com\/?page_id=8561"},"modified":"2023-11-14T09:01:14","modified_gmt":"2023-11-14T14:01:14","slug":"politica-de-cookies","status":"publish","type":"page","link":"https:\/\/dev.smk.agency\/siesa\/politica-de-cookies\/","title":{"rendered":"Pol\u00edtica de Cookies"},"content":{"rendered":"\t\t<div data-elementor-type=\"wp-page\" data-elementor-id=\"8561\" class=\"elementor elementor-8561\">\n\t\t\t\t\t\t\t\t\t<section class=\"elementor-section elementor-top-section elementor-element elementor-element-8d209c6 elementor-section-full_width elementor-section-stretched elementor-section-height-default elementor-section-height-default\" data-id=\"8d209c6\" data-element_type=\"section\" data-settings=\"{&quot;stretch_section&quot;:&quot;section-stretched&quot;}\">\n\t\t\t\t\t\t<div class=\"elementor-container elementor-column-gap-no\">\n\t\t\t\t\t<div class=\"elementor-column elementor-col-100 elementor-top-column elementor-element elementor-element-40d38d3\" data-id=\"40d38d3\" data-element_type=\"column\">\n\t\t\t<div class=\"elementor-widget-wrap elementor-element-populated\">\n\t\t\t\t\t\t\t\t<div class=\"elementor-element elementor-element-fe9b566 elementor-widget elementor-widget-infotech-slider-two\" data-id=\"fe9b566\" data-element_type=\"widget\" data-widget_type=\"infotech-slider-two.default\">\n\t\t\t\t<div class=\"elementor-widget-container\">\n\t\t\t\t\t<script nowprocket>\n\t\t\tjQuery(document).ready(function($) {\n\t\t\t\t \"use strict\";\n\t\t\t\tfunction mainSlider() {\n\t\t\t        var BasicSlider = $('.slider-active');\n\t\t\t        BasicSlider.on('init', function (e, slick) {\n\t\t\t            var $firstAnimatingElements = $('.single-slider:first-child').find('[data-animation]');\n\t\t\t            doAnimations($firstAnimatingElements);\n\t\t\t        });\n\t\t\t        BasicSlider.on('beforeChange', function (e, slick, currentSlide, nextSlide) {\n\t\t\t            var $animatingElements = $('.single-slider[data-slick-index=\"' + nextSlide + '\"]').find('[data-animation]');\n\t\t\t            doAnimations($animatingElements);\n\t\t\t        });\n\t\t\t        BasicSlider.slick({\n\t\t\t            autoplay: true,\n\t\t\t            autoplaySpeed: 8000,\n\t\t\t            dots: false,\n\t\t\t            fade: true,\n\t\t\t            arrows: true,\n\t\t\t            prevArrow: '<span class=\"prev\"><i class=\"flaticon-left-arrow\"><\/i><\/span>',\n\t\t\t            nextArrow: '<span class=\"next\"><i class=\"flaticon-right-arrow\"><\/i><\/span>',\n\t\t\t            responsive: [\n\t\t\t                {\n\t\t\t                    breakpoint: 767,\n\t\t\t                    settings: {\n\t\t\t                        arrows: false\n\t\t\t                    }\n\t\t\t                }\n\t\t\t            ]\n\t\t\t        });\n\n\t\t\t        function doAnimations(elements) {\n\t\t\t            var animationEndEvents = 'webkitAnimationEnd mozAnimationEnd MSAnimationEnd oanimationend animationend';\n\t\t\t            elements.each(function () {\n\t\t\t                var $this = $(this);\n\t\t\t                var $animationDelay = $this.data('delay');\n\t\t\t                var $animationType = 'animated ' + $this.data('animation');\n\t\t\t                $this.css({\n\t\t\t                    'animation-delay': $animationDelay,\n\t\t\t                    '-webkit-animation-delay': $animationDelay\n\t\t\t                });\n\t\t\t                $this.addClass($animationType).one(animationEndEvents, function () {\n\t\t\t                    $this.removeClass($animationType);\n\t\t\t                });\n\t\t\t            });\n\t\t\t        }\n\t\t\t    }\n\t\t\t    mainSlider();\n\t\t\t});\n\t\t\t<\/script>\n\t\t\t<script nowprocket>\n\t\t\t\tjQuery(document).ready(function($) {\n\t\t\t\t\t \"use strict\";\n\t\t\t\t\t$('.slider-video').magnificPopup({\n\t\t\t\t\t\tdisableOn: 700,\n\t\t\t\t\t\ttype: 'iframe',\n\t\t\t\t\t\tmainClass: 'mfp-fade',\n\t\t\t\t\t\tremovalDelay: 160,\n\t\t\t\t\t\tpreloader: false,\n\n\t\t\t\t\t\tfixedContentPos: false\n\t\t\t\t\t});\n\t\t\t\t});\n\t\t\t<\/script>\n\t\t <div class=\"slider-area slider-active\">\n\t\t\t\n\t        <div class=\"single-slider\">\n\t\t\t    <div class=\"image-layout\">\n                    <div class=\"row\">\n                        <div class=\"bg-left col-xl-4 col-lg-4\"><\/div>\n                        <div class=\"bg-right col-xl-8 col-lg-8\" style=\"background-image:url( https:\/\/dev.smk.agency\/siesa\/wp-content\/uploads\/2023\/05\/your-link-to-success-is-just-a-tap-away-2022-11-29-19-55-44-utc-1.jpg )\"><\/div>\n                    <\/div>\n                <\/div>\n                <div class=\"herfox-slider\">\n                    <div class=\"row\">\n                        <div class=\"bg-shape col-xl-7 col-lg-7\"><\/div>\n                    <\/div>\n                <\/div>\n                <div class=\"container\">\n\t                <div class=\"justify-content-center \">\n\t                    <div class=\"col-lg-10\">\n\t                        <div class=\"slider-content\">\n\t                            <div class=\"sub-title\" data-animation=\"zoomIn\" data-delay=\"0.1s\"><h1>Pol\u00edtica de cookies<\/h1><\/div>\n\t                            <div class=\"slider-dec\" data-animation=\"fadeInRight\" data-delay=\"0.4s\"><\/div>\n\t                            <div class=\"infotech-slider2-btnss\">\n\t\t\t\t\t\t\t\t\t<a class=\"blob-btn\" href=\"\" data-animation=\"fadeInUp\" data-delay=\"0.7s\">Conoce m\u00e1s<i class=\"flaticon-right-arrow\"><\/i>\n\t\t\t\t\t\t\t\t\t\t<span class=\"blob-btn__inner\">\n\t\t\t\t\t\t\t\t\t\t\t<span class=\"blob-btn__blobs\">\n\t\t\t\t\t\t\t\t\t\t\t\t<span class=\"blob-btn__blob\"><\/span>\n\t\t\t\t\t\t\t\t\t\t\t\t<span class=\"blob-btn__blob\"><\/span>\n\t\t\t\t\t\t\t\t\t\t\t\t<span class=\"blob-btn__blob\"><\/span>\n\t\t\t\t\t\t\t\t\t\t\t\t<span class=\"blob-btn__blob\"><\/span>\n\t\t\t\t\t\t\t\t\t\t\t<\/span>\n\t\t\t\t\t\t\t\t\t\t<\/span>\n\t\t\t\t\t\t\t\t\t<\/a>\n\t                            \t \t\t\t\t                    \t<div class=\"slider-video-btn\" data-animation=\"\" data-delay=\"0.9s\">\n\t\t\t\t                        \t<a href=\"\" class=\"slider-video\">\n\t\t\t\t                        \t\t<i class=\"flaticon-play-button-1\"><\/i>\n\t\t\t\t                        \t<\/a>\n\t\t\t\t                        \t\t\t\t\t                        <\/div>\n\t\t\t\t\t                \t                            <\/div>\n\t                        <\/div>\n\t                    <\/div>\n\t                    \t                <\/div>\n\t            <\/div>\n\t        <\/div>\n\t\t\t\t    <\/div>\n\t\t\t\t<\/div>\n\t\t\t\t<\/div>\n\t\t\t\t\t<\/div>\n\t\t<\/div>\n\t\t\t\t\t\t\t<\/div>\n\t\t<\/section>\n\t\t\t\t<section class=\"elementor-section elementor-top-section elementor-element elementor-element-2c32f54 elementor-section-boxed elementor-section-height-default elementor-section-height-default\" data-id=\"2c32f54\" data-element_type=\"section\">\n\t\t\t\t\t\t<div class=\"elementor-container elementor-column-gap-default\">\n\t\t\t\t\t<div class=\"elementor-column elementor-col-100 elementor-top-column elementor-element elementor-element-b12624d animated-slow elementor-invisible\" data-id=\"b12624d\" data-element_type=\"column\" data-settings=\"{&quot;animation&quot;:&quot;fadeInUp&quot;}\">\n\t\t\t<div class=\"elementor-widget-wrap elementor-element-populated\">\n\t\t\t\t\t\t\t\t<div class=\"elementor-element elementor-element-048c3b6 elementor-widget elementor-widget-text-editor\" data-id=\"048c3b6\" data-element_type=\"widget\" data-widget_type=\"text-editor.default\">\n\t\t\t\t<div class=\"elementor-widget-container\">\n\t\t\t<style>\/*! elementor - v3.16.0 - 20-09-2023 *\/\n.elementor-widget-text-editor.elementor-drop-cap-view-stacked .elementor-drop-cap{background-color:#69727d;color:#fff}.elementor-widget-text-editor.elementor-drop-cap-view-framed .elementor-drop-cap{color:#69727d;border:3px solid;background-color:transparent}.elementor-widget-text-editor:not(.elementor-drop-cap-view-default) .elementor-drop-cap{margin-top:8px}.elementor-widget-text-editor:not(.elementor-drop-cap-view-default) .elementor-drop-cap-letter{width:1em;height:1em}.elementor-widget-text-editor .elementor-drop-cap{float:left;text-align:center;line-height:1;font-size:50px}.elementor-widget-text-editor .elementor-drop-cap-letter{display:inline-block}<\/style>\t\t\t\t<p>SIESA no utiliza cookies propias, as\u00ed como otras tecnolog\u00edas similares, durante la interacci\u00f3n y navegaci\u00f3n en nuestra plataforma www.siesa.com y dem\u00e1s landing page relacionadas, sin embargo, dependiendo del navegador que usted est\u00e9 utilizando, se pueden involucrar Cookies de terceros, cuyo comportamiento es totalmente aut\u00f3nomo e independiente a nuestra organizaci\u00f3n.<\/p><p>A continuaci\u00f3n se explicar\u00e1 el eventual uso que las Cookies de terceros podr\u00edan tener al iniciar sesi\u00f3n de navegaci\u00f3n, guardar sus preferencias, personalizar el contenido que se difunde y mostrarle anuncios m\u00e1s pertinentes.<\/p><p>\u00bfQU\u00c9 SON LAS COOKIES?<\/p><p>Las cookies son peque\u00f1os archivos de informaci\u00f3n que el servidor env\u00eda al computador de quien accede a nuestra p\u00e1gina web.<\/p><p>Algunas de estas tecnolog\u00edas son esenciales para el correcto funcionamiento, integridad, disponibilidad y pertinencia de los contenidos de este Sitio Web, y aportan importantes ventajas en la prestaci\u00f3n de los servicios, facilitando la navegaci\u00f3n y usabilidad.<\/p><p>\u00bfQU\u00c9 TIPOS DE COOKIES DE TERCEROS SE PODR\u00cdAN UTILIZAR DEPENDIENDO DEL NAVEGADOR WEB?<\/p><p>Si desea restringir o bloquear las cookies que hayan sido configuradas, usted puede hacer esto mediante la configuraci\u00f3n de su navegador. La funci\u00f3n de ayuda en su navegador le dar\u00e1 instrucciones para hacerla. Por favor tenga en cuenta que al declinar o rechazar cookies podr\u00eda impedir la utilizaci\u00f3n del sitio Web en su plena capacidad,<\/p><p>Actualizaci\u00f3n en la Pol\u00edtica de Cookies<\/p><p>\u00daltima actualizaci\u00f3n, 24\/11\/2022<\/p><p>La presente Pol\u00edtica de Cookies se podr\u00e1 modificar cuando as\u00ed lo exija la legislaci\u00f3n vigente en cada momento o cuando hubiera alguna variaci\u00f3n en el tipo de cookies utilizadas en el sitio web. Por ello, te recomendamos revisar esta pol\u00edtica cada vez que ingreses a nuestro sitio web con el objetivo de estar adecuadamente informado sobre c\u00f3mo y para qu\u00e9 usamos las cookies.<\/p>\t\t\t\t\t\t<\/div>\n\t\t\t\t<\/div>\n\t\t\t\t\t<\/div>\n\t\t<\/div>\n\t\t\t\t\t\t\t<\/div>\n\t\t<\/section>\n\t\t\t\t\t\t\t<\/div>\n\t\t","protected":false},"excerpt":{"rendered":"<p>Pol\u00edtica de cookies Conoce m\u00e1s SIESA no utiliza cookies propias, as\u00ed como otras tecnolog\u00edas similares, durante la interacci\u00f3n y navegaci\u00f3n en nuestra plataforma www.siesa.com y dem\u00e1s landing page relacionadas, sin embargo, dependiendo del navegador que usted est\u00e9 utilizando, se pueden involucrar Cookies de terceros, cuyo comportamiento es totalmente aut\u00f3nomo e independiente a nuestra organizaci\u00f3n. A [&hellip;]<\/p>\n","protected":false},"author":1,"featured_media":0,"parent":0,"menu_order":0,"comment_status":"closed","ping_status":"closed","template":"home-template.php","meta":{"footnotes":""},"yoast_head":"<!-- This site is optimized with the Yoast SEO plugin v21.2 - https:\/\/yoast.com\/wordpress\/plugins\/seo\/ -->\n<title>Pol\u00edtica de cookie | Siesa<\/title>\n<meta name=\"description\" content=\"Pol\u00edtica de cookies, SIESA no utiliza cookies propias, as\u00ed como otras tecnolog\u00edas similares, durante la interacci\u00f3n y navegaci\u00f3n en el sitio.\" \/>\n<meta name=\"robots\" content=\"index, follow, max-snippet:-1, max-image-preview:large, max-video-preview:-1\" \/>\n<link rel=\"canonical\" href=\"https:\/\/dev.smk.agency\/siesa\/politica-de-cookies\/\" \/>\n<meta property=\"og:locale\" content=\"es_ES\" \/>\n<meta property=\"og:type\" content=\"article\" \/>\n<meta property=\"og:title\" content=\"Pol\u00edtica de cookie | Siesa\" \/>\n<meta property=\"og:description\" content=\"Pol\u00edtica de cookies, SIESA no utiliza cookies propias, as\u00ed como otras tecnolog\u00edas similares, durante la interacci\u00f3n y navegaci\u00f3n en el sitio.\" \/>\n<meta property=\"og:url\" content=\"https:\/\/dev.smk.agency\/siesa\/politica-de-cookies\/\" \/>\n<meta property=\"og:site_name\" content=\"SIESA\" \/>\n<meta property=\"article:publisher\" content=\"https:\/\/www.facebook.com\/siesaoficial\" \/>\n<meta property=\"article:modified_time\" content=\"2023-11-14T14:01:14+00:00\" \/>\n<meta name=\"twitter:card\" content=\"summary_large_image\" \/>\n<meta name=\"twitter:site\" content=\"@Siesa_Oficial\" \/>\n<meta name=\"twitter:label1\" content=\"Tiempo de lectura\" \/>\n\t<meta name=\"twitter:data1\" content=\"2 minutos\" \/>\n<script type=\"application\/ld+json\" class=\"yoast-schema-graph\">{\"@context\":\"https:\/\/schema.org\",\"@graph\":[{\"@type\":\"WebPage\",\"@id\":\"https:\/\/dev.smk.agency\/siesa\/politica-de-cookies\/\",\"url\":\"https:\/\/dev.smk.agency\/siesa\/politica-de-cookies\/\",\"name\":\"Pol\u00edtica de cookie | Siesa\",\"isPartOf\":{\"@id\":\"https:\/\/dev.smk.agency\/siesa\/#website\"},\"datePublished\":\"2023-05-31T22:36:57+00:00\",\"dateModified\":\"2023-11-14T14:01:14+00:00\",\"description\":\"Pol\u00edtica de cookies, SIESA no utiliza cookies propias, as\u00ed como otras tecnolog\u00edas similares, durante la interacci\u00f3n y navegaci\u00f3n en el sitio.\",\"breadcrumb\":{\"@id\":\"https:\/\/dev.smk.agency\/siesa\/politica-de-cookies\/#breadcrumb\"},\"inLanguage\":\"es\",\"potentialAction\":[{\"@type\":\"ReadAction\",\"target\":[\"https:\/\/dev.smk.agency\/siesa\/politica-de-cookies\/\"]}]},{\"@type\":\"BreadcrumbList\",\"@id\":\"https:\/\/dev.smk.agency\/siesa\/politica-de-cookies\/#breadcrumb\",\"itemListElement\":[{\"@type\":\"ListItem\",\"position\":1,\"name\":\"Portada\",\"item\":\"https:\/\/dev.smk.agency\/siesa\/\"},{\"@type\":\"ListItem\",\"position\":2,\"name\":\"Pol\u00edtica de Cookies\"}]},{\"@type\":\"WebSite\",\"@id\":\"https:\/\/dev.smk.agency\/siesa\/#website\",\"url\":\"https:\/\/dev.smk.agency\/siesa\/\",\"name\":\"SIESA\",\"description\":\"JUNTOS, M\u00c1S SIMPLE\",\"publisher\":{\"@id\":\"https:\/\/dev.smk.agency\/siesa\/#organization\"},\"potentialAction\":[{\"@type\":\"SearchAction\",\"target\":{\"@type\":\"EntryPoint\",\"urlTemplate\":\"https:\/\/dev.smk.agency\/siesa\/?s={search_term_string}\"},\"query-input\":\"required name=search_term_string\"}],\"inLanguage\":\"es\"},{\"@type\":\"Organization\",\"@id\":\"https:\/\/dev.smk.agency\/siesa\/#organization\",\"name\":\"SIESA\",\"url\":\"https:\/\/dev.smk.agency\/siesa\/\",\"logo\":{\"@type\":\"ImageObject\",\"inLanguage\":\"es\",\"@id\":\"https:\/\/dev.smk.agency\/siesa\/#\/schema\/logo\/image\/\",\"url\":\"https:\/\/www.siesa.com\/wp-content\/uploads\/2023\/06\/logo-siesa-peq.png\",\"contentUrl\":\"https:\/\/www.siesa.com\/wp-content\/uploads\/2023\/06\/logo-siesa-peq.png\",\"width\":200,\"height\":50,\"caption\":\"SIESA\"},\"image\":{\"@id\":\"https:\/\/dev.smk.agency\/siesa\/#\/schema\/logo\/image\/\"},\"sameAs\":[\"https:\/\/www.facebook.com\/siesaoficial\",\"https:\/\/twitter.com\/Siesa_Oficial\",\"https:\/\/youtube.com\/user\/siesalizando\",\"https:\/\/www.instagram.com\/siesaoficial\",\"https:\/\/co.linkedin.com\/company\/siesa\"]}]}<\/script>\n<!-- \/ Yoast SEO plugin. -->","yoast_head_json":{"title":"Pol\u00edtica de cookie | Siesa","description":"Pol\u00edtica de cookies, SIESA no utiliza cookies propias, as\u00ed como otras tecnolog\u00edas similares, durante la interacci\u00f3n y navegaci\u00f3n en el sitio.","robots":{"index":"index","follow":"follow","max-snippet":"max-snippet:-1","max-image-preview":"max-image-preview:large","max-video-preview":"max-video-preview:-1"},"canonical":"https:\/\/dev.smk.agency\/siesa\/politica-de-cookies\/","og_locale":"es_ES","og_type":"article","og_title":"Pol\u00edtica de cookie | Siesa","og_description":"Pol\u00edtica de cookies, SIESA no utiliza cookies propias, as\u00ed como otras tecnolog\u00edas similares, durante la interacci\u00f3n y navegaci\u00f3n en el sitio.","og_url":"https:\/\/dev.smk.agency\/siesa\/politica-de-cookies\/","og_site_name":"SIESA","article_publisher":"https:\/\/www.facebook.com\/siesaoficial","article_modified_time":"2023-11-14T14:01:14+00:00","twitter_card":"summary_large_image","twitter_site":"@Siesa_Oficial","twitter_misc":{"Tiempo de lectura":"2 minutos"},"schema":{"@context":"https:\/\/schema.org","@graph":[{"@type":"WebPage","@id":"https:\/\/dev.smk.agency\/siesa\/politica-de-cookies\/","url":"https:\/\/dev.smk.agency\/siesa\/politica-de-cookies\/","name":"Pol\u00edtica de cookie | Siesa","isPartOf":{"@id":"https:\/\/dev.smk.agency\/siesa\/#website"},"datePublished":"2023-05-31T22:36:57+00:00","dateModified":"2023-11-14T14:01:14+00:00","description":"Pol\u00edtica de cookies, SIESA no utiliza cookies propias, as\u00ed como otras tecnolog\u00edas similares, durante la interacci\u00f3n y navegaci\u00f3n en el sitio.","breadcrumb":{"@id":"https:\/\/dev.smk.agency\/siesa\/politica-de-cookies\/#breadcrumb"},"inLanguage":"es","potentialAction":[{"@type":"ReadAction","target":["https:\/\/dev.smk.agency\/siesa\/politica-de-cookies\/"]}]},{"@type":"BreadcrumbList","@id":"https:\/\/dev.smk.agency\/siesa\/politica-de-cookies\/#breadcrumb","itemListElement":[{"@type":"ListItem","position":1,"name":"Portada","item":"https:\/\/dev.smk.agency\/siesa\/"},{"@type":"ListItem","position":2,"name":"Pol\u00edtica de Cookies"}]},{"@type":"WebSite","@id":"https:\/\/dev.smk.agency\/siesa\/#website","url":"https:\/\/dev.smk.agency\/siesa\/","name":"SIESA","description":"JUNTOS, M\u00c1S SIMPLE","publisher":{"@id":"https:\/\/dev.smk.agency\/siesa\/#organization"},"potentialAction":[{"@type":"SearchAction","target":{"@type":"EntryPoint","urlTemplate":"https:\/\/dev.smk.agency\/siesa\/?s={search_term_string}"},"query-input":"required name=search_term_string"}],"inLanguage":"es"},{"@type":"Organization","@id":"https:\/\/dev.smk.agency\/siesa\/#organization","name":"SIESA","url":"https:\/\/dev.smk.agency\/siesa\/","logo":{"@type":"ImageObject","inLanguage":"es","@id":"https:\/\/dev.smk.agency\/siesa\/#\/schema\/logo\/image\/","url":"https:\/\/www.siesa.com\/wp-content\/uploads\/2023\/06\/logo-siesa-peq.png","contentUrl":"https:\/\/www.siesa.com\/wp-content\/uploads\/2023\/06\/logo-siesa-peq.png","width":200,"height":50,"caption":"SIESA"},"image":{"@id":"https:\/\/dev.smk.agency\/siesa\/#\/schema\/logo\/image\/"},"sameAs":["https:\/\/www.facebook.com\/siesaoficial","https:\/\/twitter.com\/Siesa_Oficial","https:\/\/youtube.com\/user\/siesalizando","https:\/\/www.instagram.com\/siesaoficial","https:\/\/co.linkedin.com\/company\/siesa"]}]}},"_links":{"self":[{"href":"https:\/\/dev.smk.agency\/siesa\/wp-json\/wp\/v2\/pages\/8561"}],"collection":[{"href":"https:\/\/dev.smk.agency\/siesa\/wp-json\/wp\/v2\/pages"}],"about":[{"href":"https:\/\/dev.smk.agency\/siesa\/wp-json\/wp\/v2\/types\/page"}],"author":[{"embeddable":true,"href":"https:\/\/dev.smk.agency\/siesa\/wp-json\/wp\/v2\/users\/1"}],"replies":[{"embeddable":true,"href":"https:\/\/dev.smk.agency\/siesa\/wp-json\/wp\/v2\/comments?post=8561"}],"version-history":[{"count":10,"href":"https:\/\/dev.smk.agency\/siesa\/wp-json\/wp\/v2\/pages\/8561\/revisions"}],"predecessor-version":[{"id":9436,"href":"https:\/\/dev.smk.agency\/siesa\/wp-json\/wp\/v2\/pages\/8561\/revisions\/9436"}],"wp:attachment":[{"href":"https:\/\/dev.smk.agency\/siesa\/wp-json\/wp\/v2\/media?parent=8561"}],"curies":[{"name":"wp","href":"https:\/\/api.w.org\/{rel}","templated":true}]}}