{"id":8574,"date":"2023-05-31T22:44:27","date_gmt":"2023-06-01T03:44:27","guid":{"rendered":"https:\/\/www.siesa.com\/?page_id=8574"},"modified":"2023-11-14T09:03:32","modified_gmt":"2023-11-14T14:03:32","slug":"politica-de-seguridad-de-la-informacion","status":"publish","type":"page","link":"https:\/\/dev.smk.agency\/siesa\/politica-de-seguridad-de-la-informacion\/","title":{"rendered":"Pol\u00edtica de Seguridad de la Informaci\u00f3n"},"content":{"rendered":"\t\t<div data-elementor-type=\"wp-page\" data-elementor-id=\"8574\" class=\"elementor elementor-8574\">\n\t\t\t\t\t\t\t\t\t<section class=\"elementor-section elementor-top-section elementor-element elementor-element-8d209c6 elementor-section-full_width elementor-section-stretched elementor-section-height-default elementor-section-height-default\" data-id=\"8d209c6\" data-element_type=\"section\" data-settings=\"{&quot;stretch_section&quot;:&quot;section-stretched&quot;}\">\n\t\t\t\t\t\t<div class=\"elementor-container elementor-column-gap-no\">\n\t\t\t\t\t<div class=\"elementor-column elementor-col-100 elementor-top-column elementor-element elementor-element-40d38d3\" data-id=\"40d38d3\" data-element_type=\"column\">\n\t\t\t<div class=\"elementor-widget-wrap elementor-element-populated\">\n\t\t\t\t\t\t\t\t<div class=\"elementor-element elementor-element-fe9b566 elementor-widget elementor-widget-infotech-slider-two\" data-id=\"fe9b566\" data-element_type=\"widget\" data-widget_type=\"infotech-slider-two.default\">\n\t\t\t\t<div class=\"elementor-widget-container\">\n\t\t\t\t\t<script nowprocket>\n\t\t\tjQuery(document).ready(function($) {\n\t\t\t\t \"use strict\";\n\t\t\t\tfunction mainSlider() {\n\t\t\t        var BasicSlider = $('.slider-active');\n\t\t\t        BasicSlider.on('init', function (e, slick) {\n\t\t\t            var $firstAnimatingElements = $('.single-slider:first-child').find('[data-animation]');\n\t\t\t            doAnimations($firstAnimatingElements);\n\t\t\t        });\n\t\t\t        BasicSlider.on('beforeChange', function (e, slick, currentSlide, nextSlide) {\n\t\t\t            var $animatingElements = $('.single-slider[data-slick-index=\"' + nextSlide + '\"]').find('[data-animation]');\n\t\t\t            doAnimations($animatingElements);\n\t\t\t        });\n\t\t\t        BasicSlider.slick({\n\t\t\t            autoplay: true,\n\t\t\t            autoplaySpeed: 8000,\n\t\t\t            dots: false,\n\t\t\t            fade: true,\n\t\t\t            arrows: true,\n\t\t\t            prevArrow: '<span class=\"prev\"><i class=\"flaticon-left-arrow\"><\/i><\/span>',\n\t\t\t            nextArrow: '<span class=\"next\"><i class=\"flaticon-right-arrow\"><\/i><\/span>',\n\t\t\t            responsive: [\n\t\t\t                {\n\t\t\t                    breakpoint: 767,\n\t\t\t                    settings: {\n\t\t\t                        arrows: false\n\t\t\t                    }\n\t\t\t                }\n\t\t\t            ]\n\t\t\t        });\n\n\t\t\t        function doAnimations(elements) {\n\t\t\t            var animationEndEvents = 'webkitAnimationEnd mozAnimationEnd MSAnimationEnd oanimationend animationend';\n\t\t\t            elements.each(function () {\n\t\t\t                var $this = $(this);\n\t\t\t                var $animationDelay = $this.data('delay');\n\t\t\t                var $animationType = 'animated ' + $this.data('animation');\n\t\t\t                $this.css({\n\t\t\t                    'animation-delay': $animationDelay,\n\t\t\t                    '-webkit-animation-delay': $animationDelay\n\t\t\t                });\n\t\t\t                $this.addClass($animationType).one(animationEndEvents, function () {\n\t\t\t                    $this.removeClass($animationType);\n\t\t\t                });\n\t\t\t            });\n\t\t\t        }\n\t\t\t    }\n\t\t\t    mainSlider();\n\t\t\t});\n\t\t\t<\/script>\n\t\t\t<script nowprocket>\n\t\t\t\tjQuery(document).ready(function($) {\n\t\t\t\t\t \"use strict\";\n\t\t\t\t\t$('.slider-video').magnificPopup({\n\t\t\t\t\t\tdisableOn: 700,\n\t\t\t\t\t\ttype: 'iframe',\n\t\t\t\t\t\tmainClass: 'mfp-fade',\n\t\t\t\t\t\tremovalDelay: 160,\n\t\t\t\t\t\tpreloader: false,\n\n\t\t\t\t\t\tfixedContentPos: false\n\t\t\t\t\t});\n\t\t\t\t});\n\t\t\t<\/script>\n\t\t <div class=\"slider-area slider-active\">\n\t\t\t\n\t        <div class=\"single-slider\">\n\t\t\t    <div class=\"image-layout\">\n                    <div class=\"row\">\n                        <div class=\"bg-left col-xl-4 col-lg-4\"><\/div>\n                        <div class=\"bg-right col-xl-8 col-lg-8\" style=\"background-image:url( https:\/\/dev.smk.agency\/siesa\/wp-content\/uploads\/2023\/05\/bearded-focused-programmer-finding-and-troubleshoo-2021-10-06-22-12-16-utc-e1685573299261.jpg )\"><\/div>\n                    <\/div>\n                <\/div>\n                <div class=\"herfox-slider\">\n                    <div class=\"row\">\n                        <div class=\"bg-shape col-xl-7 col-lg-7\"><\/div>\n                    <\/div>\n                <\/div>\n                <div class=\"container\">\n\t                <div class=\"justify-content-center \">\n\t                    <div class=\"col-lg-10\">\n\t                        <div class=\"slider-content\">\n\t                            <div class=\"sub-title\" data-animation=\"zoomIn\" data-delay=\"0.1s\"><h1>Pol\u00edtica de seguridad de la informaci\u00f3n<\/h1><\/div>\n\t                            <div class=\"slider-dec\" data-animation=\"fadeInRight\" data-delay=\"0.4s\"><\/div>\n\t                            <div class=\"infotech-slider2-btnss\">\n\t\t\t\t\t\t\t\t\t<a class=\"blob-btn\" href=\"\" data-animation=\"fadeInUp\" data-delay=\"0.7s\">Conoce m\u00e1s<i class=\"flaticon-right-arrow\"><\/i>\n\t\t\t\t\t\t\t\t\t\t<span class=\"blob-btn__inner\">\n\t\t\t\t\t\t\t\t\t\t\t<span class=\"blob-btn__blobs\">\n\t\t\t\t\t\t\t\t\t\t\t\t<span class=\"blob-btn__blob\"><\/span>\n\t\t\t\t\t\t\t\t\t\t\t\t<span class=\"blob-btn__blob\"><\/span>\n\t\t\t\t\t\t\t\t\t\t\t\t<span class=\"blob-btn__blob\"><\/span>\n\t\t\t\t\t\t\t\t\t\t\t\t<span class=\"blob-btn__blob\"><\/span>\n\t\t\t\t\t\t\t\t\t\t\t<\/span>\n\t\t\t\t\t\t\t\t\t\t<\/span>\n\t\t\t\t\t\t\t\t\t<\/a>\n\t                            \t \t\t\t\t                    \t<div class=\"slider-video-btn\" data-animation=\"\" data-delay=\"0.9s\">\n\t\t\t\t                        \t<a href=\"\" class=\"slider-video\">\n\t\t\t\t                        \t\t<i class=\"flaticon-play-button-1\"><\/i>\n\t\t\t\t                        \t<\/a>\n\t\t\t\t                        \t\t\t\t\t                        <\/div>\n\t\t\t\t\t                \t                            <\/div>\n\t                        <\/div>\n\t                    <\/div>\n\t                    \t                <\/div>\n\t            <\/div>\n\t        <\/div>\n\t\t\t\t    <\/div>\n\t\t\t\t<\/div>\n\t\t\t\t<\/div>\n\t\t\t\t\t<\/div>\n\t\t<\/div>\n\t\t\t\t\t\t\t<\/div>\n\t\t<\/section>\n\t\t\t\t<section class=\"elementor-section elementor-top-section elementor-element elementor-element-2c32f54 elementor-section-boxed elementor-section-height-default elementor-section-height-default\" data-id=\"2c32f54\" data-element_type=\"section\">\n\t\t\t\t\t\t<div class=\"elementor-container elementor-column-gap-default\">\n\t\t\t\t\t<div class=\"elementor-column elementor-col-100 elementor-top-column elementor-element elementor-element-b12624d animated-slow elementor-invisible\" data-id=\"b12624d\" data-element_type=\"column\" data-settings=\"{&quot;animation&quot;:&quot;fadeInUp&quot;}\">\n\t\t\t<div class=\"elementor-widget-wrap elementor-element-populated\">\n\t\t\t\t\t\t\t\t<div class=\"elementor-element elementor-element-048c3b6 elementor-widget elementor-widget-text-editor\" data-id=\"048c3b6\" data-element_type=\"widget\" data-widget_type=\"text-editor.default\">\n\t\t\t\t<div class=\"elementor-widget-container\">\n\t\t\t<style>\/*! elementor - v3.16.0 - 20-09-2023 *\/\n.elementor-widget-text-editor.elementor-drop-cap-view-stacked .elementor-drop-cap{background-color:#69727d;color:#fff}.elementor-widget-text-editor.elementor-drop-cap-view-framed .elementor-drop-cap{color:#69727d;border:3px solid;background-color:transparent}.elementor-widget-text-editor:not(.elementor-drop-cap-view-default) .elementor-drop-cap{margin-top:8px}.elementor-widget-text-editor:not(.elementor-drop-cap-view-default) .elementor-drop-cap-letter{width:1em;height:1em}.elementor-widget-text-editor .elementor-drop-cap{float:left;text-align:center;line-height:1;font-size:50px}.elementor-widget-text-editor .elementor-drop-cap-letter{display:inline-block}<\/style>\t\t\t\t<p>1. POL\u00cdTICA GENERAL DE LA SEGURIDAD DE LA INFORMACI\u00d3N<\/p><p>Preservar la Confidencialidad, Integridad, y Disponibilidad de la informaci\u00f3n concerniente a las partes interesadas en el servicio de facturaci\u00f3n electr\u00f3nica de SIESA e-Invoicing, mediante la gesti\u00f3n de los riesgos de seguridad de la informaci\u00f3n, buscando siempre el cumplimiento de los requisitos de las partes interesadas, incluyendo los legales y reglamentarios y los aplicables.<br \/>Esta pol\u00edtica es de cumplimiento obligatorio por parte de todo el personal interno, externo y proveedores de la organizaci\u00f3n. Con esta pol\u00edtica, SIESA se compromete con el logro de la mejora continua del Sistema de Gesti\u00f3n de Seguridad de la Informaci\u00f3n.<\/p><p>2. OBJETIVOS DE SEGURIDAD DE LA INFORMACI\u00d3N<\/p><p>Para dar cumplimiento a la Pol\u00edtica General de Seguridad de la Informaci\u00f3n, SIESA establecen los siguientes objetivos de seguridad de la informaci\u00f3n:<\/p><p>\u2022 Gestionar los riesgos de seguridad de la informaci\u00f3n, pertinentes a las partes interesadas en SIESA e-invoicing, a trav\u00e9s de la implementaci\u00f3n de las opciones de tratamiento y los controles aplicables.<br \/>\u2022 Gestionar los incidentes que afecten la confidencialidad, integridad y disponibilidad de la informaci\u00f3n mediante la aplicaci\u00f3n de los procedimientos establecidos.<br \/>\u2022 Mejorar el desempe\u00f1o del Sistema de Gesti\u00f3n de Seguridad de la Informaci\u00f3n por medio del mejoramiento del nivel de madurez de los controles existentes y los nuevos que se deban implementar, optimizando los recursos para mostrar la evoluci\u00f3n de cada uno de los controles de seguridad de la informaci\u00f3n.<br \/>\u2022 Propiciar la cultura de seguridad de la informaci\u00f3n a trav\u00e9s de la formaci\u00f3n y la toma de conciencia de acuerdo a los planes establecidos.<br \/>\u2022 Mantener la infraestructura tecnol\u00f3gica adecuada, que permita asegurar la confidencialidad, integridad y disponibilidad de la informaci\u00f3n por medio de la identificaci\u00f3n de mejoras, correcciones, monitoreo y seguimiento de los activos de informaci\u00f3n.<\/p><p>3. CONTROL DE CAMBIOS<\/p><table><tbody><tr><td width=\"175\"><p><strong>FECHA DE<\/strong><\/p><p><strong>ACTUALIZACI\u00d3N<\/strong><\/p><\/td><td width=\"117\"><p><strong>VERSI\u00d3N<\/strong><\/p><\/td><td width=\"361\"><p><strong>DESCRIPCI\u00d3N DEL CAMBIO<\/strong><\/p><\/td><\/tr><tr><td width=\"175\"><p>02\/01\/2020<\/p><\/td><td width=\"117\"><p>01<\/p><\/td><td width=\"361\"><p>Creaci\u00f3n del documento<\/p><\/td><\/tr><tr><td width=\"175\"><p>18\/09\/2020<\/p><\/td><td width=\"117\"><p>02<\/p><\/td><td width=\"361\"><p>Se incluye la correcci\u00f3n a las fallas en los objetivos.<\/p><\/td><\/tr><tr><td width=\"175\"><p>26\/03\/2021<\/p><\/td><td width=\"117\"><p>03<\/p><\/td><td width=\"361\"><p>Se revisa la pol\u00edtica, ortograf\u00eda y Gram\u00e1tica.<\/p><p>Se cambia el cargo de quien actualiza el documento.<\/p><\/td><\/tr><tr><td width=\"175\"><p><strong>\u00a0<\/strong><\/p><p>25\/06\/2021<\/p><\/td><td width=\"117\"><p><strong>\u00a0<\/strong><\/p><p>04<\/p><\/td><td width=\"361\"><p>Se cambia los cargos que hacen la gesti\u00f3n de actualizaci\u00f3n, revisi\u00f3n y aprobaci\u00f3n, retirando los<\/p><p>nombres y dejando solo cargos.<\/p><\/td><\/tr><tr><td width=\"175\"><p><strong>\u00a0<\/strong><\/p><p>03\/06\/2022<\/p><\/td><td width=\"117\"><p><strong>\u00a0<\/strong><\/p><p>05<\/p><\/td><td width=\"361\"><p>\u00b7 Cambio de Formato<\/p><p>\u00b7 Actualizaci\u00f3n de la cl\u00e1usula de confidencialidad de la pol\u00edtica.<\/p><p>\u00b7 Mejoramiento en la redacci\u00f3n de los objetivos 2,3,4, y 5..<\/p><\/td><\/tr><tr><td width=\"175\"><p><strong>\u00a0<\/strong><\/p><p><strong>\u00a0<\/strong><\/p><p>13\/06\/2023<\/p><\/td><td width=\"117\"><p><strong>\u00a0<\/strong><\/p><p><strong>\u00a0<\/strong><\/p><p>06<\/p><\/td><td width=\"361\"><p>\u00b7 Cambio de Logo y Colores Institucionales<\/p><p>\u00b7 Se elimina la clausula de Confidencialidad dado que es un documento clasificado como Publico, no es necesaria.<\/p><p>\u00b7 Cambio del Cargo de quien revisa, quedando el cargo del Director de BI-Mireya Botero.<\/p><\/td><\/tr><\/tbody><\/table>\t\t\t\t\t\t<\/div>\n\t\t\t\t<\/div>\n\t\t\t\t\t<\/div>\n\t\t<\/div>\n\t\t\t\t\t\t\t<\/div>\n\t\t<\/section>\n\t\t\t\t\t\t\t<\/div>\n\t\t","protected":false},"excerpt":{"rendered":"<p>Pol\u00edtica de seguridad de la informaci\u00f3n Conoce m\u00e1s 1. POL\u00cdTICA GENERAL DE LA SEGURIDAD DE LA INFORMACI\u00d3N Preservar la Confidencialidad, Integridad, y Disponibilidad de la informaci\u00f3n concerniente a las partes interesadas en el servicio de facturaci\u00f3n electr\u00f3nica de SIESA e-Invoicing, mediante la gesti\u00f3n de los riesgos de seguridad de la informaci\u00f3n, buscando siempre el cumplimiento [&hellip;]<\/p>\n","protected":false},"author":1,"featured_media":0,"parent":0,"menu_order":0,"comment_status":"closed","ping_status":"closed","template":"home-template.php","meta":{"footnotes":""},"yoast_head":"<!-- This site is optimized with the Yoast SEO plugin v21.2 - https:\/\/yoast.com\/wordpress\/plugins\/seo\/ -->\n<title>Pol\u00edtica de seguridad de la informacion | Siesa<\/title>\n<meta name=\"description\" content=\"Conoce nuestra pol\u00edtica de seguridad de la informacion. Esta pol\u00edtica es de cumplimiento obligatorio por parte de todo el personal\" \/>\n<meta name=\"robots\" content=\"index, follow, max-snippet:-1, max-image-preview:large, max-video-preview:-1\" \/>\n<link rel=\"canonical\" href=\"https:\/\/dev.smk.agency\/siesa\/politica-de-seguridad-de-la-informacion\/\" \/>\n<meta property=\"og:locale\" content=\"es_ES\" \/>\n<meta property=\"og:type\" content=\"article\" \/>\n<meta property=\"og:title\" content=\"Pol\u00edtica de seguridad de la informacion | Siesa\" \/>\n<meta property=\"og:description\" content=\"Conoce nuestra pol\u00edtica de seguridad de la informacion. Esta pol\u00edtica es de cumplimiento obligatorio por parte de todo el personal\" \/>\n<meta property=\"og:url\" content=\"https:\/\/dev.smk.agency\/siesa\/politica-de-seguridad-de-la-informacion\/\" \/>\n<meta property=\"og:site_name\" content=\"SIESA\" \/>\n<meta property=\"article:publisher\" content=\"https:\/\/www.facebook.com\/siesaoficial\" \/>\n<meta property=\"article:modified_time\" content=\"2023-11-14T14:03:32+00:00\" \/>\n<meta name=\"twitter:card\" content=\"summary_large_image\" \/>\n<meta name=\"twitter:site\" content=\"@Siesa_Oficial\" \/>\n<meta name=\"twitter:label1\" content=\"Tiempo de lectura\" \/>\n\t<meta name=\"twitter:data1\" content=\"3 minutos\" \/>\n<script type=\"application\/ld+json\" class=\"yoast-schema-graph\">{\"@context\":\"https:\/\/schema.org\",\"@graph\":[{\"@type\":\"WebPage\",\"@id\":\"https:\/\/dev.smk.agency\/siesa\/politica-de-seguridad-de-la-informacion\/\",\"url\":\"https:\/\/dev.smk.agency\/siesa\/politica-de-seguridad-de-la-informacion\/\",\"name\":\"Pol\u00edtica de seguridad de la informacion | Siesa\",\"isPartOf\":{\"@id\":\"https:\/\/dev.smk.agency\/siesa\/#website\"},\"datePublished\":\"2023-06-01T03:44:27+00:00\",\"dateModified\":\"2023-11-14T14:03:32+00:00\",\"description\":\"Conoce nuestra pol\u00edtica de seguridad de la informacion. Esta pol\u00edtica es de cumplimiento obligatorio por parte de todo el personal\",\"breadcrumb\":{\"@id\":\"https:\/\/dev.smk.agency\/siesa\/politica-de-seguridad-de-la-informacion\/#breadcrumb\"},\"inLanguage\":\"es\",\"potentialAction\":[{\"@type\":\"ReadAction\",\"target\":[\"https:\/\/dev.smk.agency\/siesa\/politica-de-seguridad-de-la-informacion\/\"]}]},{\"@type\":\"BreadcrumbList\",\"@id\":\"https:\/\/dev.smk.agency\/siesa\/politica-de-seguridad-de-la-informacion\/#breadcrumb\",\"itemListElement\":[{\"@type\":\"ListItem\",\"position\":1,\"name\":\"Portada\",\"item\":\"https:\/\/dev.smk.agency\/siesa\/\"},{\"@type\":\"ListItem\",\"position\":2,\"name\":\"Pol\u00edtica de Seguridad de la Informaci\u00f3n\"}]},{\"@type\":\"WebSite\",\"@id\":\"https:\/\/dev.smk.agency\/siesa\/#website\",\"url\":\"https:\/\/dev.smk.agency\/siesa\/\",\"name\":\"SIESA\",\"description\":\"JUNTOS, M\u00c1S SIMPLE\",\"publisher\":{\"@id\":\"https:\/\/dev.smk.agency\/siesa\/#organization\"},\"potentialAction\":[{\"@type\":\"SearchAction\",\"target\":{\"@type\":\"EntryPoint\",\"urlTemplate\":\"https:\/\/dev.smk.agency\/siesa\/?s={search_term_string}\"},\"query-input\":\"required name=search_term_string\"}],\"inLanguage\":\"es\"},{\"@type\":\"Organization\",\"@id\":\"https:\/\/dev.smk.agency\/siesa\/#organization\",\"name\":\"SIESA\",\"url\":\"https:\/\/dev.smk.agency\/siesa\/\",\"logo\":{\"@type\":\"ImageObject\",\"inLanguage\":\"es\",\"@id\":\"https:\/\/dev.smk.agency\/siesa\/#\/schema\/logo\/image\/\",\"url\":\"https:\/\/www.siesa.com\/wp-content\/uploads\/2023\/06\/logo-siesa-peq.png\",\"contentUrl\":\"https:\/\/www.siesa.com\/wp-content\/uploads\/2023\/06\/logo-siesa-peq.png\",\"width\":200,\"height\":50,\"caption\":\"SIESA\"},\"image\":{\"@id\":\"https:\/\/dev.smk.agency\/siesa\/#\/schema\/logo\/image\/\"},\"sameAs\":[\"https:\/\/www.facebook.com\/siesaoficial\",\"https:\/\/twitter.com\/Siesa_Oficial\",\"https:\/\/youtube.com\/user\/siesalizando\",\"https:\/\/www.instagram.com\/siesaoficial\",\"https:\/\/co.linkedin.com\/company\/siesa\"]}]}<\/script>\n<!-- \/ Yoast SEO plugin. -->","yoast_head_json":{"title":"Pol\u00edtica de seguridad de la informacion | Siesa","description":"Conoce nuestra pol\u00edtica de seguridad de la informacion. Esta pol\u00edtica es de cumplimiento obligatorio por parte de todo el personal","robots":{"index":"index","follow":"follow","max-snippet":"max-snippet:-1","max-image-preview":"max-image-preview:large","max-video-preview":"max-video-preview:-1"},"canonical":"https:\/\/dev.smk.agency\/siesa\/politica-de-seguridad-de-la-informacion\/","og_locale":"es_ES","og_type":"article","og_title":"Pol\u00edtica de seguridad de la informacion | Siesa","og_description":"Conoce nuestra pol\u00edtica de seguridad de la informacion. Esta pol\u00edtica es de cumplimiento obligatorio por parte de todo el personal","og_url":"https:\/\/dev.smk.agency\/siesa\/politica-de-seguridad-de-la-informacion\/","og_site_name":"SIESA","article_publisher":"https:\/\/www.facebook.com\/siesaoficial","article_modified_time":"2023-11-14T14:03:32+00:00","twitter_card":"summary_large_image","twitter_site":"@Siesa_Oficial","twitter_misc":{"Tiempo de lectura":"3 minutos"},"schema":{"@context":"https:\/\/schema.org","@graph":[{"@type":"WebPage","@id":"https:\/\/dev.smk.agency\/siesa\/politica-de-seguridad-de-la-informacion\/","url":"https:\/\/dev.smk.agency\/siesa\/politica-de-seguridad-de-la-informacion\/","name":"Pol\u00edtica de seguridad de la informacion | Siesa","isPartOf":{"@id":"https:\/\/dev.smk.agency\/siesa\/#website"},"datePublished":"2023-06-01T03:44:27+00:00","dateModified":"2023-11-14T14:03:32+00:00","description":"Conoce nuestra pol\u00edtica de seguridad de la informacion. Esta pol\u00edtica es de cumplimiento obligatorio por parte de todo el personal","breadcrumb":{"@id":"https:\/\/dev.smk.agency\/siesa\/politica-de-seguridad-de-la-informacion\/#breadcrumb"},"inLanguage":"es","potentialAction":[{"@type":"ReadAction","target":["https:\/\/dev.smk.agency\/siesa\/politica-de-seguridad-de-la-informacion\/"]}]},{"@type":"BreadcrumbList","@id":"https:\/\/dev.smk.agency\/siesa\/politica-de-seguridad-de-la-informacion\/#breadcrumb","itemListElement":[{"@type":"ListItem","position":1,"name":"Portada","item":"https:\/\/dev.smk.agency\/siesa\/"},{"@type":"ListItem","position":2,"name":"Pol\u00edtica de Seguridad de la Informaci\u00f3n"}]},{"@type":"WebSite","@id":"https:\/\/dev.smk.agency\/siesa\/#website","url":"https:\/\/dev.smk.agency\/siesa\/","name":"SIESA","description":"JUNTOS, M\u00c1S SIMPLE","publisher":{"@id":"https:\/\/dev.smk.agency\/siesa\/#organization"},"potentialAction":[{"@type":"SearchAction","target":{"@type":"EntryPoint","urlTemplate":"https:\/\/dev.smk.agency\/siesa\/?s={search_term_string}"},"query-input":"required name=search_term_string"}],"inLanguage":"es"},{"@type":"Organization","@id":"https:\/\/dev.smk.agency\/siesa\/#organization","name":"SIESA","url":"https:\/\/dev.smk.agency\/siesa\/","logo":{"@type":"ImageObject","inLanguage":"es","@id":"https:\/\/dev.smk.agency\/siesa\/#\/schema\/logo\/image\/","url":"https:\/\/www.siesa.com\/wp-content\/uploads\/2023\/06\/logo-siesa-peq.png","contentUrl":"https:\/\/www.siesa.com\/wp-content\/uploads\/2023\/06\/logo-siesa-peq.png","width":200,"height":50,"caption":"SIESA"},"image":{"@id":"https:\/\/dev.smk.agency\/siesa\/#\/schema\/logo\/image\/"},"sameAs":["https:\/\/www.facebook.com\/siesaoficial","https:\/\/twitter.com\/Siesa_Oficial","https:\/\/youtube.com\/user\/siesalizando","https:\/\/www.instagram.com\/siesaoficial","https:\/\/co.linkedin.com\/company\/siesa"]}]}},"_links":{"self":[{"href":"https:\/\/dev.smk.agency\/siesa\/wp-json\/wp\/v2\/pages\/8574"}],"collection":[{"href":"https:\/\/dev.smk.agency\/siesa\/wp-json\/wp\/v2\/pages"}],"about":[{"href":"https:\/\/dev.smk.agency\/siesa\/wp-json\/wp\/v2\/types\/page"}],"author":[{"embeddable":true,"href":"https:\/\/dev.smk.agency\/siesa\/wp-json\/wp\/v2\/users\/1"}],"replies":[{"embeddable":true,"href":"https:\/\/dev.smk.agency\/siesa\/wp-json\/wp\/v2\/comments?post=8574"}],"version-history":[{"count":17,"href":"https:\/\/dev.smk.agency\/siesa\/wp-json\/wp\/v2\/pages\/8574\/revisions"}],"predecessor-version":[{"id":9823,"href":"https:\/\/dev.smk.agency\/siesa\/wp-json\/wp\/v2\/pages\/8574\/revisions\/9823"}],"wp:attachment":[{"href":"https:\/\/dev.smk.agency\/siesa\/wp-json\/wp\/v2\/media?parent=8574"}],"curies":[{"name":"wp","href":"https:\/\/api.w.org\/{rel}","templated":true}]}}